{"id":7986,"date":"2021-11-13T10:07:08","date_gmt":"2021-11-13T10:07:08","guid":{"rendered":"http:\/\/www.trustimia.com\/company-setup-in-finland\/"},"modified":"2022-12-06T04:35:21","modified_gmt":"2022-12-06T04:35:21","slug":"yrityksen-perustaminen-suomi","status":"publish","type":"page","link":"https:\/\/www.trustimia.com\/et\/yrityksen-perustaminen-suomi\/","title":{"rendered":"Yrityksen perustaminen Suomi"},"content":{"rendered":"<div class=\"wpb-content-wrapper\"><p>[vc_row full_width=&#8221;stretch_row&#8221; kd_image_overlay_color=&#8221;rgba(10,10,10,0.3)&#8221; kd_fixed_background=&#8221;true&#8221; kd_image_overlay=&#8221;true&#8221; css=&#8221;.vc_custom_1637008771035{padding-top: 325px !important;padding-bottom: 30px !important;background-image: url(http:\/\/www.trustimia.com\/wp-content\/uploads\/2021\/11\/Trustimia-1.jpg?id=8393) !important;background-position: center !important;background-repeat: no-repeat !important;background-size: cover !important;}&#8221;][vc_column css=&#8221;.vc_custom_1516115464846{padding-left: 0px !important;}&#8221;][vc_row_inner][vc_column_inner width=&#8221;2\/3&#8243;][vc_custom_heading text=&#8221;Yrityksen perustaminen Suomi&#8221; font_container=&#8221;tag:h2|font_size:40px|text_align:left|color:%23ffffff&#8221; use_theme_fonts=&#8221;yes&#8221; css_animation=&#8221;fadeIn&#8221; css=&#8221;.vc_custom_1664906641810{margin-top: 10px !important;margin-bottom: 30px !important;}&#8221;][\/vc_column_inner][vc_column_inner width=&#8221;1\/3&#8243; css=&#8221;.vc_custom_1556031720200{padding-top: 40px !important;}&#8221; offset=&#8221;vc_hidden-sm vc_hidden-xs&#8221;][\/vc_column_inner][\/vc_row_inner][\/vc_column][\/vc_row][vc_row css=&#8221;.vc_custom_1636825724011{border-bottom-width: 1px !important;padding-right: 0px !important;padding-bottom: 40px !important;padding-left: 0px !important;background-color: #ffffff !important;border-bottom-color: #eaeaea !important;}&#8221;][vc_column css=&#8221;.vc_custom_1544542885714{margin-top: -60px !important;}&#8221;][vc_row_inner][vc_column_inner offset=&#8221;vc_hidden-lg vc_hidden-md&#8221;][vc_empty_space height=&#8221;10px&#8221;][\/vc_column_inner][\/vc_row_inner][\/vc_column][vc_column el_class=&#8221;services-first&#8221;][vc_row_inner][vc_column_inner]<header class=\"kd-section-title col-lg-12 text-center    \" ><h2 class=\"separator_off\" >Maailmanluokan teknologia osaaminen, ammattitaitoinen ty\u00f6voima ja erinomaiset T &amp; K-mahdollisuudet ovat vain muutamia syit\u00e4 aloittaa liiketoiminta Suomessa.<\/h2><\/header>[vc_column_text]Suomi tarjoaa liiketoimintaymp\u00e4rist\u00f6n, jossa on ainutlaatuinen vakaus, jatkuvuus ja ennustettavuus. Suomen kehittyneen ja toimivan yhteiskunnan tukipilareita ovat l\u00e4pin\u00e4kyv\u00e4 demokratia ja toimivat valtion instituutiot, riippumaton oikeusj\u00e4rjestelm\u00e4 ja oikeusvaltion kunnioittaminen.<\/p>\n<p>Suomen liiketoimintaymp\u00e4rist\u00f6 on hyvin kansainv\u00e4linen ja houkutteleva ulkomaisille sijoituksille, ja se tarjoaa kasvupotentiaalia ja liiketoimintamahdollisuuksia monilla eri toimialoilla.[\/vc_column_text][\/vc_column_inner][\/vc_row_inner][\/vc_column][\/vc_row][vc_row el_class=&#8221;detail-content&#8221;][vc_column][vc_row_inner][vc_column_inner][vc_column_text]<\/p>\n<h3>Yrityksen perustaminen Suomeen<\/h3>\n<p><span class=\"border-left\">Autamme yrityksen perustamisessa Suomeen. Teemme puolestasi tarvittavat sopimukset, sek\u00e4 autamme vakuutuksien ja rahoituksen hakemisessa. Kartoitamme my\u00f6s tarvittavat taloushallinto- sek\u00e4 muut palvelut.<\/span><\/p>\n<p><span class=\"border-left\">Suomessa suosituin yhti\u00f6muoto on osakeyhti\u00f6 (Oy). Osakeyhti\u00f6n hyvi\u00e4 puolia on, ett\u00e4 henkil\u00f6kohtainen vastuu puuttuu: yritt\u00e4j\u00e4 ei ole henkil\u00f6kohtaisesti vastuussa esimerkiksi osakeyhti\u00f6n veloista, ellei h\u00e4n ole taannut niit\u00e4 omaisuudellaan. Osakeyhti\u00f6n voi perustaa my\u00f6s yksi henkil\u00f6, tosin t\u00e4ll\u00f6in tarvitaan aina my\u00f6s varaj\u00e4sen hallitukseen. Jos osakkaita on useampia, jokainen on kuitenkin vastuussa vain omien sijoitustensa verran.<\/span><\/p>\n<p><span class=\"border-left\">Suomalaisen yhti\u00f6n perustaminen voidaan toteuttaa Helsingin-toimistollamme tai et\u00e4n\u00e4 meille my\u00f6nnetyn valtakirjan (Power Of Attorney [PoA]) avulla. Valmistelemme asiakirjat kokonaisuudessaan ja l\u00e4het\u00e4mme kaikki hakemukset puolestasi \u2013 tarvitsemme sinulta vain perustiedot asiakirjojen t\u00e4ytt\u00e4mist\u00e4 ja l\u00e4hett\u00e4mist\u00e4 varten. Kun kaupparekisteri on k\u00e4sitellyt kaikki muutokset, v\u00e4lit\u00e4mme sinulle kaikki yhti\u00f6n perustamisasiakirjat. Kaupparekisterin tietokannan p\u00e4ivitt\u00e4minen uusien hallituksen j\u00e4senten ja yhti\u00f6tietojen mukaiseksi vie yleens\u00e4 5\u201315 ty\u00f6p\u00e4iv\u00e4\u00e4.<\/span>[\/vc_column_text][\/vc_column_inner][\/vc_row_inner][vc_row_inner][vc_column_inner el_class=&#8221;services-half&#8221;][vc_column_text]<\/p>\n<h3>Vaatimukset suomalaisen osakeyhti\u00f6n (Oy) perustamiselle<\/h3>\n<ul class=\"font_8 color_15\">\n<li>\n<p class=\"font_8\"><span class=\"color_15\">Yrityksell\u00e4 tulee olla v\u00e4hint\u00e4\u00e4n 1 omistaja<\/span><\/p>\n<\/li>\n<li>\n<p class=\"font_8\"><span class=\"color_15\">Yrityksell\u00e4tulee olla v\u00e4hint\u00e4\u00e4n 1 johtaja<\/span><\/p>\n<\/li>\n<li>\n<p class=\"font_8\"><span class=\"color_15\">(tulee olla hallituksessa varaj\u00e4sen)<\/span><\/p>\n<\/li>\n<li>\n<p class=\"font_8\"><span class=\"color_15\">Johtaja ja omistaja voivat olla sama henkil\u00f6 eik\u00e4 henkil\u00f6n asuinmaalle ole rajoitteita<\/span><\/p>\n<\/li>\n<li>\n<p class=\"font_8\"><span class=\"color_15\">Yrityksell\u00e4tulee olla rekister\u00f6intiosoite Suomessa<\/span><\/p>\n<\/li>\n<li>\n<p class=\"font_8\"><span class=\"color_15\">Yrityksell\u00e4 ei ole v\u00e4himm\u00e4isosakep\u00e4\u00e4omaa, suosittelemme maksamaan osakep\u00e4\u00e4oman (2500\u20ac) ensimm\u00e4isen tilikauden aikana.<\/span><\/p>\n<\/li>\n<\/ul>\n<p>[\/vc_column_text][vc_column_text]<\/p>\n<h3>Teht\u00e4v\u00e4t yrityksen perustamisessa Suomeen<\/h3>\n<ul class=\"font_8 color_15\">\n<li>\n<p class=\"font_8\"><span class=\"color_15\">Yrityksen nimen valitseminen (Suomen kaupparekisteri) tai tiedot valmiiksi perustetuista yhti\u00f6ist\u00e4<\/span><\/p>\n<\/li>\n<li>\n<p class=\"font_8\"><span class=\"color_15\">Perustamisasiakirjojen valmistaminen<\/span><\/p>\n<\/li>\n<li>\n<p class=\"font_8\"><span class=\"color_15\">Perustaminen ns. et\u00e4n\u00e4 ja siihen liittyv\u00e4t palvelut EU-kansalaisille. Valtakirjojen valmistaminen ja l\u00e4hett\u00e4minen yrityksen perustajille tarvittaessa.<\/span><\/p>\n<\/li>\n<li>\n<p class=\"font_8\"><span class=\"color_15\">Yhti\u00f6j\u00e4rjestyksen ja muiden tarvittavien omistajien v\u00e4listen sopimusten valmistelu<\/span><\/p>\n<\/li>\n<li>\n<p class=\"font_8\"><span class=\"color_15\">Yrityksen perustaminen<\/span><\/p>\n<\/li>\n<li>\n<p class=\"font_8\"><span class=\"color_15\">Pankkitilin avaaminen yhti\u00f6lle (onnistuu my\u00f6s et\u00e4n\u00e4). Pankkitili aktivoidaan kun yhti\u00f6 on rekister\u00f6ity Suomen kaupparekisteriin.<\/span><\/p>\n<\/li>\n<li>\n<p class=\"font_8\"><span class=\"color_15\">Perustamisasiakirjojen ja todistuksen maksetusta osakep\u00e4\u00e4omasta toimittaminen Suomen patentti- ja rekisterihallitukselle<\/span><\/p>\n<\/li>\n<li>\n<p class=\"font_8\"><span class=\"color_15\">Perustamisasiakirjojen toimitus<\/span><\/p>\n<\/li>\n<\/ul>\n<p>[\/vc_column_text][vc_column_text]Kauttamme voit perustaa yrityksen joko et\u00e4n\u00e4 tai toimistollamme. Tarjoamme my\u00f6s postiosoite-, kirjanpito- ja verokonsultointipalveluita.<\/p>\n<h4>Tilintarkastuslaissa pienimm\u00e4t yhteis\u00f6t on vapautettu tilintarkastusvelvollisuudesta. Tilintarkastaja voidaan j\u00e4tt\u00e4\u00e4 valitsematta yhteis\u00f6ss\u00e4, jos sek\u00e4 p\u00e4\u00e4ttyneell\u00e4 ett\u00e4 sit\u00e4 v\u00e4litt\u00f6m\u00e4sti edelt\u00e4neell\u00e4 tilikaudella on t\u00e4yttynyt enint\u00e4\u00e4n yksi seuraavista edellytyksist\u00e4:<\/h4>\n<ul class=\"font_8\">\n<li>\n<p class=\"font_8\">taseen loppusumma ylitt\u00e4\u00e4 100 000 euroa<\/p>\n<\/li>\n<li>\n<p class=\"font_8\">liikevaihto tai sit\u00e4 vastaava tuotto ylitt\u00e4\u00e4 200 000 euroa<\/p>\n<\/li>\n<li>\n<p class=\"font_8\">palveluksessa on keskim\u00e4\u00e4rin yli kolme henkil\u00f6\u00e4<\/p>\n<\/li>\n<\/ul>\n<p class=\"font_8\"><span class=\"wixGuard\">\u200b<\/span><\/p>\n<p>[\/vc_column_text][\/vc_column_inner][\/vc_row_inner][vc_row_inner][vc_column_inner width=&#8221;1\/2&#8243;][vc_column_text]<\/p>\n<h3>Peruspalvelut<\/h3>\n<ul class=\"font_8\">\n<li>\n<p class=\"font_8\">Yrityksen perustaminen Suomeen alk. 770 \u20ac<\/p>\n<\/li>\n<li>\n<p class=\"font_8\">Rekister\u00f6intiosoite+postipalvelu: 350\u20ac \/ 12 kk<\/p>\n<\/li>\n<li>\n<p class=\"font_8\">Postiosoitepalvelu 150\u20ac \/ 12 kk<\/p>\n<\/li>\n<li>\n<p class=\"font_8\">Sihteeripalvelut, puhelin ja vastaajapalvelut 70\u20ac \/ tunti<\/p>\n<\/li>\n<li>\n<p class=\"font_8\">Rekister\u00f6inti ALV-rekisteriin: 380 \u20ac<\/p>\n<\/li>\n<li>\n<p class=\"font_8\">Kirjanpitopaketti alk. 75\u20ac \/ kk<\/p>\n<\/li>\n<li>\n<p class=\"font_8\">Taloushallinnonty\u00f6t 70\u20ac \/ tunti<\/p>\n<\/li>\n<li>\n<p class=\"font_8\">Pankkitilin avauksessa avustaminen alk. 100\u20ac<\/p>\n<\/li>\n<\/ul>\n<p>[\/vc_column_text][\/vc_column_inner][vc_column_inner width=&#8221;1\/2&#8243;][vc_column_text]<\/p>\n<h3>Muut yrityspalvelut<\/h3>\n<ul class=\"font_8\">\n<li>\n<p class=\"font_8\">Kaupparekisterimuutokset<\/p>\n<\/li>\n<li>\n<p class=\"font_8\">Vaadittujen asiakirjojen laatiminen ja toimittaminen sek\u00e4 tarvittaessa notarisointi<\/p>\n<\/li>\n<li>\n<p class=\"font_8\">Konsultointi ja neuvonta suomalaisen yhti\u00f6n perustamisesta<\/p>\n<\/li>\n<li>\n<p class=\"font_8\">Sopimukset<\/p>\n<\/li>\n<li>\n<p class=\"font_8\">Markkinointi- ja liiketoimintasuunnitelmat<\/p>\n<\/li>\n<\/ul>\n<p>[\/vc_column_text][\/vc_column_inner][\/vc_row_inner][vc_row_inner][vc_column_inner][vc_column_text]<\/p>\n<h4>Kauttamme saat kaiken tarvittavan avun Suomessa niin yrityksen perustamisessa kuin taloushallinnon palveluissa. Suosittelemme konsultaatiota ennen yrityksen rekister\u00f6inti\u00e4. Ota yhteytt\u00e4 ja kysy lis\u00e4tietoja palveluistamme.<\/h4>\n<p>[\/vc_column_text][\/vc_column_inner][\/vc_row_inner][\/vc_column][\/vc_row][vc_row full_width=&#8221;stretch_row&#8221; css=&#8221;.vc_custom_1555681184211{background-color: #f5f5f5 !important;}&#8221;][vc_column][vc_row_inner css=&#8221;.vc_custom_1536243977243{padding-top: 100px !important;}&#8221;][vc_column_inner el_class=&#8221;button-top&#8221; offset=&#8221;vc_hidden-xs&#8221;]<header class=\"kd-section-title col-lg-12 text-center  kd-animated fadeIn  \" data-animation-delay=200><h2 class=\"separator_off\" >Oletko valmis aloittamaan? Ota meihin yhteytt\u00e4!<\/h2><h6 class=\"subtitle \" >Mik\u00e4li haluat kuulla lis\u00e4\u00e4 palveluistamme, niin olethan yhteydess\u00e4 meihin.<\/h6><\/header>[\/vc_column_inner][\/vc_row_inner][vc_row_inner css=&#8221;.vc_custom_1536243815259{padding-bottom: 100px !important;}&#8221;][vc_column_inner css=&#8221;.vc_custom_1536243836394{padding-right: 10px !important;}&#8221;]<a  href=\"http:\/\/www.trustimia.com\/fi\/ota-yhteytta\/\"  target=\"_self\"  title=\"Ota yhteytt\u00e4\" class=\"tt_button tt_primary_button btn_primary_color  button-center button-action-link  kd-animated zoomIn\" data-animation-delay=200><span class=\"prim_text\">Ota yhteytt\u00e4<\/span><\/a>[\/vc_column_inner][\/vc_row_inner][\/vc_column][\/vc_row]<\/p>\n<\/div>","protected":false},"excerpt":{"rendered":"<p>[vc_row full_width=&#8221;stretch_row&#8221; kd_image_overlay_color=&#8221;rgba(10,10,10,0.3)&#8221; kd_fixed_background=&#8221;true&#8221; kd_image_overlay=&#8221;true&#8221; css=&#8221;.vc_custom_1637008771035{padding-top: 325px !important;padding-bottom: 30px !important;background-image: url(http:\/\/www.trustimia.com\/wp-content\/uploads\/2021\/11\/Trustimia-1.jpg?id=8393) !important;background-position: center !important;background-repeat: no-repeat !important;background-size: cover !important;}&#8221;][vc_column css=&#8221;.vc_custom_1516115464846{padding-left: 0px [&hellip;]<\/p>\n","protected":false},"author":5,"featured_media":0,"parent":0,"menu_order":0,"comment_status":"closed","ping_status":"closed","template":"","meta":{"content-type":"","inline_featured_image":false,"footnotes":""},"class_list":["post-7986","page","type-page","status-publish","hentry"],"yoast_head":"<!-- This site is optimized with the Yoast SEO Premium plugin v25.9 (Yoast SEO v25.9) - https:\/\/yoast.com\/wordpress\/plugins\/seo\/ -->\n<title>Yrityksen perustaminen Suomi | Trustimia<\/title>\n<meta name=\"description\" content=\"Avustamme yhti\u00f6n perustamisessa Suomeen. Teemme puolestasi tarvittavat sopimukset, sek\u00e4 autamme vakuutuksien ja rahoituksen hakemisessa. Kartoitamme my\u00f6s tarvittavat taloushallinto- sek\u00e4 muut palvelut.\" \/>\n<meta name=\"robots\" content=\"index, follow, max-snippet:-1, max-image-preview:large, max-video-preview:-1\" \/>\n<link rel=\"canonical\" href=\"https:\/\/www.trustimia.com\/company-setup-in-finland\/\" \/>\n<meta property=\"og:locale\" content=\"et_EE\" \/>\n<meta property=\"og:type\" content=\"article\" \/>\n<meta property=\"og:title\" content=\"Yrityksen perustaminen Suomi\" \/>\n<meta property=\"og:description\" content=\"Avustamme yhti\u00f6n perustamisessa Suomeen. Teemme puolestasi tarvittavat sopimukset, sek\u00e4 autamme vakuutuksien ja rahoituksen hakemisessa. Kartoitamme my\u00f6s tarvittavat taloushallinto- sek\u00e4 muut palvelut.\" \/>\n<meta property=\"og:url\" content=\"https:\/\/www.trustimia.com\/company-setup-in-finland\/\" \/>\n<meta property=\"og:site_name\" content=\"Trustimia\" \/>\n<meta property=\"article:publisher\" content=\"https:\/\/www.facebook.com\/trustimia\" \/>\n<meta property=\"article:modified_time\" content=\"2022-12-06T04:35:21+00:00\" \/>\n<meta property=\"og:image\" content=\"https:\/\/www.trustimia.com\/wp-content\/uploads\/2021\/11\/Trustimia-1.jpg\" \/>\n\t<meta property=\"og:image:width\" content=\"1800\" \/>\n\t<meta property=\"og:image:height\" content=\"1065\" \/>\n\t<meta property=\"og:image:type\" content=\"image\/jpeg\" \/>\n<meta name=\"twitter:card\" content=\"summary_large_image\" \/>\n<meta name=\"twitter:label1\" content=\"Est. reading time\" \/>\n\t<meta name=\"twitter:data1\" content=\"3 minutit\" \/>\n<script type=\"application\/ld+json\" class=\"yoast-schema-graph\">{\"@context\":\"https:\/\/schema.org\",\"@graph\":[{\"@type\":\"WebPage\",\"@id\":\"https:\/\/www.trustimia.com\/company-setup-in-finland\/\",\"url\":\"https:\/\/www.trustimia.com\/company-setup-in-finland\/\",\"name\":\"Yrityksen perustaminen Suomi | Trustimia\",\"isPartOf\":{\"@id\":\"https:\/\/www.trustimia.com\/#website\"},\"datePublished\":\"2021-11-13T10:07:08+00:00\",\"dateModified\":\"2022-12-06T04:35:21+00:00\",\"description\":\"Avustamme yhti\u00f6n perustamisessa Suomeen. Teemme puolestasi tarvittavat sopimukset, sek\u00e4 autamme vakuutuksien ja rahoituksen hakemisessa. Kartoitamme my\u00f6s tarvittavat taloushallinto- sek\u00e4 muut palvelut.\",\"breadcrumb\":{\"@id\":\"https:\/\/www.trustimia.com\/company-setup-in-finland\/#breadcrumb\"},\"inLanguage\":\"et\",\"potentialAction\":[{\"@type\":\"ReadAction\",\"target\":[\"https:\/\/www.trustimia.com\/company-setup-in-finland\/\"]}]},{\"@type\":\"BreadcrumbList\",\"@id\":\"https:\/\/www.trustimia.com\/company-setup-in-finland\/#breadcrumb\",\"itemListElement\":[{\"@type\":\"ListItem\",\"position\":1,\"name\":\"Home\",\"item\":\"https:\/\/www.trustimia.com\/raamatupidamisteenus\/\"},{\"@type\":\"ListItem\",\"position\":2,\"name\":\"Yrityksen perustaminen Suomi\"}]},{\"@type\":\"WebSite\",\"@id\":\"https:\/\/www.trustimia.com\/#website\",\"url\":\"https:\/\/www.trustimia.com\/\",\"name\":\"Trustimia\",\"description\":\"Set up a company, accounting, business consulting\",\"publisher\":{\"@id\":\"https:\/\/www.trustimia.com\/#organization\"},\"potentialAction\":[{\"@type\":\"SearchAction\",\"target\":{\"@type\":\"EntryPoint\",\"urlTemplate\":\"https:\/\/www.trustimia.com\/?s={search_term_string}\"},\"query-input\":{\"@type\":\"PropertyValueSpecification\",\"valueRequired\":true,\"valueName\":\"search_term_string\"}}],\"inLanguage\":\"et\"},{\"@type\":\"Organization\",\"@id\":\"https:\/\/www.trustimia.com\/#organization\",\"name\":\"Trustimia Group\",\"url\":\"https:\/\/www.trustimia.com\/\",\"logo\":{\"@type\":\"ImageObject\",\"inLanguage\":\"et\",\"@id\":\"https:\/\/www.trustimia.com\/#\/schema\/logo\/image\/\",\"url\":\"http:\/\/www.trustimia.com\/wp-content\/uploads\/2021\/11\/Trustimia-logo.svg\",\"contentUrl\":\"http:\/\/www.trustimia.com\/wp-content\/uploads\/2021\/11\/Trustimia-logo.svg\",\"width\":400,\"height\":91,\"caption\":\"Trustimia Group\"},\"image\":{\"@id\":\"https:\/\/www.trustimia.com\/#\/schema\/logo\/image\/\"},\"sameAs\":[\"https:\/\/www.facebook.com\/trustimia\",\"https:\/\/www.linkedin.com\/company\/trustimia\/\"]}]}<\/script>\n<!-- \/ Yoast SEO Premium plugin. -->","yoast_head_json":{"title":"Yrityksen perustaminen Suomi | Trustimia","description":"Avustamme yhti\u00f6n perustamisessa Suomeen. Teemme puolestasi tarvittavat sopimukset, sek\u00e4 autamme vakuutuksien ja rahoituksen hakemisessa. Kartoitamme my\u00f6s tarvittavat taloushallinto- sek\u00e4 muut palvelut.","robots":{"index":"index","follow":"follow","max-snippet":"max-snippet:-1","max-image-preview":"max-image-preview:large","max-video-preview":"max-video-preview:-1"},"canonical":"https:\/\/www.trustimia.com\/company-setup-in-finland\/","og_locale":"et_EE","og_type":"article","og_title":"Yrityksen perustaminen Suomi","og_description":"Avustamme yhti\u00f6n perustamisessa Suomeen. Teemme puolestasi tarvittavat sopimukset, sek\u00e4 autamme vakuutuksien ja rahoituksen hakemisessa. Kartoitamme my\u00f6s tarvittavat taloushallinto- sek\u00e4 muut palvelut.","og_url":"https:\/\/www.trustimia.com\/company-setup-in-finland\/","og_site_name":"Trustimia","article_publisher":"https:\/\/www.facebook.com\/trustimia","article_modified_time":"2022-12-06T04:35:21+00:00","og_image":[{"width":1800,"height":1065,"url":"https:\/\/www.trustimia.com\/wp-content\/uploads\/2021\/11\/Trustimia-1.jpg","type":"image\/jpeg"}],"twitter_card":"summary_large_image","twitter_misc":{"Est. reading time":"3 minutit"},"schema":{"@context":"https:\/\/schema.org","@graph":[{"@type":"WebPage","@id":"https:\/\/www.trustimia.com\/company-setup-in-finland\/","url":"https:\/\/www.trustimia.com\/company-setup-in-finland\/","name":"Yrityksen perustaminen Suomi | Trustimia","isPartOf":{"@id":"https:\/\/www.trustimia.com\/#website"},"datePublished":"2021-11-13T10:07:08+00:00","dateModified":"2022-12-06T04:35:21+00:00","description":"Avustamme yhti\u00f6n perustamisessa Suomeen. Teemme puolestasi tarvittavat sopimukset, sek\u00e4 autamme vakuutuksien ja rahoituksen hakemisessa. Kartoitamme my\u00f6s tarvittavat taloushallinto- sek\u00e4 muut palvelut.","breadcrumb":{"@id":"https:\/\/www.trustimia.com\/company-setup-in-finland\/#breadcrumb"},"inLanguage":"et","potentialAction":[{"@type":"ReadAction","target":["https:\/\/www.trustimia.com\/company-setup-in-finland\/"]}]},{"@type":"BreadcrumbList","@id":"https:\/\/www.trustimia.com\/company-setup-in-finland\/#breadcrumb","itemListElement":[{"@type":"ListItem","position":1,"name":"Home","item":"https:\/\/www.trustimia.com\/raamatupidamisteenus\/"},{"@type":"ListItem","position":2,"name":"Yrityksen perustaminen Suomi"}]},{"@type":"WebSite","@id":"https:\/\/www.trustimia.com\/#website","url":"https:\/\/www.trustimia.com\/","name":"Trustimia","description":"Set up a company, accounting, business consulting","publisher":{"@id":"https:\/\/www.trustimia.com\/#organization"},"potentialAction":[{"@type":"SearchAction","target":{"@type":"EntryPoint","urlTemplate":"https:\/\/www.trustimia.com\/?s={search_term_string}"},"query-input":{"@type":"PropertyValueSpecification","valueRequired":true,"valueName":"search_term_string"}}],"inLanguage":"et"},{"@type":"Organization","@id":"https:\/\/www.trustimia.com\/#organization","name":"Trustimia Group","url":"https:\/\/www.trustimia.com\/","logo":{"@type":"ImageObject","inLanguage":"et","@id":"https:\/\/www.trustimia.com\/#\/schema\/logo\/image\/","url":"http:\/\/www.trustimia.com\/wp-content\/uploads\/2021\/11\/Trustimia-logo.svg","contentUrl":"http:\/\/www.trustimia.com\/wp-content\/uploads\/2021\/11\/Trustimia-logo.svg","width":400,"height":91,"caption":"Trustimia Group"},"image":{"@id":"https:\/\/www.trustimia.com\/#\/schema\/logo\/image\/"},"sameAs":["https:\/\/www.facebook.com\/trustimia","https:\/\/www.linkedin.com\/company\/trustimia\/"]}]}},"_links":{"self":[{"href":"https:\/\/www.trustimia.com\/et\/wp-json\/wp\/v2\/pages\/7986","targetHints":{"allow":["GET"]}}],"collection":[{"href":"https:\/\/www.trustimia.com\/et\/wp-json\/wp\/v2\/pages"}],"about":[{"href":"https:\/\/www.trustimia.com\/et\/wp-json\/wp\/v2\/types\/page"}],"author":[{"embeddable":true,"href":"https:\/\/www.trustimia.com\/et\/wp-json\/wp\/v2\/users\/5"}],"replies":[{"embeddable":true,"href":"https:\/\/www.trustimia.com\/et\/wp-json\/wp\/v2\/comments?post=7986"}],"version-history":[{"count":15,"href":"https:\/\/www.trustimia.com\/et\/wp-json\/wp\/v2\/pages\/7986\/revisions"}],"predecessor-version":[{"id":9354,"href":"https:\/\/www.trustimia.com\/et\/wp-json\/wp\/v2\/pages\/7986\/revisions\/9354"}],"wp:attachment":[{"href":"https:\/\/www.trustimia.com\/et\/wp-json\/wp\/v2\/media?parent=7986"}],"curies":[{"name":"wp","href":"https:\/\/api.w.org\/{rel}","templated":true}]}}