{"id":7988,"date":"2021-11-13T10:49:30","date_gmt":"2021-11-13T10:49:30","guid":{"rendered":"http:\/\/www.trustimia.com\/company-setup-in-latvia\/"},"modified":"2025-04-15T15:17:39","modified_gmt":"2025-04-15T15:17:39","slug":"yrityksen-perustaminen-latvia","status":"publish","type":"page","link":"https:\/\/www.trustimia.com\/et\/yrityksen-perustaminen-latvia\/","title":{"rendered":"Yrityksen perustaminen Latvia"},"content":{"rendered":"<div class=\"wpb-content-wrapper\"><p>[vc_row full_width=&#8221;stretch_row&#8221; kd_image_overlay_color=&#8221;rgba(10,10,10,0.3)&#8221; kd_fixed_background=&#8221;true&#8221; kd_image_overlay=&#8221;true&#8221; css=&#8221;.vc_custom_1744730040072{padding-top: 325px !important;padding-bottom: 30px !important;background-image: url(http:\/\/www.trustimia.com\/wp-content\/uploads\/2021\/11\/Trustimia-1.jpg?id=8393) !important;background-position: center !important;background-repeat: no-repeat !important;background-size: cover !important;}&#8221; top_section_title=&#8221;&#8221; bottom_section_title=&#8221;&#8221;][vc_column css=&#8221;.vc_custom_1516115464846{padding-left: 0px !important;}&#8221;][vc_row_inner][vc_column_inner width=&#8221;2\/3&#8243;][vc_custom_heading text=&#8221;Yrityksen perustaminen Latvia&#8221; font_container=&#8221;tag:h2|font_size:40px|text_align:left|color:%23ffffff&#8221; use_theme_fonts=&#8221;yes&#8221; css_animation=&#8221;fadeIn&#8221; css=&#8221;.vc_custom_1664905581055{margin-top: 10px !important;margin-bottom: 30px !important;}&#8221;][\/vc_column_inner][vc_column_inner width=&#8221;1\/3&#8243; css=&#8221;.vc_custom_1556031720200{padding-top: 40px !important;}&#8221; offset=&#8221;vc_hidden-sm vc_hidden-xs&#8221;][\/vc_column_inner][\/vc_row_inner][\/vc_column][\/vc_row][vc_row css=&#8221;.vc_custom_1636825854658{border-bottom-width: 1px !important;padding-right: 0px !important;padding-bottom: 40px !important;padding-left: 0px !important;background-color: #ffffff !important;border-bottom-color: #eaeaea !important;}&#8221;][vc_column css=&#8221;.vc_custom_1544542885714{margin-top: -60px !important;}&#8221;][vc_row_inner][vc_column_inner offset=&#8221;vc_hidden-lg vc_hidden-md&#8221;][vc_empty_space height=&#8221;10px&#8221;][\/vc_column_inner][\/vc_row_inner][\/vc_column][vc_column el_class=&#8221;services-first&#8221;][vc_row_inner][vc_column_inner]<header class=\"kd-section-title col-lg-12 text-center    \" ><h2 class=\"separator_off\" >Latvia on ymm\u00e4rt\u00e4nyt investointien ja uusien yritysten houkuttelemisen t\u00e4rkeyden talouskehityksen yll\u00e4pit\u00e4miseksi.<\/h2><\/header>[vc_column_text]Latvia on johdonmukaisesti harjoittanut liberaalia talouspolitiikkaa ja pit\u00e4\u00e4 my\u00f6nteisen\u00e4 investointeja ja liiketoimintaa, jotka edist\u00e4v\u00e4t vapaiden markkinoiden periaatteita ja etuja.<\/p>\n<p>Maailmanpankin Doing Business 2020 -raportti sijoittaa Latvian yritysyst\u00e4v\u00e4llisimpien maiden listalla 19. sijalle 190 maasta.[\/vc_column_text][\/vc_column_inner][\/vc_row_inner][\/vc_column][\/vc_row][vc_row el_class=&#8221;detail-content&#8221;][vc_column][vc_row_inner][vc_column_inner width=&#8221;1\/3&#8243;][vc_column_text]<\/p>\n<h3>Osaavat ty\u00f6ntekij\u00e4t<\/h3>\n<p>Latvia on seitsem\u00e4s maailmassa lukion ja yliopiston aloittavien opiskelijoiden listauksessa.[\/vc_column_text][\/vc_column_inner][vc_column_inner width=&#8221;1\/3&#8243;][vc_column_text]<\/p>\n<h3>Kehittynyt infrastruktuuri<\/h3>\n<p>Hyvin kehittynyt IT, viestint\u00e4, sek\u00e4 liikenne- ja logistiikkainfrastruktuuri. [\/vc_column_text][\/vc_column_inner][vc_column_inner width=&#8221;1\/3&#8243;][vc_column_text]<\/p>\n<h3>Kustannustehokas ymp\u00e4rist\u00f6<\/h3>\n<p>Latvian veroj\u00e4rjestelm\u00e4 on tunnustettu maailman toiseksi kilpailukykyisimm\u00e4ksi ja kustannustaso liiketoiminnan harjoittamiseen on kaikin puolin alhainen.[\/vc_column_text][\/vc_column_inner][\/vc_row_inner][vc_row_inner][vc_column_inner][vc_column_text]<span class=\"border-left\">Latviassa on helppo aloittaa liiketoiminta ja sen aloittamiseen saa tukea, my\u00f6s rahoitusmahdollisuudet ovat eritt\u00e4in hyv\u00e4t. <\/span><\/p>\n<p>Latvian talous on kasvanut vuosien saatossa yhdeksi Euroopan parhaimmista BKT:n kasvuvauhdilla mitattuna ja Latvia on listattu EU:n toiseksi vihreimm\u00e4ksi maaksi (Eurostat, WHO ja Euroopan ymp\u00e4rist\u00f6keskus). [\/vc_column_text][\/vc_column_inner][\/vc_row_inner][vc_row_inner][vc_column_inner][vc_column_text]<\/p>\n<h3>Yrityksen perustaminen Latviaan<\/h3>\n<p>Latviassa on yksi EU:n alhaisimmista verokannoista sek\u00e4 tarjolla lis\u00e4veroetuja erityistalousalueilla ja muita valtion tukiohjelmia. Latvian hintataso on my\u00f6s selv\u00e4sti Suomea ja Viroa alhaisempi. T\u00e4m\u00e4 tekee Latviasta eritt\u00e4in houkuttelevan maan yrityksen perustamiselle.<\/p>\n<h3><\/h3>\n<h3>Vaatimukset Latvian osakeyhti\u00f6n (SIA) perustamiselle<\/h3>\n<ul class=\"font_8 color_15\">\n<li>\n<p class=\"font_8\"><span class=\"color_15\">Yrityksell\u00e4 on oltava v\u00e4hint\u00e4\u00e4n yksi omistaja<\/span><\/p>\n<\/li>\n<li>\n<p class=\"font_8\"><span class=\"color_15\">Yrityksell\u00e4 on oltava v\u00e4hint\u00e4\u00e4n yksi hallituksen j\u00e4sen<\/span><\/p>\n<\/li>\n<li>\n<p class=\"font_8\"><span class=\"color_15\">Omistaja ja hallituksen j\u00e4sen voivat olla samoja henkil\u00f6it\u00e4, eik\u00e4 henkil\u00f6iden asuinmaalle ole rajoituksia<\/span><\/p>\n<\/li>\n<li>\n<p class=\"font_8\"><span class=\"color_15\">Yrityksell\u00e4 on oltava rekister\u00f6ity osoite Latviassa<\/span><\/p>\n<\/li>\n<li>\n<p class=\"font_8\"><span class=\"color_15\">V\u00e4himm\u00e4isp\u00e4\u00e4oma on 1 euro, jos omistaja on luonnollinen henkil\u00f6, ja 2800 euroa, jos omistaja on oikeushenkil\u00f6<\/span><\/p>\n<\/li>\n<\/ul>\n<p>[\/vc_column_text][\/vc_column_inner][\/vc_row_inner][vc_row_inner][vc_column_inner][vc_column_text]<\/p>\n<h3>Menettelyt yrityksen perustamiseksi Latviaan<\/h3>\n<ul class=\"font_8 color_15\">\n<li>\n<p class=\"font_8\"><span class=\"color_15\">Valitse yrityksen nimi (Latvian kaupparekisteri)<\/span><\/p>\n<\/li>\n<li>\n<p class=\"font_8\"><span class=\"color_15\">Yrityksen perustamisasiakirjojen valmistelu ja sopimus notaarin ajankohdasta<\/span><\/p>\n<\/li>\n<li>\n<p class=\"font_8\"><span class=\"color_15\">Yrityksen perustaminen verkossa EU:n kansalaisille. Valtuutusten valmistelu ja l\u00e4hett\u00e4minen perustajille.<\/span><\/p>\n<\/li>\n<li>\n<p class=\"font_8\"><span class=\"color_15\">Yhti\u00f6j\u00e4rjestyksen laatiminen ja omistajien v\u00e4liset sopimukset<\/span><\/p>\n<\/li>\n<li>\n<p class=\"font_8\"><span class=\"color_15\">Yrityksen perustaminen notaariin<\/span><\/p>\n<\/li>\n<li>\n<p class=\"font_8\"><span class=\"color_15\">Pankkitilin avaaminen (mahdollista my\u00f6s verkon kautta)<\/span><\/p>\n<\/li>\n<li>\n<p class=\"font_8\"><span class=\"color_15\">L\u00e4hetet\u00e4\u00e4n yrityksen perustamisasiakirjat ja todistus maksetusta osakep\u00e4\u00e4omasta Latvian kaupparekisteriin<\/span><\/p>\n<\/li>\n<li>\n<p class=\"font_8\"><span class=\"color_15\">Yrityksen perustamisasiakirjojen muokkaus<\/span><\/p>\n<\/li>\n<li>\n<p class=\"font_8\"><span class=\"color_15\">Kauttamme voit aloittaa yhti\u00f6n joko fyysisesti paikan p\u00e4\u00e4ll\u00e4 tai et\u00e4n\u00e4. Tarjoamme my\u00f6s hallinnointi- ja postiosoitepalvelua.<\/span><\/p>\n<\/li>\n<\/ul>\n<p>[\/vc_column_text][vc_column_text]<\/p>\n<h3>Verotus<\/h3>\n<p><span class=\"border-left\"><b>Tuloverot ja osinkojen verotus<\/b><br \/>\nYritysten tuloveroa maksetaan Latviassa osinkojen maksamisesta, voitonjaosta tai jos voitot k\u00e4ytet\u00e4\u00e4n muihin tarkoituksiin kuin taloudelliseen toimintaan. Yhti\u00f6veroprosentti on 20%.<\/span><\/p>\n<p><span class=\"border-left\"><b>Tuloverot<\/b><br \/>\nJos tulot eiv\u00e4t ylit\u00e4 20 004 euroa, TM on 20%, 20 005 euroa &#8211; 55 000 euroa 23%, 55 000 ja sit\u00e4 suuremmat tulot 31,4%. Oman p\u00e4\u00e4oman tulovero ja oman p\u00e4\u00e4oman tuotto on 20%.<\/span>[\/vc_column_text][vc_column_text]<\/p>\n<h3>Arvonlis\u00e4vero<\/h3>\n<p><span class=\"border-left\">Yleinen arvonlis\u00e4verokanta on 21%. Alennettu 12 prosentin arvonlis\u00e4verokanta koskee muun muassa lastenruokaa, l\u00e4\u00e4kkeit\u00e4 ja kirjoja. Arvonlis\u00e4verovelvollisuus syntyy, jos yhti\u00f6n vuotuinen liikevaihto ylitt\u00e4\u00e4 40 000 euroa.<\/span><\/p>\n<p><span class=\"border-left\"><b>Ty\u00f6nantajan verot<\/b><br \/>\nSosiaalivero on yhteens\u00e4 35,09%, josta ty\u00f6nantajan osuus on 24,09% ja ty\u00f6ntekij\u00e4n osuus 11%.<\/span>[\/vc_column_text][vc_column_text]<\/p>\n<h3>Kirjanpito<\/h3>\n<p><span class=\"border-left\">Tarjoamme ammattimaisia \u200b\u200bkirjanpitopalveluja Latviassa. Palveluihimme kuuluu kuukausittainen kirjanpito joko s\u00e4hk\u00f6isesti tai paperilla. Kirjanpitopalvelu sis\u00e4lt\u00e4\u00e4 Latvian lain mukaisen kirjanpidon, kuukausiraportit ja ilmoitukset, raportit yrityksen johdolle ja vuosikertomukset.<\/span><\/p>\n<p>Raportoimme sinulle yrityksen tilan jokaisen verokauden j\u00e4lkeen toiveesi huomioon ottaen.<\/p>\n<p>SIA:lla on oltava tilintarkastaja, jos seuraavat vaatimukset t\u00e4yttyv\u00e4t<\/p>\n<ul class=\"font_8 color_15\">\n<li>\n<p class=\"font_8\"><span class=\"color_15\">Vuosittainen liikevaihto on yli 700 000 euroa<\/span><\/p>\n<\/li>\n<li>\n<p class=\"font_8\"><span class=\"color_15\">Yrityksen varat ovat yli 350 000 euroa<\/span><\/p>\n<\/li>\n<li>\n<p class=\"font_8\"><span class=\"color_15\">Yrityksell\u00e4 on 25 tai enemm\u00e4n ty\u00f6ntekij\u00e4\u00e4<\/span><\/p>\n<\/li>\n<\/ul>\n<p>[\/vc_column_text][\/vc_column_inner][\/vc_row_inner][vc_row_inner][vc_column_inner width=&#8221;1\/2&#8243;][vc_column_text]<\/p>\n<h3>Peruspalvelut<\/h3>\n<ul class=\"font_8\">\n<li>\n<p class=\"font_8\"><span class=\"color_15\">Yrityksen perustaminen Latviaan alk. 770<\/span><\/p>\n<\/li>\n<li>\n<p class=\"font_8\"><span class=\"color_15\">Rekister\u00f6intiosoite+postipalvelu: 350\u20ac \/ 12 kk<\/span><\/p>\n<\/li>\n<li>\n<p class=\"font_8\"><span class=\"color_15\">Postiosoitepalvelu 150\u20ac \/ 12 kk<\/span><\/p>\n<\/li>\n<li>\n<p class=\"font_8\"><span class=\"color_15\">Yrityksen rekister\u00f6inti ALV-rekisteriin: 380 \u20ac<\/span><\/p>\n<\/li>\n<li>\n<p class=\"font_8\"><span class=\"color_15\">Kirjanpitopaketti alk. 75\u20ac \/ kk<\/span><\/p>\n<\/li>\n<li>\n<p class=\"font_8\"><span class=\"color_15\">Taloushallinnonty\u00f6t 70\u20ac \/ tunti<\/span><\/p>\n<\/li>\n<li>\n<p class=\"font_8\"><span class=\"color_15\">Pankkitilin avauksessa avustaminen alk. 100\u20ac<\/span><\/p>\n<\/li>\n<\/ul>\n<p>[\/vc_column_text][\/vc_column_inner][vc_column_inner width=&#8221;1\/2&#8243;][vc_column_text]<\/p>\n<h3>Muut yrityspalvelut<\/h3>\n<ul class=\"font_8\">\n<li>\n<p class=\"font_8\">Kaupparekisterimuutokset<\/p>\n<\/li>\n<li>\n<p class=\"font_8\">Vaadittujen asiakirjojen laatiminen ja toimittaminen sek\u00e4 tarvittaessa notarisointi<\/p>\n<\/li>\n<li>\n<p class=\"font_8\">Konsultointi ja neuvonta latvialaisen yrityksen perustamisesta<\/p>\n<\/li>\n<li>\n<p class=\"font_8\">Sopimukset<\/p>\n<\/li>\n<li>\n<p class=\"font_8\">Markkinointi- ja liiketoimintasuunnitelmat<\/p>\n<\/li>\n<\/ul>\n<p>[\/vc_column_text][\/vc_column_inner][\/vc_row_inner][vc_row_inner][vc_column_inner][vc_column_text]<\/p>\n<h4>Kauttamme saat kaiken tarvittavan avun Latviassa niin yrityksen perustamisessa kuin taloushallinnon palveluissa. Suosittelemme konsultaatiota ennen yrityksen rekister\u00f6inti\u00e4. Ota yhteytt\u00e4 ja kysy lis\u00e4\u00e4 palveluistamme.<\/h4>\n<p>[\/vc_column_text][\/vc_column_inner][\/vc_row_inner][\/vc_column][\/vc_row][vc_row full_width=&#8221;stretch_row&#8221; css=&#8221;.vc_custom_1555681184211{background-color: #f5f5f5 !important;}&#8221;][vc_column][vc_row_inner css=&#8221;.vc_custom_1536243977243{padding-top: 100px !important;}&#8221;][vc_column_inner el_class=&#8221;button-top&#8221; offset=&#8221;vc_hidden-xs&#8221;]<header class=\"kd-section-title col-lg-12 text-center  kd-animated fadeIn  \" data-animation-delay=200><h2 class=\"separator_off\" >Oletko valmis aloittamaan? Ota meihin yhteytt\u00e4!<\/h2><h6 class=\"subtitle \" >Mik\u00e4li haluat kuulla lis\u00e4\u00e4 palveluistamme, niin olethan yhteydess\u00e4 meihin.<\/h6><\/header>[\/vc_column_inner][\/vc_row_inner][vc_row_inner css=&#8221;.vc_custom_1536243815259{padding-bottom: 100px !important;}&#8221;][vc_column_inner css=&#8221;.vc_custom_1536243836394{padding-right: 10px !important;}&#8221;]<a  href=\"http:\/\/www.trustimia.com\/fi\/ota-yhteytta\/\"  target=\"_self\"  title=\"Ota yhteytt\u00e4\" class=\"tt_button tt_primary_button btn_primary_color  button-center button-action-link  kd-animated zoomIn\" data-animation-delay=200><span class=\"prim_text\">Ota yhteytt\u00e4<\/span><\/a>[\/vc_column_inner][\/vc_row_inner][\/vc_column][\/vc_row]<\/p>\n<\/div>","protected":false},"excerpt":{"rendered":"<p>[vc_row full_width=&#8221;stretch_row&#8221; kd_image_overlay_color=&#8221;rgba(10,10,10,0.3)&#8221; kd_fixed_background=&#8221;true&#8221; kd_image_overlay=&#8221;true&#8221; css=&#8221;.vc_custom_1744730040072{padding-top: 325px !important;padding-bottom: 30px !important;background-image: url(http:\/\/www.trustimia.com\/wp-content\/uploads\/2021\/11\/Trustimia-1.jpg?id=8393) !important;background-position: center !important;background-repeat: no-repeat !important;background-size: cover !important;}&#8221; top_section_title=&#8221;&#8221; bottom_section_title=&#8221;&#8221;][vc_column [&hellip;]<\/p>\n","protected":false},"author":5,"featured_media":0,"parent":0,"menu_order":0,"comment_status":"closed","ping_status":"closed","template":"","meta":{"content-type":"","inline_featured_image":false,"footnotes":""},"class_list":["post-7988","page","type-page","status-publish","hentry"],"yoast_head":"<!-- This site is optimized with the Yoast SEO Premium plugin v25.9 (Yoast SEO v25.9) - https:\/\/yoast.com\/wordpress\/plugins\/seo\/ -->\n<title>Yrityksen perustaminen Latvia | Trustimia<\/title>\n<meta name=\"description\" content=\"Yhti\u00f6n perustaminen Latviaan. Latviassa on yksi EU:n alhaisimmista verokannoista sek\u00e4 tarjolla lis\u00e4veroetuja erityistalousalueilla ja muita valtion tukiohjelmia.\" \/>\n<meta name=\"robots\" content=\"index, follow, max-snippet:-1, max-image-preview:large, max-video-preview:-1\" \/>\n<link rel=\"canonical\" href=\"https:\/\/www.trustimia.com\/yrityksen-perustaminen-latvia\/\" \/>\n<meta property=\"og:locale\" content=\"et_EE\" \/>\n<meta property=\"og:type\" content=\"article\" \/>\n<meta property=\"og:title\" content=\"Yrityksen perustaminen Latvia\" \/>\n<meta property=\"og:description\" content=\"Yhti\u00f6n perustaminen Latviaan. Latviassa on yksi EU:n alhaisimmista verokannoista sek\u00e4 tarjolla lis\u00e4veroetuja erityistalousalueilla ja muita valtion tukiohjelmia.\" \/>\n<meta property=\"og:url\" content=\"https:\/\/www.trustimia.com\/yrityksen-perustaminen-latvia\/\" \/>\n<meta property=\"og:site_name\" content=\"Trustimia\" \/>\n<meta property=\"article:publisher\" content=\"https:\/\/www.facebook.com\/trustimia\" \/>\n<meta property=\"article:modified_time\" content=\"2025-04-15T15:17:39+00:00\" \/>\n<meta property=\"og:image\" content=\"https:\/\/www.trustimia.com\/wp-content\/uploads\/2021\/11\/Trustimia-1.jpg\" \/>\n\t<meta property=\"og:image:width\" content=\"1800\" \/>\n\t<meta property=\"og:image:height\" content=\"1065\" \/>\n\t<meta property=\"og:image:type\" content=\"image\/jpeg\" \/>\n<meta name=\"twitter:card\" content=\"summary_large_image\" \/>\n<meta name=\"twitter:label1\" content=\"Est. reading time\" \/>\n\t<meta name=\"twitter:data1\" content=\"3 minutit\" \/>\n<script type=\"application\/ld+json\" class=\"yoast-schema-graph\">{\"@context\":\"https:\/\/schema.org\",\"@graph\":[{\"@type\":\"WebPage\",\"@id\":\"https:\/\/www.trustimia.com\/yrityksen-perustaminen-latvia\/\",\"url\":\"https:\/\/www.trustimia.com\/yrityksen-perustaminen-latvia\/\",\"name\":\"Yrityksen perustaminen Latvia | Trustimia\",\"isPartOf\":{\"@id\":\"https:\/\/www.trustimia.com\/#website\"},\"datePublished\":\"2021-11-13T10:49:30+00:00\",\"dateModified\":\"2025-04-15T15:17:39+00:00\",\"description\":\"Yhti\u00f6n perustaminen Latviaan. Latviassa on yksi EU:n alhaisimmista verokannoista sek\u00e4 tarjolla lis\u00e4veroetuja erityistalousalueilla ja muita valtion tukiohjelmia.\",\"breadcrumb\":{\"@id\":\"https:\/\/www.trustimia.com\/yrityksen-perustaminen-latvia\/#breadcrumb\"},\"inLanguage\":\"et\",\"potentialAction\":[{\"@type\":\"ReadAction\",\"target\":[\"https:\/\/www.trustimia.com\/yrityksen-perustaminen-latvia\/\"]}]},{\"@type\":\"BreadcrumbList\",\"@id\":\"https:\/\/www.trustimia.com\/yrityksen-perustaminen-latvia\/#breadcrumb\",\"itemListElement\":[{\"@type\":\"ListItem\",\"position\":1,\"name\":\"Home\",\"item\":\"https:\/\/www.trustimia.com\/raamatupidamisteenus\/\"},{\"@type\":\"ListItem\",\"position\":2,\"name\":\"Yrityksen perustaminen Latvia\"}]},{\"@type\":\"WebSite\",\"@id\":\"https:\/\/www.trustimia.com\/#website\",\"url\":\"https:\/\/www.trustimia.com\/\",\"name\":\"Trustimia\",\"description\":\"Set up a company, accounting, business consulting\",\"publisher\":{\"@id\":\"https:\/\/www.trustimia.com\/#organization\"},\"potentialAction\":[{\"@type\":\"SearchAction\",\"target\":{\"@type\":\"EntryPoint\",\"urlTemplate\":\"https:\/\/www.trustimia.com\/?s={search_term_string}\"},\"query-input\":{\"@type\":\"PropertyValueSpecification\",\"valueRequired\":true,\"valueName\":\"search_term_string\"}}],\"inLanguage\":\"et\"},{\"@type\":\"Organization\",\"@id\":\"https:\/\/www.trustimia.com\/#organization\",\"name\":\"Trustimia Group\",\"url\":\"https:\/\/www.trustimia.com\/\",\"logo\":{\"@type\":\"ImageObject\",\"inLanguage\":\"et\",\"@id\":\"https:\/\/www.trustimia.com\/#\/schema\/logo\/image\/\",\"url\":\"http:\/\/www.trustimia.com\/wp-content\/uploads\/2021\/11\/Trustimia-logo.svg\",\"contentUrl\":\"http:\/\/www.trustimia.com\/wp-content\/uploads\/2021\/11\/Trustimia-logo.svg\",\"width\":400,\"height\":91,\"caption\":\"Trustimia Group\"},\"image\":{\"@id\":\"https:\/\/www.trustimia.com\/#\/schema\/logo\/image\/\"},\"sameAs\":[\"https:\/\/www.facebook.com\/trustimia\",\"https:\/\/www.linkedin.com\/company\/trustimia\/\"]}]}<\/script>\n<!-- \/ Yoast SEO Premium plugin. -->","yoast_head_json":{"title":"Yrityksen perustaminen Latvia | Trustimia","description":"Yhti\u00f6n perustaminen Latviaan. Latviassa on yksi EU:n alhaisimmista verokannoista sek\u00e4 tarjolla lis\u00e4veroetuja erityistalousalueilla ja muita valtion tukiohjelmia.","robots":{"index":"index","follow":"follow","max-snippet":"max-snippet:-1","max-image-preview":"max-image-preview:large","max-video-preview":"max-video-preview:-1"},"canonical":"https:\/\/www.trustimia.com\/yrityksen-perustaminen-latvia\/","og_locale":"et_EE","og_type":"article","og_title":"Yrityksen perustaminen Latvia","og_description":"Yhti\u00f6n perustaminen Latviaan. Latviassa on yksi EU:n alhaisimmista verokannoista sek\u00e4 tarjolla lis\u00e4veroetuja erityistalousalueilla ja muita valtion tukiohjelmia.","og_url":"https:\/\/www.trustimia.com\/yrityksen-perustaminen-latvia\/","og_site_name":"Trustimia","article_publisher":"https:\/\/www.facebook.com\/trustimia","article_modified_time":"2025-04-15T15:17:39+00:00","og_image":[{"width":1800,"height":1065,"url":"https:\/\/www.trustimia.com\/wp-content\/uploads\/2021\/11\/Trustimia-1.jpg","type":"image\/jpeg"}],"twitter_card":"summary_large_image","twitter_misc":{"Est. reading time":"3 minutit"},"schema":{"@context":"https:\/\/schema.org","@graph":[{"@type":"WebPage","@id":"https:\/\/www.trustimia.com\/yrityksen-perustaminen-latvia\/","url":"https:\/\/www.trustimia.com\/yrityksen-perustaminen-latvia\/","name":"Yrityksen perustaminen Latvia | Trustimia","isPartOf":{"@id":"https:\/\/www.trustimia.com\/#website"},"datePublished":"2021-11-13T10:49:30+00:00","dateModified":"2025-04-15T15:17:39+00:00","description":"Yhti\u00f6n perustaminen Latviaan. Latviassa on yksi EU:n alhaisimmista verokannoista sek\u00e4 tarjolla lis\u00e4veroetuja erityistalousalueilla ja muita valtion tukiohjelmia.","breadcrumb":{"@id":"https:\/\/www.trustimia.com\/yrityksen-perustaminen-latvia\/#breadcrumb"},"inLanguage":"et","potentialAction":[{"@type":"ReadAction","target":["https:\/\/www.trustimia.com\/yrityksen-perustaminen-latvia\/"]}]},{"@type":"BreadcrumbList","@id":"https:\/\/www.trustimia.com\/yrityksen-perustaminen-latvia\/#breadcrumb","itemListElement":[{"@type":"ListItem","position":1,"name":"Home","item":"https:\/\/www.trustimia.com\/raamatupidamisteenus\/"},{"@type":"ListItem","position":2,"name":"Yrityksen perustaminen Latvia"}]},{"@type":"WebSite","@id":"https:\/\/www.trustimia.com\/#website","url":"https:\/\/www.trustimia.com\/","name":"Trustimia","description":"Set up a company, accounting, business consulting","publisher":{"@id":"https:\/\/www.trustimia.com\/#organization"},"potentialAction":[{"@type":"SearchAction","target":{"@type":"EntryPoint","urlTemplate":"https:\/\/www.trustimia.com\/?s={search_term_string}"},"query-input":{"@type":"PropertyValueSpecification","valueRequired":true,"valueName":"search_term_string"}}],"inLanguage":"et"},{"@type":"Organization","@id":"https:\/\/www.trustimia.com\/#organization","name":"Trustimia Group","url":"https:\/\/www.trustimia.com\/","logo":{"@type":"ImageObject","inLanguage":"et","@id":"https:\/\/www.trustimia.com\/#\/schema\/logo\/image\/","url":"http:\/\/www.trustimia.com\/wp-content\/uploads\/2021\/11\/Trustimia-logo.svg","contentUrl":"http:\/\/www.trustimia.com\/wp-content\/uploads\/2021\/11\/Trustimia-logo.svg","width":400,"height":91,"caption":"Trustimia Group"},"image":{"@id":"https:\/\/www.trustimia.com\/#\/schema\/logo\/image\/"},"sameAs":["https:\/\/www.facebook.com\/trustimia","https:\/\/www.linkedin.com\/company\/trustimia\/"]}]}},"_links":{"self":[{"href":"https:\/\/www.trustimia.com\/et\/wp-json\/wp\/v2\/pages\/7988","targetHints":{"allow":["GET"]}}],"collection":[{"href":"https:\/\/www.trustimia.com\/et\/wp-json\/wp\/v2\/pages"}],"about":[{"href":"https:\/\/www.trustimia.com\/et\/wp-json\/wp\/v2\/types\/page"}],"author":[{"embeddable":true,"href":"https:\/\/www.trustimia.com\/et\/wp-json\/wp\/v2\/users\/5"}],"replies":[{"embeddable":true,"href":"https:\/\/www.trustimia.com\/et\/wp-json\/wp\/v2\/comments?post=7988"}],"version-history":[{"count":16,"href":"https:\/\/www.trustimia.com\/et\/wp-json\/wp\/v2\/pages\/7988\/revisions"}],"predecessor-version":[{"id":10389,"href":"https:\/\/www.trustimia.com\/et\/wp-json\/wp\/v2\/pages\/7988\/revisions\/10389"}],"wp:attachment":[{"href":"https:\/\/www.trustimia.com\/et\/wp-json\/wp\/v2\/media?parent=7988"}],"curies":[{"name":"wp","href":"https:\/\/api.w.org\/{rel}","templated":true}]}}