{"id":7989,"date":"2021-11-13T10:58:57","date_gmt":"2021-11-13T10:58:57","guid":{"rendered":"http:\/\/www.trustimia.com\/company-setup-in-lithuania\/"},"modified":"2022-12-06T04:53:18","modified_gmt":"2022-12-06T04:53:18","slug":"ettevotte-asutamine-leedus","status":"publish","type":"page","link":"https:\/\/www.trustimia.com\/et\/ettevotte-asutamine-leedus\/","title":{"rendered":"Ettev\u00f5tte registreerimine Leedus"},"content":{"rendered":"<div class=\"wpb-content-wrapper\"><p>[vc_row full_width=&#8221;stretch_row&#8221; kd_image_overlay_color=&#8221;rgba(10,10,10,0.3)&#8221; kd_fixed_background=&#8221;true&#8221; kd_image_overlay=&#8221;true&#8221; css=&#8221;.vc_custom_1637007243335{padding-top: 325px !important;padding-bottom: 30px !important;background-image: url(http:\/\/www.trustimia.com\/wp-content\/uploads\/2021\/11\/Trustimia-1.jpg?id=8395) !important;background-position: center !important;background-repeat: no-repeat !important;background-size: cover !important;}&#8221;][vc_column css=&#8221;.vc_custom_1516115464846{padding-left: 0px !important;}&#8221;][vc_row_inner][vc_column_inner width=&#8221;2\/3&#8243;][vc_custom_heading text=&#8221;Ettev\u00f5tte registreerimine Leedus&#8221; font_container=&#8221;tag:h2|font_size:40px|text_align:left|color:%23ffffff&#8221; use_theme_fonts=&#8221;yes&#8221; css_animation=&#8221;fadeIn&#8221; css=&#8221;.vc_custom_1636836881820{margin-top: 10px !important;margin-bottom: 30px !important;}&#8221;][\/vc_column_inner][vc_column_inner width=&#8221;1\/3&#8243; css=&#8221;.vc_custom_1556031720200{padding-top: 40px !important;}&#8221; offset=&#8221;vc_hidden-sm vc_hidden-xs&#8221;][\/vc_column_inner][\/vc_row_inner][\/vc_column][\/vc_row][vc_row css=&#8221;.vc_custom_1636825869315{border-bottom-width: 1px !important;padding-right: 0px !important;padding-bottom: 40px !important;padding-left: 0px !important;background-color: #ffffff !important;border-bottom-color: #eaeaea !important;}&#8221;][vc_column css=&#8221;.vc_custom_1544542885714{margin-top: -60px !important;}&#8221;][vc_row_inner][vc_column_inner offset=&#8221;vc_hidden-lg vc_hidden-md&#8221;][vc_empty_space height=&#8221;10px&#8221;][\/vc_column_inner][\/vc_row_inner][\/vc_column][vc_column el_class=&#8221;services-first&#8221;][vc_row_inner][vc_column_inner]<header class=\"kd-section-title col-lg-12 text-center    \" ><h2 class=\"separator_off\" >Leedus on k\u00f5ik, mida vajate oma investeeringuteks v\u00f5i \u00e4ritegevuseks: kvalifitseeritud t\u00f6\u00f6j\u00f5ud, konkurentsiv\u00f5imeline ja kasvule orienteeritud \u00e4rikeskkond, madal kulutase, tugev investeering innovatsiooni ja \u00fcks EL-i juhtivaid infrastruktuure.<\/h2><\/header>[\/vc_column_inner][\/vc_row_inner][\/vc_column][\/vc_row][vc_row el_class=&#8221;detail-content&#8221;][vc_column][vc_row_inner][vc_column_inner width=&#8221;1\/3&#8243;][vc_column_text]<\/p>\n<h3>Kvalifitseeritud t\u00f6\u00f6j\u00f5ud<\/h3>\n<p>Koolitatud, motiveeritud ja p\u00fchendunud t\u00f6\u00f6tajad.[\/vc_column_text][\/vc_column_inner][vc_column_inner width=&#8221;1\/3&#8243;][vc_column_text]<\/p>\n<h3>\u00c4rikeskkond<\/h3>\n<p>Leedus on ettev\u00f5tluss\u00f5bralik keskkond. B\u00fcrokraatia tase on madal ja asjad sujuvad.[\/vc_column_text][\/vc_column_inner][vc_column_inner width=&#8221;1\/3&#8243;][vc_column_text]<\/p>\n<h3>Kulude tase<\/h3>\n<p><span style=\"font-weight: 400;\">Alates konkurentsiv\u00f5imelistest personalikuludest kuni madalamate \u00fc\u00fcri- ja \u00fcldkuludeni, pakub Leedu Teile oma ettev\u00f5tte juhtimiseks suurep\u00e4raseid tingimusi.<\/span>[\/vc_column_text][\/vc_column_inner][\/vc_row_inner][vc_row_inner][vc_column_inner][vc_column_text]<\/p>\n<h3>Infrastruktuur<\/h3>\n<p><span style=\"font-weight: 400;\">Leedu asub L\u00e4\u00e4ne-Euroopa, P\u00f5hja-Euroopa ja SR\u00dc ristumiskohal ning t\u00e4nu tugevale logistika infrastruktuurile on Leedul suurep\u00e4rane v\u00f5imalus siseneda EL-i turule. Ka riigi infrastruktuur on k\u00f5rgelt arenenud.<\/span>[\/vc_column_text][vc_column_text]<\/p>\n<h3>Ettev\u00f5tte asutamine Leedus<\/h3>\n<p><span style=\"font-weight: 400;\">Leedu pakub palju investeerimisv\u00f5imalusi. Ettev\u00f5tteid meelitavad Leetu maksusoodustused, konkurentsiv\u00f5imeline \u00e4rikeskkond, madalad kulutasemed ja kvalifitseeritud t\u00f6\u00f6j\u00f5ud. Leedu ettev\u00f5tte tulumaks on Euroopas \u00fcks madalamaid, 15%. Leedus on seitse erimajandustsooni. Nendes valdkondades v\u00f5ib ettev\u00f5tetel teatud tingimustel olla k\u00fcmne tegevusaasta jooksul \u00f5igus 0% ettev\u00f5tte tulumaksule. Leedut peetakse ka investorite jaoks populaarsuselt teiseks riigiks Euroopas.<\/span><\/p>\n<p><span style=\"font-weight: 400;\">Ettev\u00f5tte alustamiseks on kohustuslik selle registreerimine Leedu riiklikus registris. Alles p\u00e4rast ettev\u00f5tte registreerimist loetakse see juriidiliseks isikuks. Registreerimine on Leedus suhteliselt kiire protsess, tavaliselt kulub selleks p\u00e4rast dokumentide \u00fcleandmist 3-5 p\u00e4eva. Leedus on k\u00f5ige populaarsem ettev\u00f5tlus vorm aktsiaselts (UAB).<\/span>[\/vc_column_text][vc_column_text]<\/p>\n<h3>N\u00f5uded Leedu piiratud vastutusega \u00e4ri\u00fchingu (UAB) asutamiseks<\/h3>\n<ul class=\"font_8\">\n<li>\n<p class=\"font_8\">Ettev\u00f5ttel peab olema v\u00e4hemalt \u00fcks omanik<\/p>\n<\/li>\n<li>\n<p class=\"font_8\">Ettev\u00f5ttel peab olema v\u00e4hemalt \u00fcks direktor<\/p>\n<\/li>\n<li>\n<p class=\"font_8\">Direktor ja omanik v\u00f5ivad olla sama isik v\u00f5i ettev\u00f5te ning isiku elukohariigile pole mingeid piiranguid<\/p>\n<\/li>\n<li>\n<p class=\"font_8\">Ettev\u00f5ttel peab olema registreerimisaadress Leedus<\/p>\n<\/li>\n<li>\n<p class=\"font_8\">Ettev\u00f5tte minimaalne aktsiakapital on 10 000 litti (ligikaudu: 2900 eurot) ja enne registreerimist tuleb tasuda v\u00e4hemalt 25% aktsiakapitalist<\/p>\n<\/li>\n<li>\n<p class=\"font_8\">Iga ettev\u00f5te peab esitama finantsaruanded<\/p>\n<\/li>\n<\/ul>\n<p>[\/vc_column_text][vc_column_text]<\/p>\n<h3>\u00dclesanded ettev\u00f5tte asutamisel Leedus<\/h3>\n<ul class=\"font_8\">\n<li>\n<p class=\"font_8\">Ettev\u00f5tte nime valimine (Leedu \u00e4riregister) v\u00f5i teave eelnevalt loodud ettev\u00f5tete kohta<\/p>\n<\/li>\n<li>\n<p class=\"font_8\">Aktsiakapitali maksmine ajutisele pangakontole<\/p>\n<\/li>\n<li>\n<p class=\"font_8\">Ettev\u00f5tte asutamisdokumentide koostamine ja kohtumine notari juures<\/p>\n<\/li>\n<li>\n<p class=\"font_8\"><span style=\"font-weight: 400;\">Ettev\u00f5tte asutamine distantsilt ja sellega seotud teenused EL-i kodanikele<\/span><\/p>\n<\/li>\n<li>\n<p class=\"font_8\">Vajadusel volikirjade koostamine ja saatmine ettev\u00f5tte asutajatele.<\/p>\n<\/li>\n<li>\n<p class=\"font_8\">P\u00f5hikirja ja teiste vajalike omanikevaheliste lepingute koostamine<\/p>\n<\/li>\n<li>\n<p class=\"font_8\">Ettev\u00f5tte asutamine notaris<\/p>\n<\/li>\n<li>\n<p class=\"font_8\">Ettev\u00f5tte asutamisdokumentide ja sissemakstud aktsiakapitali t\u00f5endi esitamine Leedu Patendi- ja ametile<\/p>\n<\/li>\n<li>\n<p class=\"font_8\">Ettev\u00f5tte asutamisdokumentide k\u00e4ttetoimetamine<\/p>\n<\/li>\n<li>\n<p class=\"font_8\"><span style=\"font-weight: 400;\">Meie kaudu saate koos konsultantidega luua ettev\u00f5tte Leedus kasm\u00f5nest teisest riigist v\u00f5i kohapeal. Pakume ka ettev\u00f5tte registreerimise\u00a0 ja postiaadressi teenus<\/span><\/p>\n<\/li>\n<\/ul>\n<p>[\/vc_column_text][vc_column_text]<\/p>\n<h3>Maksustamine<\/h3>\n<p><span class=\"border-left\"><b>Tulumaks<\/b><br \/>\nLeedu ettev\u00f5tte tulumaks on 15%. Lisaks on kuni k\u00fcmne t\u00f6\u00f6tajaga v\u00e4ikeettev\u00f5tetel, kelle aastane sissetulek on kuni 300 000 eurot, \u00f5igus saada ettev\u00f5tte tulumaksu 5%.<\/span><\/p>\n<p><span class=\"border-left\"><b>Dividendide maksustamine<\/b><br \/>\nMaksum\u00e4\u00e4r on 15% v\u00f5i 0%, kui dividendi saajaks on m\u00f5ni muu ettev\u00f5te, kellele on \u00fcle aasta kuulunud \u00fcle 10% dividende maksva ettev\u00f5tte aktsiatest.<\/span><\/p>\n<p><span class=\"border-left\"><b>K\u00e4ibemaks<\/b><br \/>\n\u00dcldine k\u00e4ibemaksum\u00e4\u00e4r on 21%. Alandatud maksum\u00e4\u00e4r 9% kehtib n\u00e4iteks ajakirjadele, raamatutele ja \u00fchistranspordile ning 5% v\u00e4hendatud m\u00e4\u00e4r ravimitele, tehnilistele abivahenditele ja nende remonditeenustele.<\/span><\/p>\n<p><span class=\"border-left\"><b>T\u00f6\u00f6andja maksed<\/b><br \/>\nSotsiaalkindlustusmakseid on kokku umbes 34%, millest t\u00f6\u00f6andja osa on: 30,98-31,7%.<\/span>[\/vc_column_text][vc_column_text]<\/p>\n<h3>Raamatupidamine<\/h3>\n<p><span class=\"border-left\">Pakume Leedus professionaalset ja usaldusv\u00e4\u00e4rset raamatupidamisteenust. Meie teenused h\u00f5lmavad igakuist raamatupidamist kas elektrooniliselt v\u00f5i paberkandjal. Raamatupidamisteenus h\u00f5lmab raamatupidamist vastavalt Leedu seadustele, valitsuse deklaratsioone, igakuiseid aruandeid ettev\u00f5tte juhtkonnale, samuti finantsaruandeid ja maksudeklaratsioone. Ettev\u00f5tjal on alati saadaval reaalajas finantsj\u00e4relevalve. Anname Teile aru teie ettev\u00f5tte olukorrast p\u00e4rast iga maksustamisperioodi\u00a0 ja arvestame Teie vajadusi.<\/span><\/p>\n<p>UAB -l peab olema audiitor, kui on t\u00e4idetud kaks j\u00e4rgmistest n\u00f5uetest<\/p>\n<ul class=\"font_8\">\n<li>\n<p class=\"font_8\">aastak\u00e4ive \u00fcletab 8 700 000 eurot<\/p>\n<\/li>\n<li>\n<p class=\"font_8\">ettev\u00f5tte varade maht on \u00fcle 5 300 000 euro<\/p>\n<\/li>\n<li>\n<p class=\"font_8\">ettev\u00f5ttes t\u00f6\u00f6tab 75 v\u00f5i enam t\u00f6\u00f6tajat<\/p>\n<\/li>\n<\/ul>\n<p>[\/vc_column_text][\/vc_column_inner][\/vc_row_inner][vc_row_inner][vc_column_inner width=&#8221;1\/2&#8243;][vc_column_text]<\/p>\n<h3>\u00c4riteenused<\/h3>\n<ul class=\"font_8\">\n<li>\n<p class=\"font_8\"><span class=\"color_15\">Ettev\u00f5tte asutamine Leedus alates 770\u20ac<\/span><\/p>\n<\/li>\n<li>\n<p class=\"font_8\"><span class=\"color_15\">Registreerimi saadress + postiteenus 350\u20ac\/12 kuu<\/span><\/p>\n<\/li>\n<li>\n<p class=\"font_8\"><span class=\"color_15\">Aadressiteenus; 150\u20ac \/ 12 kuu<\/span><\/p>\n<\/li>\n<li>\n<p class=\"font_8\"><span class=\"color_15\">KMKR registrisse registreerimine 380\u20ac<\/span><\/p>\n<\/li>\n<li>\n<p class=\"font_8\"><span class=\"color_15\">Pakettide hinnad on alates 75 \/kuu<\/span><\/p>\n<\/li>\n<li>\n<p class=\"font_8\"><span class=\"color_15\">Muud finantsalased t\u00f6\u00f6d 70\u20ac\/tund<\/span><\/p>\n<\/li>\n<li>\n<p class=\"font_8\"><span class=\"color_15\">Abi pangakonto avamisel alates 100\u20ac<\/span><\/p>\n<\/li>\n<\/ul>\n<p>[\/vc_column_text][\/vc_column_inner][vc_column_inner width=&#8221;1\/2&#8243;][vc_column_text]<\/p>\n<h3>Muud \u00e4riteenused<\/h3>\n<ul class=\"font_8\">\n<li>\n<p class=\"font_8\">Muudatused \u00e4riregistris<\/p>\n<\/li>\n<li>\n<p class=\"font_8\">N\u00f5utavate dokumentide koostamine ja esitamine ning vajadusel notariaalne kinnitamine<\/p>\n<\/li>\n<li>\n<p class=\"font_8\"><span style=\"font-weight: 400;\">Konsultatsioon<\/span> ja n\u00f5ustamine Leedu ettev\u00f5tte asutamisel<\/p>\n<\/li>\n<li>\n<p class=\"font_8\">Kokkulepped<\/p>\n<\/li>\n<li>\n<p class=\"font_8\">Turundus ja \u00e4riplaanid<\/p>\n<\/li>\n<\/ul>\n<p class=\"font_8\"><span class=\"wixGuard\">\u200b<\/span><\/p>\n<p class=\"font_8\"><span class=\"color_15\"><span class=\"wixGuard\">\u200b<\/span><\/span><\/p>\n<p>[\/vc_column_text][\/vc_column_inner][\/vc_row_inner][vc_row_inner][vc_column_inner][vc_column_text]<\/p>\n<h4>Meie kaudu saad Leedus vajaliku abi oma \u00e4ri alustamisel ja finantsteenustes. Soovitame konsulteerida meiega enne ettev\u00f5tte registreerimist. v\u00f5tke meiega \u00fchendust ja k\u00fcsige lisateavet meie teenuste kohta.<\/h4>\n<p>[\/vc_column_text][\/vc_column_inner][\/vc_row_inner][\/vc_column][\/vc_row][vc_row full_width=&#8221;stretch_row&#8221; css=&#8221;.vc_custom_1636825973225{margin-top: 30px !important;background-color: #f5f5f5 !important;}&#8221;][vc_column][vc_row_inner css=&#8221;.vc_custom_1536243977243{padding-top: 100px !important;}&#8221;][vc_column_inner el_class=&#8221;button-top&#8221; offset=&#8221;vc_hidden-xs&#8221;]<header class=\"kd-section-title col-lg-12 text-center  kd-animated fadeIn  \" data-animation-delay=200><h2 class=\"separator_off\" >Kas olete valmis alustama? V\u00f5tke meiega \u00fchendust!<\/h2><h6 class=\"subtitle \" >Kui soovite meie teenuste kohta rohkem teada saada, v\u00f5tke meiega \u00fchendust.<\/h6><\/header>[\/vc_column_inner][\/vc_row_inner][vc_row_inner css=&#8221;.vc_custom_1536243815259{padding-bottom: 100px !important;}&#8221;][vc_column_inner css=&#8221;.vc_custom_1536243836394{padding-right: 10px !important;}&#8221;]<a  href=\"\/et\/kontakt\"  target=\"_blank\"  title=\"Kontakt\" class=\"tt_button tt_primary_button btn_primary_color  button-center button-action-link  kd-animated zoomIn\" data-animation-delay=200><span class=\"prim_text\">Alusta kohe<\/span><\/a>[\/vc_column_inner][\/vc_row_inner][\/vc_column][\/vc_row]<\/p>\n<\/div>","protected":false},"excerpt":{"rendered":"<p>[vc_row full_width=&#8221;stretch_row&#8221; kd_image_overlay_color=&#8221;rgba(10,10,10,0.3)&#8221; kd_fixed_background=&#8221;true&#8221; kd_image_overlay=&#8221;true&#8221; css=&#8221;.vc_custom_1637007243335{padding-top: 325px !important;padding-bottom: 30px !important;background-image: url(http:\/\/www.trustimia.com\/wp-content\/uploads\/2021\/11\/Trustimia-1.jpg?id=8395) !important;background-position: center !important;background-repeat: no-repeat !important;background-size: cover !important;}&#8221;][vc_column css=&#8221;.vc_custom_1516115464846{padding-left: 0px [&hellip;]<\/p>\n","protected":false},"author":5,"featured_media":0,"parent":0,"menu_order":0,"comment_status":"closed","ping_status":"closed","template":"","meta":{"content-type":"","inline_featured_image":false,"footnotes":""},"class_list":["post-7989","page","type-page","status-publish","hentry"],"yoast_head":"<!-- This site is optimized with the Yoast SEO Premium plugin v25.9 (Yoast SEO v25.9) - https:\/\/yoast.com\/wordpress\/plugins\/seo\/ -->\n<title>Ettev\u00f5tte registreerimine Leedus | Trustimia<\/title>\n<meta name=\"description\" content=\"Meie kaudu saad Leedus vajaliku abi oma \u00e4ri alustamisel ja finantsteenustes.\" \/>\n<meta name=\"robots\" content=\"index, follow, max-snippet:-1, max-image-preview:large, max-video-preview:-1\" \/>\n<link rel=\"canonical\" href=\"https:\/\/www.trustimia.com\/et\/ettevotte-asutamine-leedus\/\" \/>\n<meta property=\"og:locale\" content=\"et_EE\" \/>\n<meta property=\"og:type\" content=\"article\" \/>\n<meta property=\"og:title\" content=\"Ettev\u00f5tte registreerimine Leedus\" \/>\n<meta property=\"og:description\" content=\"Meie kaudu saad Leedus vajaliku abi oma \u00e4ri alustamisel ja finantsteenustes.\" \/>\n<meta property=\"og:url\" content=\"https:\/\/www.trustimia.com\/et\/ettevotte-asutamine-leedus\/\" \/>\n<meta property=\"og:site_name\" content=\"Trustimia\" \/>\n<meta property=\"article:publisher\" content=\"https:\/\/www.facebook.com\/trustimia\" \/>\n<meta property=\"article:modified_time\" content=\"2022-12-06T04:53:18+00:00\" \/>\n<meta property=\"og:image\" content=\"https:\/\/www.trustimia.com\/wp-content\/uploads\/2021\/11\/Trustimia-1.jpg\" \/>\n\t<meta property=\"og:image:width\" content=\"1800\" \/>\n\t<meta property=\"og:image:height\" content=\"1065\" \/>\n\t<meta property=\"og:image:type\" content=\"image\/jpeg\" \/>\n<meta name=\"twitter:card\" content=\"summary_large_image\" \/>\n<meta name=\"twitter:label1\" content=\"Est. reading time\" \/>\n\t<meta name=\"twitter:data1\" content=\"4 minutit\" \/>\n<script type=\"application\/ld+json\" class=\"yoast-schema-graph\">{\"@context\":\"https:\/\/schema.org\",\"@graph\":[{\"@type\":\"WebPage\",\"@id\":\"https:\/\/www.trustimia.com\/et\/ettevotte-asutamine-leedus\/\",\"url\":\"https:\/\/www.trustimia.com\/et\/ettevotte-asutamine-leedus\/\",\"name\":\"Ettev\u00f5tte registreerimine Leedus | Trustimia\",\"isPartOf\":{\"@id\":\"https:\/\/www.trustimia.com\/#website\"},\"datePublished\":\"2021-11-13T10:58:57+00:00\",\"dateModified\":\"2022-12-06T04:53:18+00:00\",\"description\":\"Meie kaudu saad Leedus vajaliku abi oma \u00e4ri alustamisel ja finantsteenustes.\",\"breadcrumb\":{\"@id\":\"https:\/\/www.trustimia.com\/et\/ettevotte-asutamine-leedus\/#breadcrumb\"},\"inLanguage\":\"et\",\"potentialAction\":[{\"@type\":\"ReadAction\",\"target\":[\"https:\/\/www.trustimia.com\/et\/ettevotte-asutamine-leedus\/\"]}]},{\"@type\":\"BreadcrumbList\",\"@id\":\"https:\/\/www.trustimia.com\/et\/ettevotte-asutamine-leedus\/#breadcrumb\",\"itemListElement\":[{\"@type\":\"ListItem\",\"position\":1,\"name\":\"Home\",\"item\":\"https:\/\/www.trustimia.com\/raamatupidamisteenus\/\"},{\"@type\":\"ListItem\",\"position\":2,\"name\":\"Ettev\u00f5tte registreerimine Leedus\"}]},{\"@type\":\"WebSite\",\"@id\":\"https:\/\/www.trustimia.com\/#website\",\"url\":\"https:\/\/www.trustimia.com\/\",\"name\":\"Trustimia\",\"description\":\"Set up a company, accounting, business consulting\",\"publisher\":{\"@id\":\"https:\/\/www.trustimia.com\/#organization\"},\"potentialAction\":[{\"@type\":\"SearchAction\",\"target\":{\"@type\":\"EntryPoint\",\"urlTemplate\":\"https:\/\/www.trustimia.com\/?s={search_term_string}\"},\"query-input\":{\"@type\":\"PropertyValueSpecification\",\"valueRequired\":true,\"valueName\":\"search_term_string\"}}],\"inLanguage\":\"et\"},{\"@type\":\"Organization\",\"@id\":\"https:\/\/www.trustimia.com\/#organization\",\"name\":\"Trustimia Group\",\"url\":\"https:\/\/www.trustimia.com\/\",\"logo\":{\"@type\":\"ImageObject\",\"inLanguage\":\"et\",\"@id\":\"https:\/\/www.trustimia.com\/#\/schema\/logo\/image\/\",\"url\":\"http:\/\/www.trustimia.com\/wp-content\/uploads\/2021\/11\/Trustimia-logo.svg\",\"contentUrl\":\"http:\/\/www.trustimia.com\/wp-content\/uploads\/2021\/11\/Trustimia-logo.svg\",\"width\":400,\"height\":91,\"caption\":\"Trustimia Group\"},\"image\":{\"@id\":\"https:\/\/www.trustimia.com\/#\/schema\/logo\/image\/\"},\"sameAs\":[\"https:\/\/www.facebook.com\/trustimia\",\"https:\/\/www.linkedin.com\/company\/trustimia\/\"]}]}<\/script>\n<!-- \/ Yoast SEO Premium plugin. -->","yoast_head_json":{"title":"Ettev\u00f5tte registreerimine Leedus | Trustimia","description":"Meie kaudu saad Leedus vajaliku abi oma \u00e4ri alustamisel ja finantsteenustes.","robots":{"index":"index","follow":"follow","max-snippet":"max-snippet:-1","max-image-preview":"max-image-preview:large","max-video-preview":"max-video-preview:-1"},"canonical":"https:\/\/www.trustimia.com\/et\/ettevotte-asutamine-leedus\/","og_locale":"et_EE","og_type":"article","og_title":"Ettev\u00f5tte registreerimine Leedus","og_description":"Meie kaudu saad Leedus vajaliku abi oma \u00e4ri alustamisel ja finantsteenustes.","og_url":"https:\/\/www.trustimia.com\/et\/ettevotte-asutamine-leedus\/","og_site_name":"Trustimia","article_publisher":"https:\/\/www.facebook.com\/trustimia","article_modified_time":"2022-12-06T04:53:18+00:00","og_image":[{"width":1800,"height":1065,"url":"https:\/\/www.trustimia.com\/wp-content\/uploads\/2021\/11\/Trustimia-1.jpg","type":"image\/jpeg"}],"twitter_card":"summary_large_image","twitter_misc":{"Est. reading time":"4 minutit"},"schema":{"@context":"https:\/\/schema.org","@graph":[{"@type":"WebPage","@id":"https:\/\/www.trustimia.com\/et\/ettevotte-asutamine-leedus\/","url":"https:\/\/www.trustimia.com\/et\/ettevotte-asutamine-leedus\/","name":"Ettev\u00f5tte registreerimine Leedus | Trustimia","isPartOf":{"@id":"https:\/\/www.trustimia.com\/#website"},"datePublished":"2021-11-13T10:58:57+00:00","dateModified":"2022-12-06T04:53:18+00:00","description":"Meie kaudu saad Leedus vajaliku abi oma \u00e4ri alustamisel ja finantsteenustes.","breadcrumb":{"@id":"https:\/\/www.trustimia.com\/et\/ettevotte-asutamine-leedus\/#breadcrumb"},"inLanguage":"et","potentialAction":[{"@type":"ReadAction","target":["https:\/\/www.trustimia.com\/et\/ettevotte-asutamine-leedus\/"]}]},{"@type":"BreadcrumbList","@id":"https:\/\/www.trustimia.com\/et\/ettevotte-asutamine-leedus\/#breadcrumb","itemListElement":[{"@type":"ListItem","position":1,"name":"Home","item":"https:\/\/www.trustimia.com\/raamatupidamisteenus\/"},{"@type":"ListItem","position":2,"name":"Ettev\u00f5tte registreerimine Leedus"}]},{"@type":"WebSite","@id":"https:\/\/www.trustimia.com\/#website","url":"https:\/\/www.trustimia.com\/","name":"Trustimia","description":"Set up a company, accounting, business consulting","publisher":{"@id":"https:\/\/www.trustimia.com\/#organization"},"potentialAction":[{"@type":"SearchAction","target":{"@type":"EntryPoint","urlTemplate":"https:\/\/www.trustimia.com\/?s={search_term_string}"},"query-input":{"@type":"PropertyValueSpecification","valueRequired":true,"valueName":"search_term_string"}}],"inLanguage":"et"},{"@type":"Organization","@id":"https:\/\/www.trustimia.com\/#organization","name":"Trustimia Group","url":"https:\/\/www.trustimia.com\/","logo":{"@type":"ImageObject","inLanguage":"et","@id":"https:\/\/www.trustimia.com\/#\/schema\/logo\/image\/","url":"http:\/\/www.trustimia.com\/wp-content\/uploads\/2021\/11\/Trustimia-logo.svg","contentUrl":"http:\/\/www.trustimia.com\/wp-content\/uploads\/2021\/11\/Trustimia-logo.svg","width":400,"height":91,"caption":"Trustimia Group"},"image":{"@id":"https:\/\/www.trustimia.com\/#\/schema\/logo\/image\/"},"sameAs":["https:\/\/www.facebook.com\/trustimia","https:\/\/www.linkedin.com\/company\/trustimia\/"]}]}},"_links":{"self":[{"href":"https:\/\/www.trustimia.com\/et\/wp-json\/wp\/v2\/pages\/7989","targetHints":{"allow":["GET"]}}],"collection":[{"href":"https:\/\/www.trustimia.com\/et\/wp-json\/wp\/v2\/pages"}],"about":[{"href":"https:\/\/www.trustimia.com\/et\/wp-json\/wp\/v2\/types\/page"}],"author":[{"embeddable":true,"href":"https:\/\/www.trustimia.com\/et\/wp-json\/wp\/v2\/users\/5"}],"replies":[{"embeddable":true,"href":"https:\/\/www.trustimia.com\/et\/wp-json\/wp\/v2\/comments?post=7989"}],"version-history":[{"count":10,"href":"https:\/\/www.trustimia.com\/et\/wp-json\/wp\/v2\/pages\/7989\/revisions"}],"predecessor-version":[{"id":9357,"href":"https:\/\/www.trustimia.com\/et\/wp-json\/wp\/v2\/pages\/7989\/revisions\/9357"}],"wp:attachment":[{"href":"https:\/\/www.trustimia.com\/et\/wp-json\/wp\/v2\/media?parent=7989"}],"curies":[{"name":"wp","href":"https:\/\/api.w.org\/{rel}","templated":true}]}}