{"id":7990,"date":"2021-11-13T10:58:57","date_gmt":"2021-11-13T10:58:57","guid":{"rendered":"http:\/\/www.trustimia.com\/company-setup-in-lithuania\/"},"modified":"2022-12-06T04:33:23","modified_gmt":"2022-12-06T04:33:23","slug":"yrityksen-perustaminen-liettua","status":"publish","type":"page","link":"https:\/\/www.trustimia.com\/et\/yrityksen-perustaminen-liettua\/","title":{"rendered":"Yrityksen perustaminen Liettua"},"content":{"rendered":"<div class=\"wpb-content-wrapper\"><p>[vc_row full_width=&#8221;stretch_row&#8221; kd_image_overlay_color=&#8221;rgba(10,10,10,0.3)&#8221; kd_fixed_background=&#8221;true&#8221; kd_image_overlay=&#8221;true&#8221; css=&#8221;.vc_custom_1637008629813{padding-top: 325px !important;padding-bottom: 30px !important;background-image: url(http:\/\/www.trustimia.com\/wp-content\/uploads\/2021\/11\/Trustimia-1.jpg?id=8393) !important;background-position: center !important;background-repeat: no-repeat !important;background-size: cover !important;}&#8221;][vc_column css=&#8221;.vc_custom_1516115464846{padding-left: 0px !important;}&#8221;][vc_row_inner][vc_column_inner width=&#8221;2\/3&#8243;][vc_custom_heading text=&#8221;Yrityksen perustaminen Liettua&#8221; font_container=&#8221;tag:h2|font_size:40px|text_align:left|color:%23ffffff&#8221; use_theme_fonts=&#8221;yes&#8221; css_animation=&#8221;fadeIn&#8221; css=&#8221;.vc_custom_1664943846849{margin-top: 10px !important;margin-bottom: 30px !important;}&#8221;][\/vc_column_inner][vc_column_inner width=&#8221;1\/3&#8243; css=&#8221;.vc_custom_1556031720200{padding-top: 40px !important;}&#8221; offset=&#8221;vc_hidden-sm vc_hidden-xs&#8221;][\/vc_column_inner][\/vc_row_inner][\/vc_column][\/vc_row][vc_row css=&#8221;.vc_custom_1636825869315{border-bottom-width: 1px !important;padding-right: 0px !important;padding-bottom: 40px !important;padding-left: 0px !important;background-color: #ffffff !important;border-bottom-color: #eaeaea !important;}&#8221;][vc_column css=&#8221;.vc_custom_1544542885714{margin-top: -60px !important;}&#8221;][vc_row_inner][vc_column_inner offset=&#8221;vc_hidden-lg vc_hidden-md&#8221;][vc_empty_space height=&#8221;10px&#8221;][\/vc_column_inner][\/vc_row_inner][\/vc_column][vc_column el_class=&#8221;services-first&#8221;][vc_row_inner][vc_column_inner]<header class=\"kd-section-title col-lg-12 text-center    \" ><h2 class=\"separator_off\" >Liettuassa on kaikki mit\u00e4 tarvitset investoinneillesi tai liiketoiminnan harjoittamiseen: osaava ty\u00f6voima, kilpailukykyinen ja kasvuhakuinen liiketoimintaymp\u00e4rist\u00f6, alhainen kustannustaso, vahva panostus innovaatioihin ja yksi EU:n johtavia infrastruktuureja.<\/h2><\/header>[\/vc_column_inner][\/vc_row_inner][\/vc_column][\/vc_row][vc_row el_class=&#8221;detail-content&#8221;][vc_column][vc_row_inner][vc_column_inner width=&#8221;1\/3&#8243;][vc_column_text]<\/p>\n<h3>Osaava ty\u00f6voima<\/h3>\n<p>Koulutetut, motivoituneet ja sitoutuneet ty\u00f6ntekij\u00e4t.[\/vc_column_text][\/vc_column_inner][vc_column_inner width=&#8221;1\/3&#8243;][vc_column_text]<\/p>\n<h3>Liiketoimintaymp\u00e4rist\u00f6<\/h3>\n<p>Liettuassa on yritysyst\u00e4v\u00e4llinen ymp\u00e4rist\u00f6. Byrokratian taso on matala ja asiat sujuvat vaivattomasti.[\/vc_column_text][\/vc_column_inner][vc_column_inner width=&#8221;1\/3&#8243;][vc_column_text]<\/p>\n<h3>Kustannustaso<\/h3>\n<p>Kilpailukykyisist\u00e4 henkil\u00f6st\u00f6kustannuksista pienempiin vuokra- ja yleiskustannuksiin, Liettua tarjoaa sinulle erinomaiset edellytykset liiketoiminnan py\u00f6ritt\u00e4miseen. [\/vc_column_text][\/vc_column_inner][\/vc_row_inner][vc_row_inner][vc_column_inner][vc_column_text]<\/p>\n<h3>Infrastruktuuri<\/h3>\n<p>Liettua on L\u00e4nsi-Euroopan, Pohjois-Euroopan ja IVY-maiden risteyskohdassa ja vahvan logistiikkainfrastruktuurin ansiosta Liettua on erinomainen sijainnin EU:n markkinoille p\u00e4\u00e4sylle. My\u00f6s maan infrastruktuuri on eritt\u00e4in kehittynyt.[\/vc_column_text][vc_column_text]<\/p>\n<h3>Yrityksen perustaminen Liettuaan<\/h3>\n<p><span class=\"border-left\">Liettua tarjoaa monia investointimahdollisuuksia. Yrityksi\u00e4 houkutellaan Liettuaan verohuojennuksilla, kilpailukykyisell\u00e4 liiketoimintaymp\u00e4rist\u00f6ll\u00e4, matalalla kustannustasolla ja osaavalla ty\u00f6voimalla. Liettuan yhti\u00f6verotus on yksi Euroopan alhaisimmista 15 %. Liettuassa on erityistalousalueita seitsem\u00e4n. n\u00e4ill\u00e4 alueilla tietyin edellytyksin yrityksill\u00e4 voi olla oikeus 0% yritys verotukseen kymmenen toimintavuoden aikana. Liettuaa pidet\u00e4\u00e4n my\u00f6s sijoittajien toiseksi suosituimpana Euroopan valtiona.<\/span><\/p>\n<p><span class=\"border-left\"><br \/>\nYrityksen rekister\u00f6inti Liettuan valtion rekisteriin on pakollista liiketoiminnan aloittamiseksi. Vasta yhti\u00f6n rekister\u00f6innin j\u00e4lkeen katsotaan sen olevan oikeushenkil\u00f6. Rekister\u00f6inti on suhteellisen nopea prosessi Liettuassa, prosessi yleens\u00e4 kest\u00e4\u00e4 3-5 p\u00e4iv\u00e4\u00e4 dokumenttien luovuttamisen j\u00e4lkeen. Liettuassa suosituin yhti\u00f6muoto on osakeyhti\u00f6 (UAB).<\/span>[\/vc_column_text][vc_column_text]<\/p>\n<h3>Vaatimukset liettualaisen osakeyhti\u00f6n (UAB) perustamiselle<\/h3>\n<ul class=\"font_8 color_15\">\n<li>\n<p class=\"font_8\"><span class=\"color_15\">Yrityksell\u00e4 tulee olla v\u00e4hint\u00e4\u00e4n 1 omistaja<\/span><\/p>\n<\/li>\n<li>\n<p class=\"font_8\"><span class=\"color_15\">Yrityksell\u00e4 tulee olla v\u00e4hint\u00e4\u00e4n 1 johtaja<\/span><\/p>\n<\/li>\n<li>\n<p class=\"font_8\"><span class=\"color_15\">Johtaja ja omistaja voivat olla sama henkil\u00f6 tai yhti\u00f6 eik\u00e4 henkil\u00f6n asuinmaalle ole rajoitteita<\/span><\/p>\n<\/li>\n<li>\n<p class=\"font_8\"><span class=\"color_15\">Yrityksell\u00e4 tulee olla rekister\u00f6intiosoite Liettuassa<\/span><\/p>\n<\/li>\n<li>\n<p class=\"font_8\"><span class=\"color_15\">Yrityksen v\u00e4himm\u00e4isosakep\u00e4\u00e4oma 2500\u20ac, v\u00e4hint\u00e4\u00e4n 25% osakep\u00e4\u00e4omasta t\u00e4ytyy maksaa ennen rekister\u00f6inti\u00e4<\/span><\/p>\n<\/li>\n<li>\n<p class=\"font_8\"><span class=\"color_15\">Jokaisen yrityksen tulee toimittaa tilinp\u00e4\u00e4t\u00f6s<\/span><\/p>\n<\/li>\n<\/ul>\n<p>[\/vc_column_text][vc_column_text]<\/p>\n<h3>Teht\u00e4v\u00e4t yrityksen perustamisessa Liettuaan<\/h3>\n<ul class=\"font_8 color_15\">\n<li>\n<p class=\"font_8\"><span class=\"color_15\">Nimen valitseminen (Liettuan kaupparekisteri) tai tiedot valmiiksi perustetuista yhti\u00f6ist\u00e4<\/span><\/p>\n<\/li>\n<li>\n<p class=\"font_8\"><span class=\"color_15\">Osakep\u00e4\u00e4oman maksaminen v\u00e4liaikaiselle pankkitilillle<\/span><\/p>\n<\/li>\n<li>\n<p class=\"font_8\"><span class=\"color_15\">Perustamisasiakirjojen valmistaminen ja tapaamisajan sopiminen notaarille<\/span><\/p>\n<\/li>\n<li>\n<p class=\"font_8\"><span class=\"color_15\">Perustaminen ns. et\u00e4n\u00e4 ja siihen liittyv\u00e4t palvelut EU-kansalaisille. Valtakirjojen valmistaminen ja l\u00e4hett\u00e4minen yhti\u00f6n perustajille tarvittaessa.<\/span><\/p>\n<\/li>\n<li>\n<p class=\"font_8\"><span class=\"color_15\">Yhti\u00f6j\u00e4rjestyksen ja muiden tarvittavien omistajien v\u00e4listen sopimusten valmistelu<\/span><\/p>\n<\/li>\n<li>\n<p class=\"font_8\"><span class=\"color_15\">Perustaminen notaarilla<\/span><\/p>\n<\/li>\n<li>\n<p class=\"font_8\"><span class=\"color_15\">Perustamisasiakirjojen ja todistuksen maksetusta osakep\u00e4\u00e4omasta toimittaminen Liettuan patentti- ja rekisterihallitukselle<\/span><\/p>\n<\/li>\n<li>\n<p class=\"font_8\"><span class=\"color_15\">Perustamisasiakirjojen toimitus<\/span><\/p>\n<\/li>\n<li>\n<p class=\"font_8\"><span class=\"color_15\">Kauttamme voit perustaa yrityksen Liettuaan joko et\u00e4n\u00e4 tai paikan p\u00e4\u00e4ll\u00e4 yhdess\u00e4 konsulttiemme kanssa. Tarjoamme my\u00f6s yhti\u00f6n hallinnointi- ja postiosoitepalveluita Liettuassa<\/span><\/p>\n<\/li>\n<\/ul>\n<p>[\/vc_column_text][vc_column_text]<\/p>\n<h3>Verotus<\/h3>\n<p><span class=\"border-left\"><b>Tulovero<\/b><br \/>\nLiettuan yhti\u00f6tulovero on 15%. Lis\u00e4ksi pienet yritykset, jotka ty\u00f6llist\u00e4v\u00e4t enint\u00e4\u00e4n 10 ty\u00f6ntekij\u00e4\u00e4 ja joiden vuositulot ovat enint\u00e4\u00e4n 300 000 Euroa, ovat oikeutettuja erityiseen 5 %:n yrityksen tuloveroon.<\/span><\/p>\n<p><span class=\"border-left\"><b>Osinkojen verotus<\/b><br \/>\nVeroprosentti on 15 % tai 0 %, jos osingonsaaja on toinen yhti\u00f6, joka on omistanut yli 10% osinkoa maksavan yhti\u00f6n osakkeista yli vuoden ajan.<\/span><\/p>\n<p><span class=\"border-left\"><b>Arvonlis\u00e4vero<\/b><br \/>\nYleinen arvonlis\u00e4veroaste on 21%. Alennettua 9 %:n verokantaa sovelletaan mm lehtiin, kirjoihin ja julkiseen liikenteeseen ja alennutta 5 %:n verokantaa sovelletaan l\u00e4\u00e4kkeisiin, teknisiin apuv\u00e4lineisiin ja niiden korjauspalveluihin.<\/span><\/p>\n<p><span class=\"border-left\"><b>Ty\u00f6nantajamaksut<\/b><br \/>\nSosiaaliturvamaksut ovat yhteens\u00e4 n: 34 %, joista ty\u00f6nantajan osuus: 30,98 % -31,7 %.<\/span>[\/vc_column_text][vc_column_text]<\/p>\n<h3>Kirjanpito<\/h3>\n<p><span class=\"border-left\">Tarjoamme ammattitaidolla ja luotettavasti kirjanpitopalveluita Liettuassa. Palveluihimme kuuluu kuukausittainen kirjanpito joko s\u00e4hk\u00f6isesti tai \u201cpaperisena\u201d. Kirjanpito-palveluun kuuluu kirjanpito Liettuan lakien mukaisesti, viranomaisilmoitukset, kuukausittaiset raportit yhti\u00f6n johdolle sek\u00e4 tilinp\u00e4\u00e4t\u00f6s ja veroilmoitus. Yritt\u00e4j\u00e4ll\u00e4 on reaaliaikainen talousseuranta aina saatavilla. Raportoimme sinulle yrityksesi tilanteen jokaisen verokauden j\u00e4lkeen selke\u00e4sti ja erityistarpeet huomioon ottaen.<\/span><\/p>\n<p>UAB yhti\u00f6ll\u00e4 tulee olla tilintarkastaja jos kaksi seuraavista vaatimuksista t\u00e4yttyy<\/p>\n<ul class=\"font_8 color_15\">\n<li>\n<p class=\"font_8\"><span class=\"color_15\">Vuotuinen liikevaihto ylitt\u00e4\u00e4 8 700 000 euroa<\/span><\/p>\n<\/li>\n<li>\n<p class=\"font_8\"><span class=\"color_15\">On omaisuutta yli 5 300 000 euron edest\u00e4<\/span><\/p>\n<\/li>\n<li>\n<p class=\"font_8\"><span class=\"color_15\">On 75 tai enemm\u00e4n ty\u00f6ntekij\u00f6it\u00e4<\/span><\/p>\n<\/li>\n<\/ul>\n<p>[\/vc_column_text][\/vc_column_inner][\/vc_row_inner][vc_row_inner][vc_column_inner width=&#8221;1\/2&#8243;][vc_column_text]<\/p>\n<h3>Peruspalvelut<\/h3>\n<ul class=\"font_8\">\n<li>\n<p class=\"font_8\"><span class=\"color_15\">Yrityksen perustaminen Liettuaan alk. 770<\/span><\/p>\n<\/li>\n<li>\n<p class=\"font_8\"><span class=\"color_15\">Rekister\u00f6intiosoite+postipalvelu: 350\u20ac \/ 12 kk<\/span><\/p>\n<\/li>\n<li>\n<p class=\"font_8\"><span class=\"color_15\">Postiosoitepalvelu 150\u20ac \/ 12 kk<\/span><\/p>\n<\/li>\n<li>\n<p class=\"font_8\"><span class=\"color_15\">Rekister\u00f6inti ALV-rekisteriin: 380 \u20ac<\/span><\/p>\n<\/li>\n<li>\n<p class=\"font_8\"><span class=\"color_15\">Kirjanpitopaketti alk. 75\u20ac \/ kk<\/span><\/p>\n<\/li>\n<li>\n<p class=\"font_8\"><span class=\"color_15\">Taloushallinnon ty\u00f6t 70\u20ac \/ tunti<\/span><\/p>\n<\/li>\n<li>\n<p class=\"font_8\"><span class=\"color_15\">Pankkitilin avauksessa avustaminen alk. 100\u20ac<\/span><\/p>\n<\/li>\n<\/ul>\n<p>[\/vc_column_text][\/vc_column_inner][vc_column_inner width=&#8221;1\/2&#8243;][vc_column_text]<\/p>\n<h3>Muut yrityspalvelut<\/h3>\n<ul class=\"font_8\">\n<li>\n<p class=\"font_8\">Kaupparekisterimuutokset<\/p>\n<\/li>\n<li>\n<p class=\"font_8\">Vaadittujen asiakirjojen laatiminen ja toimittaminen sek\u00e4 tarvittaessa notarisointi<\/p>\n<\/li>\n<li>\n<p class=\"font_8\">Konsultointi ja neuvonta liettualaisen yhti\u00f6n perustamisessa<\/p>\n<\/li>\n<li>\n<p class=\"font_8\">Sopimukset<\/p>\n<\/li>\n<li>\n<p class=\"font_8\"><span class=\"color_15\">Markkinointi- ja liiketoimintasuunnitelmat<\/span><\/p>\n<\/li>\n<\/ul>\n<p class=\"font_8\"><span class=\"color_15\"><span class=\"wixGuard\">\u200b<\/span><\/span><\/p>\n<p>[\/vc_column_text][\/vc_column_inner][\/vc_row_inner][vc_row_inner][vc_column_inner][vc_column_text]<\/p>\n<h4>Kauttamme saat kaiken tarvittavan avun Liettuassa niin yrityksen perustamisessa kuin taloushallinnon palveluissa. Suosittelemme konsultaatiota ennen yrityksen rekister\u00f6inti\u00e4. Ota yhteytt\u00e4 ja kysy lis\u00e4\u00e4 palveluistamme.<\/h4>\n<p>[\/vc_column_text][\/vc_column_inner][\/vc_row_inner][\/vc_column][\/vc_row][vc_row full_width=&#8221;stretch_row&#8221; css=&#8221;.vc_custom_1636825973225{margin-top: 30px !important;background-color: #f5f5f5 !important;}&#8221;][vc_column][vc_row_inner css=&#8221;.vc_custom_1536243977243{padding-top: 100px !important;}&#8221;][vc_column_inner el_class=&#8221;button-top&#8221; offset=&#8221;vc_hidden-xs&#8221;]<header class=\"kd-section-title col-lg-12 text-center  kd-animated fadeIn  \" data-animation-delay=200><h2 class=\"separator_off\" >Oletko valmis aloittamaan? Ota meihin yhteytt\u00e4!<\/h2><h6 class=\"subtitle \" >Mik\u00e4li haluat kuulla lis\u00e4\u00e4 palveluistamme, niin olethan yhteydess\u00e4 meihin.<\/h6><\/header>[\/vc_column_inner][\/vc_row_inner][vc_row_inner css=&#8221;.vc_custom_1536243815259{padding-bottom: 100px !important;}&#8221;][vc_column_inner css=&#8221;.vc_custom_1536243836394{padding-right: 10px !important;}&#8221;]<a  href=\"http:\/\/www.trustimia.com\/fi\/ota-yhteytta\/\"  target=\"_self\"  title=\"Ota yhteytt\u00e4\" class=\"tt_button tt_primary_button btn_primary_color  button-center button-action-link  kd-animated zoomIn\" data-animation-delay=200><span class=\"prim_text\">Ota yhteytt\u00e4<\/span><\/a>[\/vc_column_inner][\/vc_row_inner][\/vc_column][\/vc_row]<\/p>\n<\/div>","protected":false},"excerpt":{"rendered":"<p>[vc_row full_width=&#8221;stretch_row&#8221; kd_image_overlay_color=&#8221;rgba(10,10,10,0.3)&#8221; kd_fixed_background=&#8221;true&#8221; kd_image_overlay=&#8221;true&#8221; css=&#8221;.vc_custom_1637008629813{padding-top: 325px !important;padding-bottom: 30px !important;background-image: url(http:\/\/www.trustimia.com\/wp-content\/uploads\/2021\/11\/Trustimia-1.jpg?id=8393) !important;background-position: center !important;background-repeat: no-repeat !important;background-size: cover !important;}&#8221;][vc_column css=&#8221;.vc_custom_1516115464846{padding-left: 0px [&hellip;]<\/p>\n","protected":false},"author":5,"featured_media":0,"parent":0,"menu_order":0,"comment_status":"closed","ping_status":"closed","template":"","meta":{"content-type":"","inline_featured_image":false,"footnotes":""},"class_list":["post-7990","page","type-page","status-publish","hentry"],"yoast_head":"<!-- This site is optimized with the Yoast SEO Premium plugin v25.9 (Yoast SEO v25.9) - https:\/\/yoast.com\/wordpress\/plugins\/seo\/ -->\n<title>Yrityksen perustaminen Liettua | Trustimia<\/title>\n<meta name=\"description\" content=\"Yhti\u00f6n perustaminen Liettuaan. Liettua tarjoaa monia investointimahdollisuuksia sek\u00e4 kilpailukykyisen liiketoimintaymp\u00e4rist\u00f6n.\" \/>\n<meta name=\"robots\" content=\"index, follow, max-snippet:-1, max-image-preview:large, max-video-preview:-1\" \/>\n<link rel=\"canonical\" href=\"https:\/\/www.trustimia.com\/company-setup-in-lithuania\/\" \/>\n<meta property=\"og:locale\" content=\"et_EE\" \/>\n<meta property=\"og:type\" content=\"article\" \/>\n<meta property=\"og:title\" content=\"Yrityksen perustaminen Liettua\" \/>\n<meta property=\"og:description\" content=\"Yhti\u00f6n perustaminen Liettuaan. Liettua tarjoaa monia investointimahdollisuuksia sek\u00e4 kilpailukykyisen liiketoimintaymp\u00e4rist\u00f6n.\" \/>\n<meta property=\"og:url\" content=\"https:\/\/www.trustimia.com\/company-setup-in-lithuania\/\" \/>\n<meta property=\"og:site_name\" content=\"Trustimia\" \/>\n<meta property=\"article:publisher\" content=\"https:\/\/www.facebook.com\/trustimia\" \/>\n<meta property=\"article:modified_time\" content=\"2022-12-06T04:33:23+00:00\" \/>\n<meta property=\"og:image\" content=\"https:\/\/www.trustimia.com\/wp-content\/uploads\/2021\/11\/Trustimia-1.jpg\" \/>\n\t<meta property=\"og:image:width\" content=\"1800\" \/>\n\t<meta property=\"og:image:height\" content=\"1065\" \/>\n\t<meta property=\"og:image:type\" content=\"image\/jpeg\" \/>\n<meta name=\"twitter:card\" content=\"summary_large_image\" \/>\n<meta name=\"twitter:label1\" content=\"Est. reading time\" \/>\n\t<meta name=\"twitter:data1\" content=\"4 minutit\" \/>\n<script type=\"application\/ld+json\" class=\"yoast-schema-graph\">{\"@context\":\"https:\/\/schema.org\",\"@graph\":[{\"@type\":\"WebPage\",\"@id\":\"https:\/\/www.trustimia.com\/company-setup-in-lithuania\/\",\"url\":\"https:\/\/www.trustimia.com\/company-setup-in-lithuania\/\",\"name\":\"Yrityksen perustaminen Liettua | Trustimia\",\"isPartOf\":{\"@id\":\"https:\/\/www.trustimia.com\/#website\"},\"datePublished\":\"2021-11-13T10:58:57+00:00\",\"dateModified\":\"2022-12-06T04:33:23+00:00\",\"description\":\"Yhti\u00f6n perustaminen Liettuaan. Liettua tarjoaa monia investointimahdollisuuksia sek\u00e4 kilpailukykyisen liiketoimintaymp\u00e4rist\u00f6n.\",\"breadcrumb\":{\"@id\":\"https:\/\/www.trustimia.com\/company-setup-in-lithuania\/#breadcrumb\"},\"inLanguage\":\"et\",\"potentialAction\":[{\"@type\":\"ReadAction\",\"target\":[\"https:\/\/www.trustimia.com\/company-setup-in-lithuania\/\"]}]},{\"@type\":\"BreadcrumbList\",\"@id\":\"https:\/\/www.trustimia.com\/company-setup-in-lithuania\/#breadcrumb\",\"itemListElement\":[{\"@type\":\"ListItem\",\"position\":1,\"name\":\"Home\",\"item\":\"https:\/\/www.trustimia.com\/raamatupidamisteenus\/\"},{\"@type\":\"ListItem\",\"position\":2,\"name\":\"Yrityksen perustaminen Liettua\"}]},{\"@type\":\"WebSite\",\"@id\":\"https:\/\/www.trustimia.com\/#website\",\"url\":\"https:\/\/www.trustimia.com\/\",\"name\":\"Trustimia\",\"description\":\"Set up a company, accounting, business consulting\",\"publisher\":{\"@id\":\"https:\/\/www.trustimia.com\/#organization\"},\"potentialAction\":[{\"@type\":\"SearchAction\",\"target\":{\"@type\":\"EntryPoint\",\"urlTemplate\":\"https:\/\/www.trustimia.com\/?s={search_term_string}\"},\"query-input\":{\"@type\":\"PropertyValueSpecification\",\"valueRequired\":true,\"valueName\":\"search_term_string\"}}],\"inLanguage\":\"et\"},{\"@type\":\"Organization\",\"@id\":\"https:\/\/www.trustimia.com\/#organization\",\"name\":\"Trustimia Group\",\"url\":\"https:\/\/www.trustimia.com\/\",\"logo\":{\"@type\":\"ImageObject\",\"inLanguage\":\"et\",\"@id\":\"https:\/\/www.trustimia.com\/#\/schema\/logo\/image\/\",\"url\":\"http:\/\/www.trustimia.com\/wp-content\/uploads\/2021\/11\/Trustimia-logo.svg\",\"contentUrl\":\"http:\/\/www.trustimia.com\/wp-content\/uploads\/2021\/11\/Trustimia-logo.svg\",\"width\":400,\"height\":91,\"caption\":\"Trustimia Group\"},\"image\":{\"@id\":\"https:\/\/www.trustimia.com\/#\/schema\/logo\/image\/\"},\"sameAs\":[\"https:\/\/www.facebook.com\/trustimia\",\"https:\/\/www.linkedin.com\/company\/trustimia\/\"]}]}<\/script>\n<!-- \/ Yoast SEO Premium plugin. -->","yoast_head_json":{"title":"Yrityksen perustaminen Liettua | Trustimia","description":"Yhti\u00f6n perustaminen Liettuaan. Liettua tarjoaa monia investointimahdollisuuksia sek\u00e4 kilpailukykyisen liiketoimintaymp\u00e4rist\u00f6n.","robots":{"index":"index","follow":"follow","max-snippet":"max-snippet:-1","max-image-preview":"max-image-preview:large","max-video-preview":"max-video-preview:-1"},"canonical":"https:\/\/www.trustimia.com\/company-setup-in-lithuania\/","og_locale":"et_EE","og_type":"article","og_title":"Yrityksen perustaminen Liettua","og_description":"Yhti\u00f6n perustaminen Liettuaan. Liettua tarjoaa monia investointimahdollisuuksia sek\u00e4 kilpailukykyisen liiketoimintaymp\u00e4rist\u00f6n.","og_url":"https:\/\/www.trustimia.com\/company-setup-in-lithuania\/","og_site_name":"Trustimia","article_publisher":"https:\/\/www.facebook.com\/trustimia","article_modified_time":"2022-12-06T04:33:23+00:00","og_image":[{"width":1800,"height":1065,"url":"https:\/\/www.trustimia.com\/wp-content\/uploads\/2021\/11\/Trustimia-1.jpg","type":"image\/jpeg"}],"twitter_card":"summary_large_image","twitter_misc":{"Est. reading time":"4 minutit"},"schema":{"@context":"https:\/\/schema.org","@graph":[{"@type":"WebPage","@id":"https:\/\/www.trustimia.com\/company-setup-in-lithuania\/","url":"https:\/\/www.trustimia.com\/company-setup-in-lithuania\/","name":"Yrityksen perustaminen Liettua | Trustimia","isPartOf":{"@id":"https:\/\/www.trustimia.com\/#website"},"datePublished":"2021-11-13T10:58:57+00:00","dateModified":"2022-12-06T04:33:23+00:00","description":"Yhti\u00f6n perustaminen Liettuaan. Liettua tarjoaa monia investointimahdollisuuksia sek\u00e4 kilpailukykyisen liiketoimintaymp\u00e4rist\u00f6n.","breadcrumb":{"@id":"https:\/\/www.trustimia.com\/company-setup-in-lithuania\/#breadcrumb"},"inLanguage":"et","potentialAction":[{"@type":"ReadAction","target":["https:\/\/www.trustimia.com\/company-setup-in-lithuania\/"]}]},{"@type":"BreadcrumbList","@id":"https:\/\/www.trustimia.com\/company-setup-in-lithuania\/#breadcrumb","itemListElement":[{"@type":"ListItem","position":1,"name":"Home","item":"https:\/\/www.trustimia.com\/raamatupidamisteenus\/"},{"@type":"ListItem","position":2,"name":"Yrityksen perustaminen Liettua"}]},{"@type":"WebSite","@id":"https:\/\/www.trustimia.com\/#website","url":"https:\/\/www.trustimia.com\/","name":"Trustimia","description":"Set up a company, accounting, business consulting","publisher":{"@id":"https:\/\/www.trustimia.com\/#organization"},"potentialAction":[{"@type":"SearchAction","target":{"@type":"EntryPoint","urlTemplate":"https:\/\/www.trustimia.com\/?s={search_term_string}"},"query-input":{"@type":"PropertyValueSpecification","valueRequired":true,"valueName":"search_term_string"}}],"inLanguage":"et"},{"@type":"Organization","@id":"https:\/\/www.trustimia.com\/#organization","name":"Trustimia Group","url":"https:\/\/www.trustimia.com\/","logo":{"@type":"ImageObject","inLanguage":"et","@id":"https:\/\/www.trustimia.com\/#\/schema\/logo\/image\/","url":"http:\/\/www.trustimia.com\/wp-content\/uploads\/2021\/11\/Trustimia-logo.svg","contentUrl":"http:\/\/www.trustimia.com\/wp-content\/uploads\/2021\/11\/Trustimia-logo.svg","width":400,"height":91,"caption":"Trustimia Group"},"image":{"@id":"https:\/\/www.trustimia.com\/#\/schema\/logo\/image\/"},"sameAs":["https:\/\/www.facebook.com\/trustimia","https:\/\/www.linkedin.com\/company\/trustimia\/"]}]}},"_links":{"self":[{"href":"https:\/\/www.trustimia.com\/et\/wp-json\/wp\/v2\/pages\/7990","targetHints":{"allow":["GET"]}}],"collection":[{"href":"https:\/\/www.trustimia.com\/et\/wp-json\/wp\/v2\/pages"}],"about":[{"href":"https:\/\/www.trustimia.com\/et\/wp-json\/wp\/v2\/types\/page"}],"author":[{"embeddable":true,"href":"https:\/\/www.trustimia.com\/et\/wp-json\/wp\/v2\/users\/5"}],"replies":[{"embeddable":true,"href":"https:\/\/www.trustimia.com\/et\/wp-json\/wp\/v2\/comments?post=7990"}],"version-history":[{"count":13,"href":"https:\/\/www.trustimia.com\/et\/wp-json\/wp\/v2\/pages\/7990\/revisions"}],"predecessor-version":[{"id":9353,"href":"https:\/\/www.trustimia.com\/et\/wp-json\/wp\/v2\/pages\/7990\/revisions\/9353"}],"wp:attachment":[{"href":"https:\/\/www.trustimia.com\/et\/wp-json\/wp\/v2\/media?parent=7990"}],"curies":[{"name":"wp","href":"https:\/\/api.w.org\/{rel}","templated":true}]}}