{"id":7995,"date":"2021-11-13T09:43:41","date_gmt":"2021-11-13T09:43:41","guid":{"rendered":"http:\/\/www.trustimia.com\/go-to-market-services\/"},"modified":"2021-12-03T05:22:04","modified_gmt":"2021-12-03T05:22:04","slug":"uue-turu-avamine","status":"publish","type":"page","link":"https:\/\/www.trustimia.com\/et\/uue-turu-avamine\/","title":{"rendered":"Uue turu avamine"},"content":{"rendered":"<div class=\"wpb-content-wrapper\"><p>[vc_row full_width=&#8221;stretch_row&#8221; kd_image_overlay_color=&#8221;rgba(10,10,10,0.3)&#8221; kd_fixed_background=&#8221;true&#8221; kd_image_overlay=&#8221;true&#8221; css=&#8221;.vc_custom_1637009439035{padding-top: 325px !important;padding-bottom: 30px !important;background-image: url(http:\/\/www.trustimia.com\/wp-content\/uploads\/2021\/11\/Trustimia-1.jpg?id=8395) !important;background-position: center !important;background-repeat: no-repeat !important;background-size: cover !important;}&#8221;][vc_column css=&#8221;.vc_custom_1516115464846{padding-left: 0px !important;}&#8221;][vc_row_inner][vc_column_inner width=&#8221;2\/3&#8243;][vc_custom_heading text=&#8221;Uue turu avamine<br \/>\n&#8221; font_container=&#8221;tag:h2|font_size:40px|text_align:left|color:%23ffffff&#8221; use_theme_fonts=&#8221;yes&#8221; css_animation=&#8221;fadeIn&#8221; css=&#8221;.vc_custom_1637928957161{margin-top: 10px !important;margin-bottom: 30px !important;}&#8221;][\/vc_column_inner][vc_column_inner width=&#8221;1\/3&#8243; css=&#8221;.vc_custom_1556031720200{padding-top: 40px !important;}&#8221; offset=&#8221;vc_hidden-sm vc_hidden-xs&#8221;][\/vc_column_inner][\/vc_row_inner][\/vc_column][\/vc_row][vc_row css=&#8221;.vc_custom_1636824165693{border-bottom-width: 1px !important;padding-right: 0px !important;padding-bottom: 40px !important;padding-left: 0px !important;background-color: #ffffff !important;border-bottom-color: #ffffff !important;}&#8221;][vc_column css=&#8221;.vc_custom_1544542885714{margin-top: -60px !important;}&#8221;][vc_row_inner][vc_column_inner offset=&#8221;vc_hidden-lg vc_hidden-md&#8221;][vc_empty_space height=&#8221;10px&#8221;][\/vc_column_inner][\/vc_row_inner][\/vc_column][vc_column el_class=&#8221;services-first&#8221;][vc_row_inner][vc_column_inner]<header class=\"kd-section-title col-lg-12 text-center    \" ><h2 class=\"separator_off\" >Kas alustate uut ettev\u00f5tet v\u00f5i laiendate oma \u00e4ri Soomes, Eestis, L\u00e4tis v\u00f5i Leedus? Trustimia on teie jaoks \u00f5ige partner k\u00f5igis ettev\u00f5tluse alustamise ja uue turu avamisega seotud k\u00fcsimustes.<\/h2><\/header>[\/vc_column_inner][\/vc_row_inner][\/vc_column][\/vc_row][vc_row el_class=&#8221;detail-content&#8221;][vc_column][vc_row_inner el_class=&#8221;main-list&#8221;][vc_column_inner el_class=&#8221;services-half&#8221;][vc_column_text]<\/p>\n<h3><strong>Me saame teid aidata j\u00e4rgmistes k\u00fcsimustes:<\/strong><\/h3>\n<ul>\n<li style=\"font-weight: 400;\" aria-level=\"1\"><span style=\"font-weight: 400;\">turuanal\u00fc\u00fcs<\/span><\/li>\n<li style=\"font-weight: 400;\" aria-level=\"1\"><span style=\"font-weight: 400;\">firma asutamine<\/span><\/li>\n<li style=\"font-weight: 400;\" aria-level=\"1\"><span style=\"font-weight: 400;\">avalike toetuste taotlemine<\/span><\/li>\n<li style=\"font-weight: 400;\" aria-level=\"1\"><span style=\"font-weight: 400;\">v\u00e4rbamine<\/span><\/li>\n<li style=\"font-weight: 400;\" aria-level=\"1\"><span style=\"font-weight: 400;\">ruumid ja krundid<\/span><\/li>\n<li style=\"font-weight: 400;\" aria-level=\"1\"><span style=\"font-weight: 400;\">\u00f5igete partnerite leidmine<\/span><\/li>\n<li style=\"font-weight: 400;\" aria-level=\"1\"><span style=\"font-weight: 400;\">\u00f5igusteenused<\/span><\/li>\n<\/ul>\n<p>[\/vc_column_text][\/vc_column_inner][\/vc_row_inner][vc_column_text]<\/p>\n<h4><strong>Teie k\u00e4sutuses on meie ekspertide suur ja mitmek\u00fclgne kogemus erinevates valdkondades ning lai kontaktide v\u00f5rgustik. V\u00f5tke meiega \u00fchendust, et koos v\u00e4lja selgitada, kuidas saaksime teie ettev\u00f5tet k\u00f5ige paremini aidata.<\/strong><\/h4>\n<p>[\/vc_column_text][\/vc_column][\/vc_row][vc_row full_width=&#8221;stretch_row&#8221; css=&#8221;.vc_custom_1555681184211{background-color: #f5f5f5 !important;}&#8221;][vc_column][vc_row_inner css=&#8221;.vc_custom_1536243977243{padding-top: 100px !important;}&#8221;][vc_column_inner el_class=&#8221;button-top&#8221; offset=&#8221;vc_hidden-xs&#8221;]<header class=\"kd-section-title col-lg-12 text-center  kd-animated fadeIn  \" data-animation-delay=200><h2 class=\"separator_off\" >Kas olete valmis alustama? V\u00f5tke meiega \u00fchendust!<br \/>\n<\/h2><h6 class=\"subtitle \" >Kui soovite meie teenuste kohta rohkem teada saada, v\u00f5tke meiega \u00fchendust.<\/h6><\/header>[\/vc_column_inner][\/vc_row_inner][vc_row_inner css=&#8221;.vc_custom_1536243815259{padding-bottom: 100px !important;}&#8221;][vc_column_inner css=&#8221;.vc_custom_1536243836394{padding-right: 10px !important;}&#8221;]<a  href=\"\/contact\"  target=\"_blank\"  title=\"Contact\" class=\"tt_button tt_primary_button btn_primary_color  button-center button-action-link  kd-animated zoomIn\" data-animation-delay=200><span class=\"prim_text\">V\u00f5tke \u00fchendust<\/span><\/a>[\/vc_column_inner][\/vc_row_inner][\/vc_column][\/vc_row][vc_row][vc_column][vc_column_text]<\/p>\n<p>[\/vc_column_text][\/vc_column][\/vc_row]<\/p>\n<\/div>","protected":false},"excerpt":{"rendered":"<p>[vc_row full_width=&#8221;stretch_row&#8221; kd_image_overlay_color=&#8221;rgba(10,10,10,0.3)&#8221; kd_fixed_background=&#8221;true&#8221; kd_image_overlay=&#8221;true&#8221; css=&#8221;.vc_custom_1637009439035{padding-top: 325px !important;padding-bottom: 30px !important;background-image: url(http:\/\/www.trustimia.com\/wp-content\/uploads\/2021\/11\/Trustimia-1.jpg?id=8395) !important;background-position: center !important;background-repeat: no-repeat !important;background-size: cover !important;}&#8221;][vc_column css=&#8221;.vc_custom_1516115464846{padding-left: 0px [&hellip;]<\/p>\n","protected":false},"author":5,"featured_media":0,"parent":0,"menu_order":0,"comment_status":"closed","ping_status":"closed","template":"","meta":{"content-type":"","inline_featured_image":false,"footnotes":""},"class_list":["post-7995","page","type-page","status-publish","hentry"],"yoast_head":"<!-- This site is optimized with the Yoast SEO Premium plugin v25.9 (Yoast SEO v25.9) - https:\/\/yoast.com\/wordpress\/plugins\/seo\/ -->\n<title>Uue turu avamine | Trustimia<\/title>\n<meta name=\"description\" content=\"Kas alustate uut ettev\u00f5tet v\u00f5i laiendate oma \u00e4ri Soomes, Eestis, L\u00e4tis v\u00f5i Leedus? Trustimia on teie jaoks \u00f5ige partner k\u00f5igis ettev\u00f5tluse alustamise ja uue turu avamisega seotud k\u00fcsimustes.\" \/>\n<meta name=\"robots\" content=\"index, follow, max-snippet:-1, max-image-preview:large, max-video-preview:-1\" \/>\n<link rel=\"canonical\" href=\"https:\/\/www.trustimia.com\/et\/uue-turu-avamine\/\" \/>\n<meta property=\"og:locale\" content=\"et_EE\" \/>\n<meta property=\"og:type\" content=\"article\" \/>\n<meta property=\"og:title\" content=\"Uue turu avamine\" \/>\n<meta property=\"og:description\" content=\"Kas alustate uut ettev\u00f5tet v\u00f5i laiendate oma \u00e4ri Soomes, Eestis, L\u00e4tis v\u00f5i Leedus? Trustimia on teie jaoks \u00f5ige partner k\u00f5igis ettev\u00f5tluse alustamise ja uue turu avamisega seotud k\u00fcsimustes.\" \/>\n<meta property=\"og:url\" content=\"https:\/\/www.trustimia.com\/et\/uue-turu-avamine\/\" \/>\n<meta property=\"og:site_name\" content=\"Trustimia\" \/>\n<meta property=\"article:publisher\" content=\"https:\/\/www.facebook.com\/trustimia\" \/>\n<meta property=\"article:modified_time\" content=\"2021-12-03T05:22:04+00:00\" \/>\n<meta property=\"og:image\" content=\"https:\/\/www.trustimia.com\/wp-content\/uploads\/2021\/11\/Trustimia-1.jpg\" \/>\n\t<meta property=\"og:image:width\" content=\"1800\" \/>\n\t<meta property=\"og:image:height\" content=\"1065\" \/>\n\t<meta property=\"og:image:type\" content=\"image\/jpeg\" \/>\n<meta name=\"twitter:card\" content=\"summary_large_image\" \/>\n<meta name=\"twitter:label1\" content=\"Est. reading time\" \/>\n\t<meta name=\"twitter:data1\" content=\"1 minut\" \/>\n<script type=\"application\/ld+json\" class=\"yoast-schema-graph\">{\"@context\":\"https:\/\/schema.org\",\"@graph\":[{\"@type\":\"WebPage\",\"@id\":\"https:\/\/www.trustimia.com\/et\/uue-turu-avamine\/\",\"url\":\"https:\/\/www.trustimia.com\/et\/uue-turu-avamine\/\",\"name\":\"Uue turu avamine | Trustimia\",\"isPartOf\":{\"@id\":\"https:\/\/www.trustimia.com\/#website\"},\"datePublished\":\"2021-11-13T09:43:41+00:00\",\"dateModified\":\"2021-12-03T05:22:04+00:00\",\"description\":\"Kas alustate uut ettev\u00f5tet v\u00f5i laiendate oma \u00e4ri Soomes, Eestis, L\u00e4tis v\u00f5i Leedus? Trustimia on teie jaoks \u00f5ige partner k\u00f5igis ettev\u00f5tluse alustamise ja uue turu avamisega seotud k\u00fcsimustes.\",\"breadcrumb\":{\"@id\":\"https:\/\/www.trustimia.com\/et\/uue-turu-avamine\/#breadcrumb\"},\"inLanguage\":\"et\",\"potentialAction\":[{\"@type\":\"ReadAction\",\"target\":[\"https:\/\/www.trustimia.com\/et\/uue-turu-avamine\/\"]}]},{\"@type\":\"BreadcrumbList\",\"@id\":\"https:\/\/www.trustimia.com\/et\/uue-turu-avamine\/#breadcrumb\",\"itemListElement\":[{\"@type\":\"ListItem\",\"position\":1,\"name\":\"Home\",\"item\":\"https:\/\/www.trustimia.com\/raamatupidamisteenus\/\"},{\"@type\":\"ListItem\",\"position\":2,\"name\":\"Uue turu avamine\"}]},{\"@type\":\"WebSite\",\"@id\":\"https:\/\/www.trustimia.com\/#website\",\"url\":\"https:\/\/www.trustimia.com\/\",\"name\":\"Trustimia\",\"description\":\"Set up a company, accounting, business consulting\",\"publisher\":{\"@id\":\"https:\/\/www.trustimia.com\/#organization\"},\"potentialAction\":[{\"@type\":\"SearchAction\",\"target\":{\"@type\":\"EntryPoint\",\"urlTemplate\":\"https:\/\/www.trustimia.com\/?s={search_term_string}\"},\"query-input\":{\"@type\":\"PropertyValueSpecification\",\"valueRequired\":true,\"valueName\":\"search_term_string\"}}],\"inLanguage\":\"et\"},{\"@type\":\"Organization\",\"@id\":\"https:\/\/www.trustimia.com\/#organization\",\"name\":\"Trustimia Group\",\"url\":\"https:\/\/www.trustimia.com\/\",\"logo\":{\"@type\":\"ImageObject\",\"inLanguage\":\"et\",\"@id\":\"https:\/\/www.trustimia.com\/#\/schema\/logo\/image\/\",\"url\":\"http:\/\/www.trustimia.com\/wp-content\/uploads\/2021\/11\/Trustimia-logo.svg\",\"contentUrl\":\"http:\/\/www.trustimia.com\/wp-content\/uploads\/2021\/11\/Trustimia-logo.svg\",\"width\":400,\"height\":91,\"caption\":\"Trustimia Group\"},\"image\":{\"@id\":\"https:\/\/www.trustimia.com\/#\/schema\/logo\/image\/\"},\"sameAs\":[\"https:\/\/www.facebook.com\/trustimia\",\"https:\/\/www.linkedin.com\/company\/trustimia\/\"]}]}<\/script>\n<!-- \/ Yoast SEO Premium plugin. -->","yoast_head_json":{"title":"Uue turu avamine | Trustimia","description":"Kas alustate uut ettev\u00f5tet v\u00f5i laiendate oma \u00e4ri Soomes, Eestis, L\u00e4tis v\u00f5i Leedus? Trustimia on teie jaoks \u00f5ige partner k\u00f5igis ettev\u00f5tluse alustamise ja uue turu avamisega seotud k\u00fcsimustes.","robots":{"index":"index","follow":"follow","max-snippet":"max-snippet:-1","max-image-preview":"max-image-preview:large","max-video-preview":"max-video-preview:-1"},"canonical":"https:\/\/www.trustimia.com\/et\/uue-turu-avamine\/","og_locale":"et_EE","og_type":"article","og_title":"Uue turu avamine","og_description":"Kas alustate uut ettev\u00f5tet v\u00f5i laiendate oma \u00e4ri Soomes, Eestis, L\u00e4tis v\u00f5i Leedus? Trustimia on teie jaoks \u00f5ige partner k\u00f5igis ettev\u00f5tluse alustamise ja uue turu avamisega seotud k\u00fcsimustes.","og_url":"https:\/\/www.trustimia.com\/et\/uue-turu-avamine\/","og_site_name":"Trustimia","article_publisher":"https:\/\/www.facebook.com\/trustimia","article_modified_time":"2021-12-03T05:22:04+00:00","og_image":[{"width":1800,"height":1065,"url":"https:\/\/www.trustimia.com\/wp-content\/uploads\/2021\/11\/Trustimia-1.jpg","type":"image\/jpeg"}],"twitter_card":"summary_large_image","twitter_misc":{"Est. reading time":"1 minut"},"schema":{"@context":"https:\/\/schema.org","@graph":[{"@type":"WebPage","@id":"https:\/\/www.trustimia.com\/et\/uue-turu-avamine\/","url":"https:\/\/www.trustimia.com\/et\/uue-turu-avamine\/","name":"Uue turu avamine | Trustimia","isPartOf":{"@id":"https:\/\/www.trustimia.com\/#website"},"datePublished":"2021-11-13T09:43:41+00:00","dateModified":"2021-12-03T05:22:04+00:00","description":"Kas alustate uut ettev\u00f5tet v\u00f5i laiendate oma \u00e4ri Soomes, Eestis, L\u00e4tis v\u00f5i Leedus? Trustimia on teie jaoks \u00f5ige partner k\u00f5igis ettev\u00f5tluse alustamise ja uue turu avamisega seotud k\u00fcsimustes.","breadcrumb":{"@id":"https:\/\/www.trustimia.com\/et\/uue-turu-avamine\/#breadcrumb"},"inLanguage":"et","potentialAction":[{"@type":"ReadAction","target":["https:\/\/www.trustimia.com\/et\/uue-turu-avamine\/"]}]},{"@type":"BreadcrumbList","@id":"https:\/\/www.trustimia.com\/et\/uue-turu-avamine\/#breadcrumb","itemListElement":[{"@type":"ListItem","position":1,"name":"Home","item":"https:\/\/www.trustimia.com\/raamatupidamisteenus\/"},{"@type":"ListItem","position":2,"name":"Uue turu avamine"}]},{"@type":"WebSite","@id":"https:\/\/www.trustimia.com\/#website","url":"https:\/\/www.trustimia.com\/","name":"Trustimia","description":"Set up a company, accounting, business consulting","publisher":{"@id":"https:\/\/www.trustimia.com\/#organization"},"potentialAction":[{"@type":"SearchAction","target":{"@type":"EntryPoint","urlTemplate":"https:\/\/www.trustimia.com\/?s={search_term_string}"},"query-input":{"@type":"PropertyValueSpecification","valueRequired":true,"valueName":"search_term_string"}}],"inLanguage":"et"},{"@type":"Organization","@id":"https:\/\/www.trustimia.com\/#organization","name":"Trustimia Group","url":"https:\/\/www.trustimia.com\/","logo":{"@type":"ImageObject","inLanguage":"et","@id":"https:\/\/www.trustimia.com\/#\/schema\/logo\/image\/","url":"http:\/\/www.trustimia.com\/wp-content\/uploads\/2021\/11\/Trustimia-logo.svg","contentUrl":"http:\/\/www.trustimia.com\/wp-content\/uploads\/2021\/11\/Trustimia-logo.svg","width":400,"height":91,"caption":"Trustimia Group"},"image":{"@id":"https:\/\/www.trustimia.com\/#\/schema\/logo\/image\/"},"sameAs":["https:\/\/www.facebook.com\/trustimia","https:\/\/www.linkedin.com\/company\/trustimia\/"]}]}},"_links":{"self":[{"href":"https:\/\/www.trustimia.com\/et\/wp-json\/wp\/v2\/pages\/7995","targetHints":{"allow":["GET"]}}],"collection":[{"href":"https:\/\/www.trustimia.com\/et\/wp-json\/wp\/v2\/pages"}],"about":[{"href":"https:\/\/www.trustimia.com\/et\/wp-json\/wp\/v2\/types\/page"}],"author":[{"embeddable":true,"href":"https:\/\/www.trustimia.com\/et\/wp-json\/wp\/v2\/users\/5"}],"replies":[{"embeddable":true,"href":"https:\/\/www.trustimia.com\/et\/wp-json\/wp\/v2\/comments?post=7995"}],"version-history":[{"count":5,"href":"https:\/\/www.trustimia.com\/et\/wp-json\/wp\/v2\/pages\/7995\/revisions"}],"predecessor-version":[{"id":8637,"href":"https:\/\/www.trustimia.com\/et\/wp-json\/wp\/v2\/pages\/7995\/revisions\/8637"}],"wp:attachment":[{"href":"https:\/\/www.trustimia.com\/et\/wp-json\/wp\/v2\/media?parent=7995"}],"curies":[{"name":"wp","href":"https:\/\/api.w.org\/{rel}","templated":true}]}}