{"id":7996,"date":"2021-11-13T09:43:41","date_gmt":"2021-11-13T09:43:41","guid":{"rendered":"http:\/\/www.trustimia.com\/go-to-market-services\/"},"modified":"2022-10-04T18:19:36","modified_gmt":"2022-10-04T18:19:36","slug":"uuden-markkinan-avaus","status":"publish","type":"page","link":"https:\/\/www.trustimia.com\/et\/uuden-markkinan-avaus\/","title":{"rendered":"Uuden markkinan avaus"},"content":{"rendered":"<div class=\"wpb-content-wrapper\"><p>[vc_row full_width=&#8221;stretch_row&#8221; kd_image_overlay_color=&#8221;rgba(10,10,10,0.31)&#8221; kd_fixed_background=&#8221;true&#8221; kd_image_overlay=&#8221;true&#8221; css=&#8221;.vc_custom_1637009175860{padding-top: 325px !important;padding-bottom: 30px !important;background-image: url(http:\/\/www.trustimia.com\/wp-content\/uploads\/2021\/11\/Trustimia-1.jpg?id=8393) !important;background-position: center !important;background-repeat: no-repeat !important;background-size: cover !important;}&#8221;][vc_column css=&#8221;.vc_custom_1516115464846{padding-left: 0px !important;}&#8221;][vc_row_inner][vc_column_inner width=&#8221;2\/3&#8243;][vc_custom_heading text=&#8221;Uuden markkinan avaus Virossa, Latviassa, Liettuassa &#8211; Balttia on t\u00e4ynn\u00e4 kasvumahdollisuuksia&#8221; font_container=&#8221;tag:h2|font_size:40px|text_align:left|color:%23ffffff&#8221; use_theme_fonts=&#8221;yes&#8221; css_animation=&#8221;fadeIn&#8221; css=&#8221;.vc_custom_1664907573188{margin-top: 10px !important;margin-bottom: 30px !important;}&#8221;][\/vc_column_inner][vc_column_inner width=&#8221;1\/3&#8243; css=&#8221;.vc_custom_1556031720200{padding-top: 40px !important;}&#8221; offset=&#8221;vc_hidden-sm vc_hidden-xs&#8221;][\/vc_column_inner][\/vc_row_inner][\/vc_column][\/vc_row][vc_row css=&#8221;.vc_custom_1636824165693{border-bottom-width: 1px !important;padding-right: 0px !important;padding-bottom: 40px !important;padding-left: 0px !important;background-color: #ffffff !important;border-bottom-color: #ffffff !important;}&#8221;][vc_column css=&#8221;.vc_custom_1544542885714{margin-top: -60px !important;}&#8221;][vc_row_inner][vc_column_inner offset=&#8221;vc_hidden-lg vc_hidden-md&#8221;][vc_empty_space height=&#8221;10px&#8221;][\/vc_column_inner][\/vc_row_inner][\/vc_column][vc_column el_class=&#8221;services-first&#8221;][vc_row_inner][vc_column_inner]<header class=\"kd-section-title col-lg-12 text-center    \" ><h2 class=\"separator_off\" >Oletko aloittamassa uutta liiketoimintaa tai laajentamassa liiketoimintaasi Suomessa, Virossa, Latviassa tai Liettuassa? Trustimia on sinulle oikea kumppani kaikissa liiketoiminnan aloittamiseen ja uuden markkinan avaamiseen liittyviss\u00e4 asioissa.<\/h2><\/header>[\/vc_column_inner][\/vc_row_inner][\/vc_column][\/vc_row][vc_row el_class=&#8221;detail-content&#8221;][vc_column][vc_row_inner el_class=&#8221;main-list&#8221;][vc_column_inner el_class=&#8221;services-half&#8221;][vc_column_text]<\/p>\n<h3>Avustamme mm. seuraavissa asioissa<\/h3>\n<ul class=\"font_8 color_15\">\n<li>\n<p class=\"font_8\"><span class=\"color_15\">Markkina-analyysi<\/span><\/p>\n<\/li>\n<li>\n<p class=\"font_8\"><span class=\"color_15\">Yhti\u00f6n perustaminen<\/span><\/p>\n<\/li>\n<li>Julkisten avustusten hakemisessa<\/li>\n<li>\n<p class=\"font_8\"><span class=\"color_15\">Rekrytoinnit<\/span><\/p>\n<\/li>\n<li>\n<p class=\"font_8\"><span class=\"color_15\">Toimitilat ja tontit<\/span><\/p>\n<\/li>\n<li>\n<p class=\"font_8\"><span class=\"color_15\">Oikeiden kumppaneiden etsint\u00e4<\/span><\/p>\n<\/li>\n<li>\n<p class=\"font_8\"><span class=\"color_15\">Juridiset palvelut<\/span><\/p>\n<\/li>\n<\/ul>\n<p>[\/vc_column_text][\/vc_column_inner][\/vc_row_inner][vc_column_text]<\/p>\n<h4>K\u00e4yt\u00f6ss\u00e4si on asiantuntijoidemme vahva ja monipuolinen kokemus eri toimialoilta, sek\u00e4 laaja kontaktiverkosto. Ota yhteytt\u00e4, niin selvitet\u00e4\u00e4n yhdess\u00e4 miten voimme parhaiten auttaa juuri sinun liiketoimintaasi.<\/h4>\n<p>[\/vc_column_text][\/vc_column][\/vc_row][vc_row full_width=&#8221;stretch_row&#8221; css=&#8221;.vc_custom_1555681184211{background-color: #f5f5f5 !important;}&#8221;][vc_column][vc_row_inner css=&#8221;.vc_custom_1536243977243{padding-top: 100px !important;}&#8221;][vc_column_inner el_class=&#8221;button-top&#8221; offset=&#8221;vc_hidden-xs&#8221;]<header class=\"kd-section-title col-lg-12 text-center  kd-animated fadeIn  \" data-animation-delay=200><h2 class=\"separator_off\" >Oletko valmis aloittamaan? Ota meihin yhteytt\u00e4!<\/h2><h6 class=\"subtitle \" >Mik\u00e4li haluat kuulla lis\u00e4\u00e4 palveluistamme, niin olethan yhteydess\u00e4 meihin.<\/h6><\/header>[\/vc_column_inner][\/vc_row_inner][vc_row_inner css=&#8221;.vc_custom_1536243815259{padding-bottom: 100px !important;}&#8221;][vc_column_inner css=&#8221;.vc_custom_1536243836394{padding-right: 10px !important;}&#8221;]<a  href=\"https:\/\/www.trustimia.com\/fi\/ota-yhteytta\/\"  target=\"_self\"  title=\"Ota yhteytt\u00e4\" class=\"tt_button tt_primary_button btn_primary_color  button-center button-action-link  kd-animated zoomIn\" data-animation-delay=200><span class=\"prim_text\">Ota yhteytt\u00e4<\/span><\/a>[\/vc_column_inner][\/vc_row_inner][\/vc_column][\/vc_row]<\/p>\n<\/div>","protected":false},"excerpt":{"rendered":"<p>[vc_row full_width=&#8221;stretch_row&#8221; kd_image_overlay_color=&#8221;rgba(10,10,10,0.31)&#8221; kd_fixed_background=&#8221;true&#8221; kd_image_overlay=&#8221;true&#8221; css=&#8221;.vc_custom_1637009175860{padding-top: 325px !important;padding-bottom: 30px !important;background-image: url(http:\/\/www.trustimia.com\/wp-content\/uploads\/2021\/11\/Trustimia-1.jpg?id=8393) !important;background-position: center !important;background-repeat: no-repeat !important;background-size: cover !important;}&#8221;][vc_column css=&#8221;.vc_custom_1516115464846{padding-left: 0px [&hellip;]<\/p>\n","protected":false},"author":5,"featured_media":0,"parent":0,"menu_order":0,"comment_status":"closed","ping_status":"closed","template":"","meta":{"content-type":"","inline_featured_image":false,"footnotes":""},"class_list":["post-7996","page","type-page","status-publish","hentry"],"yoast_head":"<!-- This site is optimized with the Yoast SEO Premium plugin v25.9 (Yoast SEO v25.9) - https:\/\/yoast.com\/wordpress\/plugins\/seo\/ -->\n<title>Uuden markkinan avaus Virossa Trustimia | Me autamme<\/title>\n<meta name=\"description\" content=\"Oletko aloittamassa uutta liiketoimintaa tai laajentamassa liiketoimintaasi Suomessa, Virossa, Latviassa tai Liettuassa?\" \/>\n<meta name=\"robots\" content=\"index, follow, max-snippet:-1, max-image-preview:large, max-video-preview:-1\" \/>\n<link rel=\"canonical\" href=\"https:\/\/www.trustimia.com\/go-to-market-services\/\" \/>\n<meta property=\"og:locale\" content=\"et_EE\" \/>\n<meta property=\"og:type\" content=\"article\" \/>\n<meta property=\"og:title\" content=\"Uuden markkinan avaus\" \/>\n<meta property=\"og:description\" content=\"Oletko aloittamassa uutta liiketoimintaa tai laajentamassa liiketoimintaasi Suomessa, Virossa, Latviassa tai Liettuassa?\" \/>\n<meta property=\"og:url\" content=\"https:\/\/www.trustimia.com\/go-to-market-services\/\" \/>\n<meta property=\"og:site_name\" content=\"Trustimia\" \/>\n<meta property=\"article:publisher\" content=\"https:\/\/www.facebook.com\/trustimia\" \/>\n<meta property=\"article:modified_time\" content=\"2022-10-04T18:19:36+00:00\" \/>\n<meta property=\"og:image\" content=\"https:\/\/www.trustimia.com\/wp-content\/uploads\/2021\/11\/Trustimia-1.jpg\" \/>\n\t<meta property=\"og:image:width\" content=\"1800\" \/>\n\t<meta property=\"og:image:height\" content=\"1065\" \/>\n\t<meta property=\"og:image:type\" content=\"image\/jpeg\" \/>\n<meta name=\"twitter:card\" content=\"summary_large_image\" \/>\n<meta name=\"twitter:label1\" content=\"Est. reading time\" \/>\n\t<meta name=\"twitter:data1\" content=\"3 minutit\" \/>\n<script type=\"application\/ld+json\" class=\"yoast-schema-graph\">{\"@context\":\"https:\/\/schema.org\",\"@graph\":[{\"@type\":\"WebPage\",\"@id\":\"https:\/\/www.trustimia.com\/go-to-market-services\/\",\"url\":\"https:\/\/www.trustimia.com\/go-to-market-services\/\",\"name\":\"Uuden markkinan avaus Virossa Trustimia | Me autamme\",\"isPartOf\":{\"@id\":\"https:\/\/www.trustimia.com\/#website\"},\"datePublished\":\"2021-11-13T09:43:41+00:00\",\"dateModified\":\"2022-10-04T18:19:36+00:00\",\"description\":\"Oletko aloittamassa uutta liiketoimintaa tai laajentamassa liiketoimintaasi Suomessa, Virossa, Latviassa tai Liettuassa?\",\"breadcrumb\":{\"@id\":\"https:\/\/www.trustimia.com\/go-to-market-services\/#breadcrumb\"},\"inLanguage\":\"et\",\"potentialAction\":[{\"@type\":\"ReadAction\",\"target\":[\"https:\/\/www.trustimia.com\/go-to-market-services\/\"]}]},{\"@type\":\"BreadcrumbList\",\"@id\":\"https:\/\/www.trustimia.com\/go-to-market-services\/#breadcrumb\",\"itemListElement\":[{\"@type\":\"ListItem\",\"position\":1,\"name\":\"Home\",\"item\":\"https:\/\/www.trustimia.com\/raamatupidamisteenus\/\"},{\"@type\":\"ListItem\",\"position\":2,\"name\":\"Uuden markkinan avaus\"}]},{\"@type\":\"WebSite\",\"@id\":\"https:\/\/www.trustimia.com\/#website\",\"url\":\"https:\/\/www.trustimia.com\/\",\"name\":\"Trustimia\",\"description\":\"Set up a company, accounting, business consulting\",\"publisher\":{\"@id\":\"https:\/\/www.trustimia.com\/#organization\"},\"potentialAction\":[{\"@type\":\"SearchAction\",\"target\":{\"@type\":\"EntryPoint\",\"urlTemplate\":\"https:\/\/www.trustimia.com\/?s={search_term_string}\"},\"query-input\":{\"@type\":\"PropertyValueSpecification\",\"valueRequired\":true,\"valueName\":\"search_term_string\"}}],\"inLanguage\":\"et\"},{\"@type\":\"Organization\",\"@id\":\"https:\/\/www.trustimia.com\/#organization\",\"name\":\"Trustimia Group\",\"url\":\"https:\/\/www.trustimia.com\/\",\"logo\":{\"@type\":\"ImageObject\",\"inLanguage\":\"et\",\"@id\":\"https:\/\/www.trustimia.com\/#\/schema\/logo\/image\/\",\"url\":\"http:\/\/www.trustimia.com\/wp-content\/uploads\/2021\/11\/Trustimia-logo.svg\",\"contentUrl\":\"http:\/\/www.trustimia.com\/wp-content\/uploads\/2021\/11\/Trustimia-logo.svg\",\"width\":400,\"height\":91,\"caption\":\"Trustimia Group\"},\"image\":{\"@id\":\"https:\/\/www.trustimia.com\/#\/schema\/logo\/image\/\"},\"sameAs\":[\"https:\/\/www.facebook.com\/trustimia\",\"https:\/\/www.linkedin.com\/company\/trustimia\/\"]}]}<\/script>\n<!-- \/ Yoast SEO Premium plugin. -->","yoast_head_json":{"title":"Uuden markkinan avaus Virossa Trustimia | Me autamme","description":"Oletko aloittamassa uutta liiketoimintaa tai laajentamassa liiketoimintaasi Suomessa, Virossa, Latviassa tai Liettuassa?","robots":{"index":"index","follow":"follow","max-snippet":"max-snippet:-1","max-image-preview":"max-image-preview:large","max-video-preview":"max-video-preview:-1"},"canonical":"https:\/\/www.trustimia.com\/go-to-market-services\/","og_locale":"et_EE","og_type":"article","og_title":"Uuden markkinan avaus","og_description":"Oletko aloittamassa uutta liiketoimintaa tai laajentamassa liiketoimintaasi Suomessa, Virossa, Latviassa tai Liettuassa?","og_url":"https:\/\/www.trustimia.com\/go-to-market-services\/","og_site_name":"Trustimia","article_publisher":"https:\/\/www.facebook.com\/trustimia","article_modified_time":"2022-10-04T18:19:36+00:00","og_image":[{"width":1800,"height":1065,"url":"https:\/\/www.trustimia.com\/wp-content\/uploads\/2021\/11\/Trustimia-1.jpg","type":"image\/jpeg"}],"twitter_card":"summary_large_image","twitter_misc":{"Est. reading time":"3 minutit"},"schema":{"@context":"https:\/\/schema.org","@graph":[{"@type":"WebPage","@id":"https:\/\/www.trustimia.com\/go-to-market-services\/","url":"https:\/\/www.trustimia.com\/go-to-market-services\/","name":"Uuden markkinan avaus Virossa Trustimia | Me autamme","isPartOf":{"@id":"https:\/\/www.trustimia.com\/#website"},"datePublished":"2021-11-13T09:43:41+00:00","dateModified":"2022-10-04T18:19:36+00:00","description":"Oletko aloittamassa uutta liiketoimintaa tai laajentamassa liiketoimintaasi Suomessa, Virossa, Latviassa tai Liettuassa?","breadcrumb":{"@id":"https:\/\/www.trustimia.com\/go-to-market-services\/#breadcrumb"},"inLanguage":"et","potentialAction":[{"@type":"ReadAction","target":["https:\/\/www.trustimia.com\/go-to-market-services\/"]}]},{"@type":"BreadcrumbList","@id":"https:\/\/www.trustimia.com\/go-to-market-services\/#breadcrumb","itemListElement":[{"@type":"ListItem","position":1,"name":"Home","item":"https:\/\/www.trustimia.com\/raamatupidamisteenus\/"},{"@type":"ListItem","position":2,"name":"Uuden markkinan avaus"}]},{"@type":"WebSite","@id":"https:\/\/www.trustimia.com\/#website","url":"https:\/\/www.trustimia.com\/","name":"Trustimia","description":"Set up a company, accounting, business consulting","publisher":{"@id":"https:\/\/www.trustimia.com\/#organization"},"potentialAction":[{"@type":"SearchAction","target":{"@type":"EntryPoint","urlTemplate":"https:\/\/www.trustimia.com\/?s={search_term_string}"},"query-input":{"@type":"PropertyValueSpecification","valueRequired":true,"valueName":"search_term_string"}}],"inLanguage":"et"},{"@type":"Organization","@id":"https:\/\/www.trustimia.com\/#organization","name":"Trustimia Group","url":"https:\/\/www.trustimia.com\/","logo":{"@type":"ImageObject","inLanguage":"et","@id":"https:\/\/www.trustimia.com\/#\/schema\/logo\/image\/","url":"http:\/\/www.trustimia.com\/wp-content\/uploads\/2021\/11\/Trustimia-logo.svg","contentUrl":"http:\/\/www.trustimia.com\/wp-content\/uploads\/2021\/11\/Trustimia-logo.svg","width":400,"height":91,"caption":"Trustimia Group"},"image":{"@id":"https:\/\/www.trustimia.com\/#\/schema\/logo\/image\/"},"sameAs":["https:\/\/www.facebook.com\/trustimia","https:\/\/www.linkedin.com\/company\/trustimia\/"]}]}},"_links":{"self":[{"href":"https:\/\/www.trustimia.com\/et\/wp-json\/wp\/v2\/pages\/7996","targetHints":{"allow":["GET"]}}],"collection":[{"href":"https:\/\/www.trustimia.com\/et\/wp-json\/wp\/v2\/pages"}],"about":[{"href":"https:\/\/www.trustimia.com\/et\/wp-json\/wp\/v2\/types\/page"}],"author":[{"embeddable":true,"href":"https:\/\/www.trustimia.com\/et\/wp-json\/wp\/v2\/users\/5"}],"replies":[{"embeddable":true,"href":"https:\/\/www.trustimia.com\/et\/wp-json\/wp\/v2\/comments?post=7996"}],"version-history":[{"count":13,"href":"https:\/\/www.trustimia.com\/et\/wp-json\/wp\/v2\/pages\/7996\/revisions"}],"predecessor-version":[{"id":8831,"href":"https:\/\/www.trustimia.com\/et\/wp-json\/wp\/v2\/pages\/7996\/revisions\/8831"}],"wp:attachment":[{"href":"https:\/\/www.trustimia.com\/et\/wp-json\/wp\/v2\/media?parent=7996"}],"curies":[{"name":"wp","href":"https:\/\/api.w.org\/{rel}","templated":true}]}}