{"id":8033,"date":"2018-10-22T13:46:26","date_gmt":"2018-10-22T13:46:26","guid":{"rendered":"http:\/\/www.trustimia.com\/services\/"},"modified":"2022-10-06T15:06:12","modified_gmt":"2022-10-06T15:06:12","slug":"palvelut","status":"publish","type":"page","link":"https:\/\/www.trustimia.com\/et\/palvelut\/","title":{"rendered":"Palvelumme"},"content":{"rendered":"<div class=\"wpb-content-wrapper\"><p>[vc_row full_width=&#8221;stretch_row&#8221; css=&#8221;.vc_custom_1536143458963{padding-top: 100px !important;padding-bottom: 100px !important;background-color: #f3f3f3 !important;}&#8221;][vc_column]<div class=\"features-tabs kd-tabswrapper-8120969e467ee9d9ab tabs-image-right tab-img-contained\" >\r\n\t\t\t\t<div id=\"kd-extab-9011469e467ee9dad5\">\r\n\t\t\t\t<div class=\"tab-image-container\"><img decoding=\"async\" class=\"ext-tab-img\" src=\"\/wp-content\/uploads\/2021\/11\/Corporate-services.jpg\"  \/><\/div>\r\n\t\t\t\t<div class=\"tab-text-container\">\r\n\t\t\t\t\t<h2 class=\"tab-title\">Yrityspalvelut<\/h2><p class=\"tab-content\"><\/p>\n<ul>\n<li><a href=\"http:\/\/www.trustimia.com\/fi\/yrityksen-perustaminen\/\">Yrityksenperustamis- ja hallinnointipalvelut<\/a><\/li>\n<li><a href=\"http:\/\/www.trustimia.com\/fi\/kirjanpito-ja-taloushallintopalvelut\/\">Kirjanpito- ja taloushallintopalvelut<\/a><\/li>\n<li><a href=\"http:\/\/www.trustimia.com\/fi\/pankkitilit-ja-maksuliikennepalvelut\/\">Pankkitilit ja maksuliikennepalvelut<\/a><\/li>\n<\/ul>\n<p><\/p><\/div>\r\n\t\t\t\t<\/div>\r\n\t\t\t\t<li class=\"tab-control-item\">\r\n\t\t\t\t\t<a href=\"#kd-extab-9011469e467ee9dad5\"><i class=\"\"><\/i>  Yrityspalvelut<\/a>\r\n\t\t\t\t<\/li><div id=\"kd-extab-1502169e467ee9db3b\">\r\n\t\t\t\t<div class=\"tab-image-container\"><img decoding=\"async\" class=\"ext-tab-img\" src=\"\/wp-content\/uploads\/2021\/11\/Business-Services.jpg\"  \/><\/div>\r\n\t\t\t\t<div class=\"tab-text-container\">\r\n\t\t\t\t\t<h2 class=\"tab-title\">Liiketoimintapalvelut<\/h2><p class=\"tab-content\"><\/p>\n<ul>\n<li><a href=\"http:\/\/www.trustimia.com\/fi\/konsultointi-ja-asiantuntijapalvelut\/\">Konsultointi- ja asiantuntijapalvelut<\/a><\/li>\n<li><a href=\"http:\/\/www.trustimia.com\/fi\/uuden-markkinan-avaus\/\">Uuden markkinan avaus<\/a><\/li>\n<li><a href=\"http:\/\/www.trustimia.com\/fi\/liiketoiminta-ja-markkinointisuunnitelmat\/\">Liiketoiminta- ja markkinointisuunnitelmat<\/a><\/li>\n<li><a href=\"http:\/\/www.trustimia.com\/fi\/lakipalvelut\/\">Lakipalvelut<\/a><\/li>\n<\/ul>\n<p><\/p><\/div>\r\n\t\t\t\t<\/div>\r\n\t\t\t\t<li class=\"tab-control-item\">\r\n\t\t\t\t\t<a href=\"#kd-extab-1502169e467ee9db3b\"><i class=\"\"><\/i>  Liiketoimintapalvelut<\/a>\r\n\t\t\t\t<\/li><div id=\"kd-extab-4106569e467ee9db8e\">\r\n\t\t\t\t<div class=\"tab-image-container\"><img decoding=\"async\" class=\"ext-tab-img\" src=\"\/wp-content\/uploads\/2021\/11\/Other-services.jpg\"  \/><\/div>\r\n\t\t\t\t<div class=\"tab-text-container\">\r\n\t\t\t\t\t<h2 class=\"tab-title\">Muut palvelut<\/h2><p class=\"tab-content\"><\/p>\n<ul>\n<li><a href=\"http:\/\/www.trustimia.com\/fi\/henkiloston-rekrytointi-ja-vuokraus\/\">Henkil\u00f6st\u00f6n rekrytointi ja vuokraus<\/a><\/li>\n<li><a href=\"http:\/\/www.trustimia.com\/fi\/toimitilat-ja-toimistot\/\">Toimitilat ja toimistot<\/a><\/li>\n<li>\u200b <a href=\"http:\/\/www.trustimia.com\/fi\/maahanmuuton-avustuspalvelut\/\">maahanmuuton avustuspalvelut: Viro, latvia tai liettua<\/a><\/li>\n<\/ul>\n<p><\/p><\/div>\r\n\t\t\t\t<\/div>\r\n\t\t\t\t<li class=\"tab-control-item\">\r\n\t\t\t\t\t<a href=\"#kd-extab-4106569e467ee9db8e\"><i class=\"\"><\/i>  Muut palvelut<\/a>\r\n\t\t\t\t<\/li>\r\n\t\t\t\t<ul class=\"tab-controls\"><\/ul>\r\n\t\t\t<\/div>[\/vc_column][\/vc_row][vc_row full_width=&#8221;stretch_row&#8221; css=&#8221;.vc_custom_1556018513487{padding-top: 0px !important;padding-bottom: 0px !important;}&#8221;][vc_column]<div class=\"kd-calltoaction no_icon \" >\n                <div class=\"container\">\n                  <div class=\"cta-text-container \" ><div class=\"cta-text\">\n                        <h3 >Kiinnostunut? Ota yhteytt\u00e4!<\/h3><p >Jos haluat kuulla lis\u00e4\u00e4 palveluistamme, ota meihin yhteytt\u00e4.<\/p><\/div>\n                    <\/div>\n                    <div class=\"cta-btncontainer\"><a href=\"https:\/\/www.trustimia.com\/fi\/ota-yhteytta\/\"  title=\"Ota yhteytt\u00e4\" class=\"tt_button tt_primary_button button-action-link btn_primary_color \" >Ota yhteytt\u00e4<\/a><\/div>\n                <\/div>\n            <\/div>[\/vc_column][\/vc_row]<\/p>\n<\/div>","protected":false},"excerpt":{"rendered":"<p>[vc_row full_width=&#8221;stretch_row&#8221; css=&#8221;.vc_custom_1536143458963{padding-top: 100px !important;padding-bottom: 100px !important;background-color: #f3f3f3 !important;}&#8221;][vc_column][\/vc_column][\/vc_row][vc_row full_width=&#8221;stretch_row&#8221; css=&#8221;.vc_custom_1556018513487{padding-top: 0px !important;padding-bottom: 0px !important;}&#8221;][vc_column][\/vc_column][\/vc_row]<\/p>\n","protected":false},"author":5,"featured_media":0,"parent":0,"menu_order":0,"comment_status":"closed","ping_status":"closed","template":"","meta":{"content-type":"","inline_featured_image":false,"footnotes":""},"class_list":["post-8033","page","type-page","status-publish","hentry"],"yoast_head":"<!-- This site is optimized with the Yoast SEO Premium plugin v25.9 (Yoast SEO v25.9) - https:\/\/yoast.com\/wordpress\/plugins\/seo\/ -->\n<title>Palvelumme | Trustimia<\/title>\n<meta name=\"description\" content=\"Trustimia on konsultointi, taloushallinto ja yhti\u00f6iden hallintopalveluita tarjoava asiantuntijayhti\u00f6. Olemme erikoistuneet Baltian markkinoille.\" \/>\n<meta name=\"robots\" content=\"index, follow, max-snippet:-1, max-image-preview:large, max-video-preview:-1\" \/>\n<link rel=\"canonical\" href=\"https:\/\/www.trustimia.com\/services\/\" \/>\n<meta property=\"og:locale\" content=\"et_EE\" \/>\n<meta property=\"og:type\" content=\"article\" \/>\n<meta property=\"og:title\" content=\"Palvelumme\" \/>\n<meta property=\"og:description\" content=\"Trustimia on konsultointi, taloushallinto ja yhti\u00f6iden hallintopalveluita tarjoava asiantuntijayhti\u00f6. Olemme erikoistuneet Baltian markkinoille.\" \/>\n<meta property=\"og:url\" content=\"https:\/\/www.trustimia.com\/services\/\" \/>\n<meta property=\"og:site_name\" content=\"Trustimia\" \/>\n<meta property=\"article:publisher\" content=\"https:\/\/www.facebook.com\/trustimia\" \/>\n<meta property=\"article:modified_time\" content=\"2022-10-06T15:06:12+00:00\" \/>\n<meta property=\"og:image\" content=\"https:\/\/www.trustimia.com\/wp-content\/uploads\/2021\/11\/Trustimia-1.jpg\" \/>\n\t<meta property=\"og:image:width\" content=\"1800\" \/>\n\t<meta property=\"og:image:height\" content=\"1065\" \/>\n\t<meta property=\"og:image:type\" content=\"image\/jpeg\" \/>\n<meta name=\"twitter:card\" content=\"summary_large_image\" \/>\n<meta name=\"twitter:label1\" content=\"Est. reading time\" \/>\n\t<meta name=\"twitter:data1\" content=\"1 minut\" \/>\n<script type=\"application\/ld+json\" class=\"yoast-schema-graph\">{\"@context\":\"https:\/\/schema.org\",\"@graph\":[{\"@type\":\"WebPage\",\"@id\":\"https:\/\/www.trustimia.com\/services\/\",\"url\":\"https:\/\/www.trustimia.com\/services\/\",\"name\":\"Palvelumme | Trustimia\",\"isPartOf\":{\"@id\":\"https:\/\/www.trustimia.com\/#website\"},\"datePublished\":\"2018-10-22T13:46:26+00:00\",\"dateModified\":\"2022-10-06T15:06:12+00:00\",\"description\":\"Trustimia on konsultointi, taloushallinto ja yhti\u00f6iden hallintopalveluita tarjoava asiantuntijayhti\u00f6. Olemme erikoistuneet Baltian markkinoille.\",\"breadcrumb\":{\"@id\":\"https:\/\/www.trustimia.com\/services\/#breadcrumb\"},\"inLanguage\":\"et\",\"potentialAction\":[{\"@type\":\"ReadAction\",\"target\":[\"https:\/\/www.trustimia.com\/services\/\"]}]},{\"@type\":\"BreadcrumbList\",\"@id\":\"https:\/\/www.trustimia.com\/services\/#breadcrumb\",\"itemListElement\":[{\"@type\":\"ListItem\",\"position\":1,\"name\":\"Home\",\"item\":\"https:\/\/www.trustimia.com\/raamatupidamisteenus\/\"},{\"@type\":\"ListItem\",\"position\":2,\"name\":\"Palvelumme\"}]},{\"@type\":\"WebSite\",\"@id\":\"https:\/\/www.trustimia.com\/#website\",\"url\":\"https:\/\/www.trustimia.com\/\",\"name\":\"Trustimia\",\"description\":\"Set up a company, accounting, business consulting\",\"publisher\":{\"@id\":\"https:\/\/www.trustimia.com\/#organization\"},\"potentialAction\":[{\"@type\":\"SearchAction\",\"target\":{\"@type\":\"EntryPoint\",\"urlTemplate\":\"https:\/\/www.trustimia.com\/?s={search_term_string}\"},\"query-input\":{\"@type\":\"PropertyValueSpecification\",\"valueRequired\":true,\"valueName\":\"search_term_string\"}}],\"inLanguage\":\"et\"},{\"@type\":\"Organization\",\"@id\":\"https:\/\/www.trustimia.com\/#organization\",\"name\":\"Trustimia Group\",\"url\":\"https:\/\/www.trustimia.com\/\",\"logo\":{\"@type\":\"ImageObject\",\"inLanguage\":\"et\",\"@id\":\"https:\/\/www.trustimia.com\/#\/schema\/logo\/image\/\",\"url\":\"http:\/\/www.trustimia.com\/wp-content\/uploads\/2021\/11\/Trustimia-logo.svg\",\"contentUrl\":\"http:\/\/www.trustimia.com\/wp-content\/uploads\/2021\/11\/Trustimia-logo.svg\",\"width\":400,\"height\":91,\"caption\":\"Trustimia Group\"},\"image\":{\"@id\":\"https:\/\/www.trustimia.com\/#\/schema\/logo\/image\/\"},\"sameAs\":[\"https:\/\/www.facebook.com\/trustimia\",\"https:\/\/www.linkedin.com\/company\/trustimia\/\"]}]}<\/script>\n<!-- \/ Yoast SEO Premium plugin. -->","yoast_head_json":{"title":"Palvelumme | Trustimia","description":"Trustimia on konsultointi, taloushallinto ja yhti\u00f6iden hallintopalveluita tarjoava asiantuntijayhti\u00f6. Olemme erikoistuneet Baltian markkinoille.","robots":{"index":"index","follow":"follow","max-snippet":"max-snippet:-1","max-image-preview":"max-image-preview:large","max-video-preview":"max-video-preview:-1"},"canonical":"https:\/\/www.trustimia.com\/services\/","og_locale":"et_EE","og_type":"article","og_title":"Palvelumme","og_description":"Trustimia on konsultointi, taloushallinto ja yhti\u00f6iden hallintopalveluita tarjoava asiantuntijayhti\u00f6. Olemme erikoistuneet Baltian markkinoille.","og_url":"https:\/\/www.trustimia.com\/services\/","og_site_name":"Trustimia","article_publisher":"https:\/\/www.facebook.com\/trustimia","article_modified_time":"2022-10-06T15:06:12+00:00","og_image":[{"width":1800,"height":1065,"url":"https:\/\/www.trustimia.com\/wp-content\/uploads\/2021\/11\/Trustimia-1.jpg","type":"image\/jpeg"}],"twitter_card":"summary_large_image","twitter_misc":{"Est. reading time":"1 minut"},"schema":{"@context":"https:\/\/schema.org","@graph":[{"@type":"WebPage","@id":"https:\/\/www.trustimia.com\/services\/","url":"https:\/\/www.trustimia.com\/services\/","name":"Palvelumme | Trustimia","isPartOf":{"@id":"https:\/\/www.trustimia.com\/#website"},"datePublished":"2018-10-22T13:46:26+00:00","dateModified":"2022-10-06T15:06:12+00:00","description":"Trustimia on konsultointi, taloushallinto ja yhti\u00f6iden hallintopalveluita tarjoava asiantuntijayhti\u00f6. Olemme erikoistuneet Baltian markkinoille.","breadcrumb":{"@id":"https:\/\/www.trustimia.com\/services\/#breadcrumb"},"inLanguage":"et","potentialAction":[{"@type":"ReadAction","target":["https:\/\/www.trustimia.com\/services\/"]}]},{"@type":"BreadcrumbList","@id":"https:\/\/www.trustimia.com\/services\/#breadcrumb","itemListElement":[{"@type":"ListItem","position":1,"name":"Home","item":"https:\/\/www.trustimia.com\/raamatupidamisteenus\/"},{"@type":"ListItem","position":2,"name":"Palvelumme"}]},{"@type":"WebSite","@id":"https:\/\/www.trustimia.com\/#website","url":"https:\/\/www.trustimia.com\/","name":"Trustimia","description":"Set up a company, accounting, business consulting","publisher":{"@id":"https:\/\/www.trustimia.com\/#organization"},"potentialAction":[{"@type":"SearchAction","target":{"@type":"EntryPoint","urlTemplate":"https:\/\/www.trustimia.com\/?s={search_term_string}"},"query-input":{"@type":"PropertyValueSpecification","valueRequired":true,"valueName":"search_term_string"}}],"inLanguage":"et"},{"@type":"Organization","@id":"https:\/\/www.trustimia.com\/#organization","name":"Trustimia Group","url":"https:\/\/www.trustimia.com\/","logo":{"@type":"ImageObject","inLanguage":"et","@id":"https:\/\/www.trustimia.com\/#\/schema\/logo\/image\/","url":"http:\/\/www.trustimia.com\/wp-content\/uploads\/2021\/11\/Trustimia-logo.svg","contentUrl":"http:\/\/www.trustimia.com\/wp-content\/uploads\/2021\/11\/Trustimia-logo.svg","width":400,"height":91,"caption":"Trustimia Group"},"image":{"@id":"https:\/\/www.trustimia.com\/#\/schema\/logo\/image\/"},"sameAs":["https:\/\/www.facebook.com\/trustimia","https:\/\/www.linkedin.com\/company\/trustimia\/"]}]}},"_links":{"self":[{"href":"https:\/\/www.trustimia.com\/et\/wp-json\/wp\/v2\/pages\/8033","targetHints":{"allow":["GET"]}}],"collection":[{"href":"https:\/\/www.trustimia.com\/et\/wp-json\/wp\/v2\/pages"}],"about":[{"href":"https:\/\/www.trustimia.com\/et\/wp-json\/wp\/v2\/types\/page"}],"author":[{"embeddable":true,"href":"https:\/\/www.trustimia.com\/et\/wp-json\/wp\/v2\/users\/5"}],"replies":[{"embeddable":true,"href":"https:\/\/www.trustimia.com\/et\/wp-json\/wp\/v2\/comments?post=8033"}],"version-history":[{"count":15,"href":"https:\/\/www.trustimia.com\/et\/wp-json\/wp\/v2\/pages\/8033\/revisions"}],"predecessor-version":[{"id":8940,"href":"https:\/\/www.trustimia.com\/et\/wp-json\/wp\/v2\/pages\/8033\/revisions\/8940"}],"wp:attachment":[{"href":"https:\/\/www.trustimia.com\/et\/wp-json\/wp\/v2\/media?parent=8033"}],"curies":[{"name":"wp","href":"https:\/\/api.w.org\/{rel}","templated":true}]}}