{"id":7987,"date":"2021-11-13T10:49:30","date_gmt":"2021-11-13T10:49:30","guid":{"rendered":"http:\/\/www.trustimia.com\/company-setup-in-latvia\/"},"modified":"2022-12-06T04:50:53","modified_gmt":"2022-12-06T04:50:53","slug":"ettevotte-asutamine-latis","status":"publish","type":"page","link":"https:\/\/www.trustimia.com\/fi\/ettevotte-asutamine-latis\/","title":{"rendered":"Ettev\u00f5tte registreerimine L\u00e4tis"},"content":{"rendered":"<div class=\"wpb-content-wrapper\"><p>[vc_row full_width=&#8221;stretch_row&#8221; kd_image_overlay_color=&#8221;rgba(10,10,10,0.3)&#8221; kd_fixed_background=&#8221;true&#8221; kd_image_overlay=&#8221;true&#8221; css=&#8221;.vc_custom_1637007222689{padding-top: 325px !important;padding-bottom: 30px !important;background-image: url(http:\/\/www.trustimia.com\/wp-content\/uploads\/2021\/11\/Trustimia-1.jpg?id=8395) !important;background-position: center !important;background-repeat: no-repeat !important;background-size: cover !important;}&#8221;][vc_column css=&#8221;.vc_custom_1516115464846{padding-left: 0px !important;}&#8221;][vc_row_inner][vc_column_inner width=&#8221;2\/3&#8243;][vc_custom_heading text=&#8221;Ettev\u00f5tte registreerimine L\u00e4tis&#8221; font_container=&#8221;tag:h2|font_size:40px|text_align:left|color:%23ffffff&#8221; use_theme_fonts=&#8221;yes&#8221; css_animation=&#8221;fadeIn&#8221; css=&#8221;.vc_custom_1636836893428{margin-top: 10px !important;margin-bottom: 30px !important;}&#8221;][\/vc_column_inner][vc_column_inner width=&#8221;1\/3&#8243; css=&#8221;.vc_custom_1556031720200{padding-top: 40px !important;}&#8221; offset=&#8221;vc_hidden-sm vc_hidden-xs&#8221;][\/vc_column_inner][\/vc_row_inner][\/vc_column][\/vc_row][vc_row css=&#8221;.vc_custom_1636825854658{border-bottom-width: 1px !important;padding-right: 0px !important;padding-bottom: 40px !important;padding-left: 0px !important;background-color: #ffffff !important;border-bottom-color: #eaeaea !important;}&#8221;][vc_column css=&#8221;.vc_custom_1544542885714{margin-top: -60px !important;}&#8221;][vc_row_inner][vc_column_inner offset=&#8221;vc_hidden-lg vc_hidden-md&#8221;][vc_empty_space height=&#8221;10px&#8221;][\/vc_column_inner][\/vc_row_inner][\/vc_column][vc_column el_class=&#8221;services-first&#8221;][vc_row_inner][vc_column_inner]<header class=\"kd-section-title col-lg-12 text-center    \" ><h2 class=\"separator_off\" >L\u00e4ti on majandusarengu s\u00e4ilitamiseks tunnistanud investeeringute ja uute ettev\u00f5tete kaasamise t\u00e4htsust.<\/h2><\/header>[vc_column_text]<span style=\"font-weight: 400;\">L\u00e4ti on j\u00e4rjepidevalt ajanud liberaalset majanduspoliitikat ning tervitab investeeringuid ja ettev\u00f5tlust, mis edendavad vabaturu p\u00f5him\u00f5tteid ja huve. Maailmapanga aruandes,Doing Business 2020\u201c on L\u00e4ti \u00e4ris\u00f5bralikumate riikide edetabelis 190 riigi st 19. kohal.<\/span>[\/vc_column_text][\/vc_column_inner][\/vc_row_inner][\/vc_column][\/vc_row][vc_row el_class=&#8221;detail-content&#8221;][vc_column][vc_row_inner][vc_column_inner width=&#8221;1\/3&#8243;][vc_column_text]<\/p>\n<h3>Osavad t\u00f6\u00f6tajad<\/h3>\n<p><span style=\"font-weight: 400;\">L\u00e4ti on g\u00fcmnaasiumi- ja \u00fclikooli alustavate \u00f5pilaste nimekirjas maailmas seitsmendal kohal<\/span>[\/vc_column_text][\/vc_column_inner][vc_column_inner width=&#8221;1\/3&#8243;][vc_column_text]<\/p>\n<h3>T\u00e4iustatud infrastruktuur<\/h3>\n<p><span style=\"font-weight: 400;\">H\u00e4sti arenenud IT-, side- ning transpordi ja logistika infrastruktuur<\/span>[\/vc_column_text][\/vc_column_inner][vc_column_inner width=&#8221;1\/3&#8243;][vc_column_text]<\/p>\n<h3>Tasuv keskkond<\/h3>\n<p><span style=\"font-weight: 400;\">L\u00e4ti maksus\u00fcsteemi peetakse konkurentsiv\u00f5imelisuse poolest maailmas teiseks ning kulude tase ettev\u00f5tlusega tegelemiseks on igas m\u00f5ttes madal<\/span>[\/vc_column_text][\/vc_column_inner][\/vc_row_inner][vc_row_inner][vc_column_inner][vc_column_text]<\/p>\n<h3>Tugev tugis\u00fcsteem<\/h3>\n<p><span style=\"font-weight: 400;\">L\u00e4tis on lihtne \u00e4ri alustada saate \u00e4riga alustamiseks tuge ning ka rahastamisv\u00f5imalused on v\u00e4ga head.<\/span><\/p>\n<p><span style=\"font-weight: 400;\">L\u00e4ti majandus on aastate jooksul j\u00f5udnud SKP kasvu poolest Euroopa parimate hulka ning L\u00e4ti on EL -is roheluselt\u00a0 teine \u200b\u200briik (Eurostat, WHO ja Euroopa Keskkonnaagentuur).<\/span><\/p>\n<p><span style=\"font-weight: 400;\">L\u00e4ti meelitab kliente \u00fche Euroopa Liidu madalaima maksum\u00e4\u00e4raga, pakkudes ettev\u00f5tjatele t\u00e4iendavaid maksusoodustusi spetsiifilistel tegevusaladel ja muid riigiabi programme. L\u00e4ti hinnatase on ka madalam kui Eestis v\u00f5i Soomes, mist\u00f5ttu on ettev\u00f5tte asutamine meie naabrite juurde \u00e4\u00e4rmiselt atraktiivne.<\/span><\/p>\n<p><span style=\"font-weight: 400;\">Ettev\u00f5tluse alustamiseks on vajalik registreerida ettev\u00f5te L\u00e4ti riiklikus registris (Commercial Registry of Republic of Latvia). Alles p\u00e4rast registreerimist on tegemist juriidilise isikuga. Registreerimise n\u00e4ol on tegemist suhteliselt kiire protsessiga, v\u00f5ttes p\u00e4rast dokumentide \u00fcleandmist aega tavaliselt 1,5-4p\u00e4eva. Populaarsemad ettev\u00f5tlusvormid L\u00e4tis on osa\u00fching ja t\u00fctarettev\u00f5tted.<\/span>[\/vc_column_text][\/vc_column_inner][\/vc_row_inner][vc_row_inner][vc_column_inner][vc_column_text]<\/p>\n<h3>N\u00f5uded L\u00e4ti osa\u00fchingu (SIA) asutamiseks<\/h3>\n<ul class=\"font_8 color_15\">\n<li>\n<p class=\"font_8\"><span class=\"color_15\">Ettev\u00f5ttel peab olema v\u00e4hemalt uks omanik<\/span><\/p>\n<\/li>\n<li>\n<p class=\"font_8\"><span class=\"color_15\">Ettev\u00f5ttel peab olema v\u00e4hemalt \u00fcks juhatuseliige<\/span><\/p>\n<\/li>\n<li>\n<p class=\"font_8\"><span class=\"color_15\">Omanik ja juhatuseliige v\u00f5ivad olla samad isikud ja isikute elukohariigile ei ole seatud piiranguid<\/span><\/p>\n<\/li>\n<li>\n<p class=\"font_8\"><span class=\"color_15\">Ettev\u00f5ttel peab olema registreeritud aadress L\u00e4tis<\/span><\/p>\n<\/li>\n<li>\n<p class=\"font_8\"><span class=\"color_15\">Minimaalne osakapital on \u00fck euro, kui omanikuks on f\u00fc\u00fcsiline isik ja 2800 eurot, kui omanikuks on juriidiline isik<\/span><\/p>\n<\/li>\n<li>\n<p class=\"font_8\"><span class=\"color_15\">Toimingud \u00fchingu asutamisel L\u00e4tti<\/span><\/p>\n<\/li>\n<\/ul>\n<p>[\/vc_column_text][vc_column_text]<\/p>\n<h3><strong>Toimingud \u00fchingu asutamisel L\u00e4tis<\/strong><\/h3>\n<ul>\n<li><span style=\"font-weight: 400;\">Ettev\u00f5tte nime valimine ( L\u00e4ti \u00e4riregister) v\u00f5i teave valmis ettev\u00f5tte kohta<\/span><\/li>\n<\/ul>\n<ul class=\"font_8 color_15\">\n<li>\n<p class=\"font_8\"><span class=\"color_15\">Ettev\u00f5tte asutamisdokumentide koostamine ja notari aja kokkuleppimine<\/span><\/p>\n<\/li>\n<li>\n<p class=\"font_8\"><span class=\"color_15\">Ettev\u00f5tte asutamine veebi vahendusel EL-i kodanikele. Volituste koostamine ja asutajatele saatmine<\/span><\/p>\n<\/li>\n<li>\n<p class=\"font_8\"><span class=\"color_15\">P\u00f5hikirja ja omanikevaheliste kokkulepete koostamine<\/span><\/p>\n<\/li>\n<li>\n<p class=\"font_8\"><span class=\"color_15\">\u00c4ri\u00fchingu asutamine Notaris<\/span><\/p>\n<\/li>\n<li>\n<p class=\"font_8\"><span class=\"color_15\">Pangakonto avamine( \u00f5nnestub ka veebi vahendusel)<\/span><\/p>\n<\/li>\n<li>\n<p class=\"font_8\"><span class=\"color_15\">Ettev\u00f5tte asutamisdokumentide ja tasutud osakapitali t\u00f5endi saatmine L\u00e4ti Patendi- ametile.<\/span><\/p>\n<\/li>\n<li>\n<p class=\"font_8\"><span class=\"color_15\">Ettev\u00f5tte asutamisdokumentide toimetamine<\/span><\/p>\n<\/li>\n<\/ul>\n<p><span style=\"font-weight: 400;\">Meie kaudu v\u00f5ite asutada ettev\u00f5tte kas f\u00fc\u00fcsiliselt kohapeal, v\u00f5i veebi kaudu. Pakume ka registreerimise ja postiaadressi teenust<\/span>[\/vc_column_text][vc_column_text]<\/p>\n<h3>Maksustamine<\/h3>\n<p><span class=\"border-left\"><b>Tulumaks ja dividendide maksustamine<\/b><br \/>\nEttev\u00f5tte tulumaksu makstakse L\u00e4tis dividendide maksmisel ja kasumi jaotamisel, v\u00f5i kui kasumit kasutatakse muul eesm\u00e4rgil, kui majandustegevuseks. Ettev\u00f5tte tulumaksum\u00e4\u00e4r on 20%. <\/span><\/p>\n<p>Tulumaksum\u00e4\u00e4rad: kui tulu ei \u00fcleta 20 004 eurot, on TM 20%, 20 005-55 000 eurot 23%, 55 000 ja suurema tulu puhul 31,4 %. Omakapitali ja omakapitalikasumi tulumaks on 20%.<\/p>\n<p><span class=\"border-left\"><b>K\u00e4ibemaks<\/b><br \/>\n\u00dcldine k\u00e4ibemaksum\u00e4\u00e4r on 21%. V\u00e4hendatud k\u00e4ibemaksum\u00e4\u00e4ra 12% kohaldatakse muu hulgas lastetoitude toiduainetel, farmaatsiatoodetele ja raamatutele. K\u00e4ibemaksukohustuslaseks registreerimise kohustus tekib, kui ettev\u00f5tte aastak\u00e4ive \u00fcletab 40 000 eurot.<\/span><\/p>\n<p><span class=\"border-left\"><b>T\u00f6\u00f6andjamaksud<\/b><br \/>\nSotsiaalmaks on 35,09%, millest t\u00f6\u00f6andja osa moodustab 24,09% ja t\u00f6\u00f6taja osa 11%.<\/span>[\/vc_column_text][vc_column_text]<\/p>\n<h3>Raamatupidamine<\/h3>\n<p><span style=\"font-weight: 400;\">Pakume proffessionaalseid raamatupidamisteenuseid L\u00e4tis. Meie teenused h\u00f5lmavad igakuist raamatupidamist kas elektrooniliselt, v\u00f5i paberkandjal. Raamatupidamisteenus h\u00f5lmab endas raamatupidamist L\u00e4ti seaduste kohaselt, igakuiseid aruandeid ja deklaratsioone, aruandeid ettev\u00f5tte juhtkonnale ja aastaaruandeid. Ettev\u00f5tjal on reaalajas ligip\u00e4\u00e4s oma finantsolukorrale. Raporteerime Teile ettev\u00f5tte seisu p\u00e4rast igat maksustamisperioodi, arvestades Teie soovidega.<\/span><\/p>\n<p><span style=\"font-weight: 400;\">SIA-\u2019l peab olema audiitor, kui j\u00e4rgnevast on t\u00e4idetud kaks n\u00f5uet:<\/span><\/p>\n<ul class=\"font_8 color_15\">\n<li>\n<p class=\"font_8\"><span class=\"color_15\">aastak\u00e4ive \u00fcletab 700 000 eurot<\/span><\/p>\n<\/li>\n<li>\n<p class=\"font_8\"><span class=\"color_15\">ettev\u00f5tte vara on \u00fcle 350 000 euro<\/span><\/p>\n<\/li>\n<li>\n<p class=\"font_8\"><span class=\"color_15\">ettev\u00f5ttel on 25 v\u00f5i enam t\u00f6\u00f6tajat<\/span><\/p>\n<\/li>\n<\/ul>\n<p>[\/vc_column_text][\/vc_column_inner][\/vc_row_inner][vc_row_inner][vc_column_inner width=&#8221;1\/2&#8243;][vc_column_text]<\/p>\n<h3>\u00c4riteenused<\/h3>\n<ul class=\"font_8\">\n<li>\n<p class=\"font_8\"><span class=\"color_15\">Ettev\u00f5tte asutamine L\u00e4tti alates 770\u20ac<\/span><\/p>\n<\/li>\n<li>\n<p class=\"font_8\"><span class=\"color_15\">Registreerimi saadress + postiteenus 350\u20ac\/12 kuu<\/span><\/p>\n<\/li>\n<li>\n<p class=\"font_8\"><span class=\"color_15\">Aadressiteenus 150\u20ac \/ 12 kuu<\/span><\/p>\n<\/li>\n<li>\n<p class=\"font_8\"><span class=\"color_15\">KMKR registrisse registreerimine 380\u20ac<\/span><\/p>\n<\/li>\n<li>\n<p class=\"font_8\"><span class=\"color_15\">Pakettide hinnad on alates 75 \u20ac\/kuu<\/span><\/p>\n<\/li>\n<li>\n<p class=\"font_8\"><span class=\"color_15\">Muud finantsalased t\u00f6\u00f6d 70 \/tund<\/span><\/p>\n<\/li>\n<li>\n<p class=\"font_8\"><span class=\"color_15\">Abi pangakonto avamisel alates 100\u20ac<\/span><\/p>\n<\/li>\n<\/ul>\n<p>[\/vc_column_text][\/vc_column_inner][vc_column_inner width=&#8221;1\/2&#8243;][vc_column_text]<\/p>\n<h3>Muud \u00e4riteenused<\/h3>\n<ul class=\"font_8\">\n<li>\n<p class=\"font_8\">Muudatused \u00e4riregistris<\/p>\n<\/li>\n<li>\n<p class=\"font_8\">N\u00f5utavate dokumentide koostamine ja esitamine ning vajadusel notariaalne kinnitamine<\/p>\n<\/li>\n<li>\n<p class=\"font_8\"><span style=\"font-weight: 400;\">Konsultatsioon <\/span> ja n\u00f5ustamine L\u00e4ti ettev\u00f5tte asutamisel<\/p>\n<\/li>\n<li>\n<p class=\"font_8\">Kokkulepped<\/p>\n<\/li>\n<li>\n<p class=\"font_8\">Turundus ja \u00e4riplaanid<\/p>\n<\/li>\n<\/ul>\n<p class=\"font_8\"><span class=\"wixGuard\">\u200b<\/span><\/p>\n<p>[\/vc_column_text][\/vc_column_inner][\/vc_row_inner][vc_row_inner][vc_column_inner][vc_column_text]<\/p>\n<h4>Meie kaudu saad L\u00e4tis vajaliku abi oma \u00e4ri alustamisel ja finantsteenustes. Soovitame konsulteerida meiega enne ettev\u00f5tte registreerimist. v\u00f5tke meiega \u00fchendust ja k\u00fcsige lisateavet meie teenuste kohta.<\/h4>\n<p>[\/vc_column_text][\/vc_column_inner][\/vc_row_inner][\/vc_column][\/vc_row][vc_row full_width=&#8221;stretch_row&#8221; css=&#8221;.vc_custom_1555681184211{background-color: #f5f5f5 !important;}&#8221;][vc_column][vc_row_inner css=&#8221;.vc_custom_1536243977243{padding-top: 100px !important;}&#8221;][vc_column_inner el_class=&#8221;button-top&#8221; offset=&#8221;vc_hidden-xs&#8221;]<header class=\"kd-section-title col-lg-12 text-center  kd-animated fadeIn  \" data-animation-delay=200><h2 class=\"separator_off\" >Kas olete valmis alustama? V\u00f5ta meiega \u00fchendust!<\/h2><h6 class=\"subtitle \" >Kui soovite meie teenuste kohta rohkem teada saada, v\u00f5tke meiega \u00fchendust.<\/h6><\/header>[\/vc_column_inner][\/vc_row_inner][vc_row_inner css=&#8221;.vc_custom_1536243815259{padding-bottom: 100px !important;}&#8221;][vc_column_inner css=&#8221;.vc_custom_1536243836394{padding-right: 10px !important;}&#8221;]<a  href=\"\/et\/kontakt\"  target=\"_blank\"  title=\"Kontakt\" class=\"tt_button tt_primary_button btn_primary_color  button-center button-action-link  kd-animated zoomIn\" data-animation-delay=200><span class=\"prim_text\">Alusta kohe<\/span><\/a>[\/vc_column_inner][\/vc_row_inner][\/vc_column][\/vc_row]<\/p>\n<\/div>","protected":false},"excerpt":{"rendered":"<p>[vc_row full_width=&#8221;stretch_row&#8221; kd_image_overlay_color=&#8221;rgba(10,10,10,0.3)&#8221; kd_fixed_background=&#8221;true&#8221; kd_image_overlay=&#8221;true&#8221; css=&#8221;.vc_custom_1637007222689{padding-top: 325px !important;padding-bottom: 30px !important;background-image: url(http:\/\/www.trustimia.com\/wp-content\/uploads\/2021\/11\/Trustimia-1.jpg?id=8395) !important;background-position: center !important;background-repeat: no-repeat !important;background-size: cover !important;}&#8221;][vc_column css=&#8221;.vc_custom_1516115464846{padding-left: 0px [&hellip;]<\/p>\n","protected":false},"author":5,"featured_media":0,"parent":0,"menu_order":0,"comment_status":"closed","ping_status":"closed","template":"","meta":{"content-type":"","inline_featured_image":false,"footnotes":""},"class_list":["post-7987","page","type-page","status-publish","hentry"],"yoast_head":"<!-- This site is optimized with the Yoast SEO Premium plugin v25.9 (Yoast SEO v25.9) - https:\/\/yoast.com\/wordpress\/plugins\/seo\/ -->\n<title>Ettev\u00f5tte registreerimine L\u00e4tis | Trustimia<\/title>\n<meta name=\"description\" content=\"Meie kaudu v\u00f5ite asutada ettev\u00f5tte kas f\u00fc\u00fcsiliselt kohapeal, v\u00f5i veebi kaudu. Pakume ka registreerimise ja postiaadressi teenust.\" \/>\n<meta name=\"robots\" content=\"index, follow, max-snippet:-1, max-image-preview:large, max-video-preview:-1\" \/>\n<link rel=\"canonical\" href=\"https:\/\/www.trustimia.com\/et\/ettevotte-asutamine-latis\/\" \/>\n<meta property=\"og:locale\" content=\"fi_FI\" \/>\n<meta property=\"og:type\" content=\"article\" \/>\n<meta property=\"og:title\" content=\"Ettev\u00f5tte registreerimine L\u00e4tis\" \/>\n<meta property=\"og:description\" content=\"Meie kaudu v\u00f5ite asutada ettev\u00f5tte kas f\u00fc\u00fcsiliselt kohapeal, v\u00f5i veebi kaudu. Pakume ka registreerimise ja postiaadressi teenust.\" \/>\n<meta property=\"og:url\" content=\"https:\/\/www.trustimia.com\/et\/ettevotte-asutamine-latis\/\" \/>\n<meta property=\"og:site_name\" content=\"Trustimia\" \/>\n<meta property=\"article:publisher\" content=\"https:\/\/www.facebook.com\/trustimia\" \/>\n<meta property=\"article:modified_time\" content=\"2022-12-06T04:50:53+00:00\" \/>\n<meta property=\"og:image\" content=\"https:\/\/www.trustimia.com\/wp-content\/uploads\/2021\/11\/Trustimia-1.jpg\" \/>\n\t<meta property=\"og:image:width\" content=\"1800\" \/>\n\t<meta property=\"og:image:height\" content=\"1065\" \/>\n\t<meta property=\"og:image:type\" content=\"image\/jpeg\" \/>\n<meta name=\"twitter:card\" content=\"summary_large_image\" \/>\n<meta name=\"twitter:label1\" content=\"Arvioitu lukuaika\" \/>\n\t<meta name=\"twitter:data1\" content=\"4 minuuttia\" \/>\n<script type=\"application\/ld+json\" class=\"yoast-schema-graph\">{\"@context\":\"https:\/\/schema.org\",\"@graph\":[{\"@type\":\"WebPage\",\"@id\":\"https:\/\/www.trustimia.com\/et\/ettevotte-asutamine-latis\/\",\"url\":\"https:\/\/www.trustimia.com\/et\/ettevotte-asutamine-latis\/\",\"name\":\"Ettev\u00f5tte registreerimine L\u00e4tis | Trustimia\",\"isPartOf\":{\"@id\":\"https:\/\/www.trustimia.com\/#website\"},\"datePublished\":\"2021-11-13T10:49:30+00:00\",\"dateModified\":\"2022-12-06T04:50:53+00:00\",\"description\":\"Meie kaudu v\u00f5ite asutada ettev\u00f5tte kas f\u00fc\u00fcsiliselt kohapeal, v\u00f5i veebi kaudu. Pakume ka registreerimise ja postiaadressi teenust.\",\"breadcrumb\":{\"@id\":\"https:\/\/www.trustimia.com\/et\/ettevotte-asutamine-latis\/#breadcrumb\"},\"inLanguage\":\"fi\",\"potentialAction\":[{\"@type\":\"ReadAction\",\"target\":[\"https:\/\/www.trustimia.com\/et\/ettevotte-asutamine-latis\/\"]}]},{\"@type\":\"BreadcrumbList\",\"@id\":\"https:\/\/www.trustimia.com\/et\/ettevotte-asutamine-latis\/#breadcrumb\",\"itemListElement\":[{\"@type\":\"ListItem\",\"position\":1,\"name\":\"Home\",\"item\":\"https:\/\/www.trustimia.com\/yritys-viroon\/\"},{\"@type\":\"ListItem\",\"position\":2,\"name\":\"Ettev\u00f5tte registreerimine L\u00e4tis\"}]},{\"@type\":\"WebSite\",\"@id\":\"https:\/\/www.trustimia.com\/#website\",\"url\":\"https:\/\/www.trustimia.com\/\",\"name\":\"Trustimia\",\"description\":\"Yritys viroon - Yrityken perustaminen Viroon\",\"publisher\":{\"@id\":\"https:\/\/www.trustimia.com\/#organization\"},\"potentialAction\":[{\"@type\":\"SearchAction\",\"target\":{\"@type\":\"EntryPoint\",\"urlTemplate\":\"https:\/\/www.trustimia.com\/?s={search_term_string}\"},\"query-input\":{\"@type\":\"PropertyValueSpecification\",\"valueRequired\":true,\"valueName\":\"search_term_string\"}}],\"inLanguage\":\"fi\"},{\"@type\":\"Organization\",\"@id\":\"https:\/\/www.trustimia.com\/#organization\",\"name\":\"Trustimia Group\",\"url\":\"https:\/\/www.trustimia.com\/\",\"logo\":{\"@type\":\"ImageObject\",\"inLanguage\":\"fi\",\"@id\":\"https:\/\/www.trustimia.com\/#\/schema\/logo\/image\/\",\"url\":\"http:\/\/www.trustimia.com\/wp-content\/uploads\/2021\/11\/Trustimia-logo.svg\",\"contentUrl\":\"http:\/\/www.trustimia.com\/wp-content\/uploads\/2021\/11\/Trustimia-logo.svg\",\"width\":400,\"height\":91,\"caption\":\"Trustimia Group\"},\"image\":{\"@id\":\"https:\/\/www.trustimia.com\/#\/schema\/logo\/image\/\"},\"sameAs\":[\"https:\/\/www.facebook.com\/trustimia\",\"https:\/\/www.linkedin.com\/company\/trustimia\/\"]}]}<\/script>\n<!-- \/ Yoast SEO Premium plugin. -->","yoast_head_json":{"title":"Ettev\u00f5tte registreerimine L\u00e4tis | Trustimia","description":"Meie kaudu v\u00f5ite asutada ettev\u00f5tte kas f\u00fc\u00fcsiliselt kohapeal, v\u00f5i veebi kaudu. Pakume ka registreerimise ja postiaadressi teenust.","robots":{"index":"index","follow":"follow","max-snippet":"max-snippet:-1","max-image-preview":"max-image-preview:large","max-video-preview":"max-video-preview:-1"},"canonical":"https:\/\/www.trustimia.com\/et\/ettevotte-asutamine-latis\/","og_locale":"fi_FI","og_type":"article","og_title":"Ettev\u00f5tte registreerimine L\u00e4tis","og_description":"Meie kaudu v\u00f5ite asutada ettev\u00f5tte kas f\u00fc\u00fcsiliselt kohapeal, v\u00f5i veebi kaudu. Pakume ka registreerimise ja postiaadressi teenust.","og_url":"https:\/\/www.trustimia.com\/et\/ettevotte-asutamine-latis\/","og_site_name":"Trustimia","article_publisher":"https:\/\/www.facebook.com\/trustimia","article_modified_time":"2022-12-06T04:50:53+00:00","og_image":[{"width":1800,"height":1065,"url":"https:\/\/www.trustimia.com\/wp-content\/uploads\/2021\/11\/Trustimia-1.jpg","type":"image\/jpeg"}],"twitter_card":"summary_large_image","twitter_misc":{"Arvioitu lukuaika":"4 minuuttia"},"schema":{"@context":"https:\/\/schema.org","@graph":[{"@type":"WebPage","@id":"https:\/\/www.trustimia.com\/et\/ettevotte-asutamine-latis\/","url":"https:\/\/www.trustimia.com\/et\/ettevotte-asutamine-latis\/","name":"Ettev\u00f5tte registreerimine L\u00e4tis | Trustimia","isPartOf":{"@id":"https:\/\/www.trustimia.com\/#website"},"datePublished":"2021-11-13T10:49:30+00:00","dateModified":"2022-12-06T04:50:53+00:00","description":"Meie kaudu v\u00f5ite asutada ettev\u00f5tte kas f\u00fc\u00fcsiliselt kohapeal, v\u00f5i veebi kaudu. Pakume ka registreerimise ja postiaadressi teenust.","breadcrumb":{"@id":"https:\/\/www.trustimia.com\/et\/ettevotte-asutamine-latis\/#breadcrumb"},"inLanguage":"fi","potentialAction":[{"@type":"ReadAction","target":["https:\/\/www.trustimia.com\/et\/ettevotte-asutamine-latis\/"]}]},{"@type":"BreadcrumbList","@id":"https:\/\/www.trustimia.com\/et\/ettevotte-asutamine-latis\/#breadcrumb","itemListElement":[{"@type":"ListItem","position":1,"name":"Home","item":"https:\/\/www.trustimia.com\/yritys-viroon\/"},{"@type":"ListItem","position":2,"name":"Ettev\u00f5tte registreerimine L\u00e4tis"}]},{"@type":"WebSite","@id":"https:\/\/www.trustimia.com\/#website","url":"https:\/\/www.trustimia.com\/","name":"Trustimia","description":"Yritys viroon - Yrityken perustaminen Viroon","publisher":{"@id":"https:\/\/www.trustimia.com\/#organization"},"potentialAction":[{"@type":"SearchAction","target":{"@type":"EntryPoint","urlTemplate":"https:\/\/www.trustimia.com\/?s={search_term_string}"},"query-input":{"@type":"PropertyValueSpecification","valueRequired":true,"valueName":"search_term_string"}}],"inLanguage":"fi"},{"@type":"Organization","@id":"https:\/\/www.trustimia.com\/#organization","name":"Trustimia Group","url":"https:\/\/www.trustimia.com\/","logo":{"@type":"ImageObject","inLanguage":"fi","@id":"https:\/\/www.trustimia.com\/#\/schema\/logo\/image\/","url":"http:\/\/www.trustimia.com\/wp-content\/uploads\/2021\/11\/Trustimia-logo.svg","contentUrl":"http:\/\/www.trustimia.com\/wp-content\/uploads\/2021\/11\/Trustimia-logo.svg","width":400,"height":91,"caption":"Trustimia Group"},"image":{"@id":"https:\/\/www.trustimia.com\/#\/schema\/logo\/image\/"},"sameAs":["https:\/\/www.facebook.com\/trustimia","https:\/\/www.linkedin.com\/company\/trustimia\/"]}]}},"_links":{"self":[{"href":"https:\/\/www.trustimia.com\/fi\/wp-json\/wp\/v2\/pages\/7987","targetHints":{"allow":["GET"]}}],"collection":[{"href":"https:\/\/www.trustimia.com\/fi\/wp-json\/wp\/v2\/pages"}],"about":[{"href":"https:\/\/www.trustimia.com\/fi\/wp-json\/wp\/v2\/types\/page"}],"author":[{"embeddable":true,"href":"https:\/\/www.trustimia.com\/fi\/wp-json\/wp\/v2\/users\/5"}],"replies":[{"embeddable":true,"href":"https:\/\/www.trustimia.com\/fi\/wp-json\/wp\/v2\/comments?post=7987"}],"version-history":[{"count":10,"href":"https:\/\/www.trustimia.com\/fi\/wp-json\/wp\/v2\/pages\/7987\/revisions"}],"predecessor-version":[{"id":9356,"href":"https:\/\/www.trustimia.com\/fi\/wp-json\/wp\/v2\/pages\/7987\/revisions\/9356"}],"wp:attachment":[{"href":"https:\/\/www.trustimia.com\/fi\/wp-json\/wp\/v2\/media?parent=7987"}],"curies":[{"name":"wp","href":"https:\/\/api.w.org\/{rel}","templated":true}]}}