{"id":7994,"date":"2021-11-13T11:47:19","date_gmt":"2021-11-13T11:47:19","guid":{"rendered":"http:\/\/www.trustimia.com\/contact\/"},"modified":"2025-03-25T21:59:48","modified_gmt":"2025-03-25T21:59:48","slug":"ota-yhteytta","status":"publish","type":"page","link":"https:\/\/www.trustimia.com\/fi\/ota-yhteytta\/","title":{"rendered":"Ota yhteytt\u00e4"},"content":{"rendered":"<div class=\"wpb-content-wrapper\"><p>[vc_row full_width=&#8221;stretch_row&#8221; kd_image_overlay_color=&#8221;rgba(10,10,10,0.3)&#8221; kd_fixed_background=&#8221;true&#8221; kd_image_overlay=&#8221;true&#8221; css=&#8221;.vc_custom_1637008524118{padding-top: 325px !important;padding-bottom: 30px !important;background-image: url(http:\/\/www.trustimia.com\/wp-content\/uploads\/2021\/11\/Trustimia-1.jpg?id=8393) !important;background-position: center !important;background-repeat: no-repeat !important;background-size: cover !important;}&#8221;][vc_column css=&#8221;.vc_custom_1516115464846{padding-left: 0px !important;}&#8221;][vc_row_inner][vc_column_inner width=&#8221;2\/3&#8243;][vc_custom_heading text=&#8221;Menestymme yhdess\u00e4&#8221; font_container=&#8221;tag:h6|font_size:16px|text_align:left|color:%23ffffff&#8221; use_theme_fonts=&#8221;yes&#8221; css_animation=&#8221;fadeIn&#8221; css=&#8221;.vc_custom_1636839726894{margin-top: 0px !important;}&#8221;][vc_custom_heading text=&#8221;Ota meihin yhteytt\u00e4&#8221; font_container=&#8221;tag:h2|font_size:40px|text_align:left|color:%23ffffff&#8221; use_theme_fonts=&#8221;yes&#8221; css_animation=&#8221;fadeIn&#8221; css=&#8221;.vc_custom_1636839710800{margin-top: 10px !important;margin-bottom: 30px !important;}&#8221;][\/vc_column_inner][vc_column_inner width=&#8221;1\/3&#8243; css=&#8221;.vc_custom_1556031720200{padding-top: 40px !important;}&#8221; offset=&#8221;vc_hidden-sm vc_hidden-xs&#8221;][\/vc_column_inner][\/vc_row_inner][\/vc_column][\/vc_row][vc_row full_width=&#8221;stretch_row_content_no_spaces&#8221;][vc_column width=&#8221;1\/2&#8243; css=&#8221;.vc_custom_1522244564559{padding-top: 0px !important;}&#8221; offset=&#8221;vc_col-lg-6 vc_col-md-12&#8243;]<script>\r\n\r\n                    function initKdMap_kd69ee7a4e0af51() {\r\n                      var map_kd69ee7a4e0af51;\r\n        \t\t\t\t\t\t\tvar gmap_location_kd69ee7a4e0af51 = new google.maps.LatLng(59.440027, 24.754273);\r\n        \t\t\t\t\t\t\tvar GMAP_MODULE_kd69ee7a4e0af51 = \"customMap\";\r\n      \t\t\t\t\t\t\t\tvar featureOpts = [\r\n      \t\t\t\t\t\t\t\t\t\t\t{\r\n      \t\t\t\t\t\t\t\t\t\t\t  stylers: [\r\n      \t\t\t\t\t\t\t\t\t\t\t\t{ \"visibility\": \"on\" },\r\n      \t\t\t\t\t\t\t\t\t\t\t\t{ \"weight\": 1 },\r\n      \t\t\t\t\t\t\t\t\t\t\t\t{ \"saturation\": -100 },\r\n      \t\t\t\t\t\t\t\t\t\t\t\t{ \"lightness\": 2.2 },\r\n      \t\t\t\t\t\t\t\t\t\t\t\t{ \"gamma\": 2.2 }\r\n      \t\t\t\t\t\t\t\t\t\t\t  ]\r\n      \t\t\t\t\t\t\t\t\t\t\t}, {\r\n                                featureType: \"poi\",\r\n                                stylers: [\r\n                                  { \"visibility\": \"off\" }\r\n                                ]\r\n                              }\r\n      \t\t\t\t\t\t\t\t\t\t];\r\n      \t\t\t\t\t\t\t\tvar mapOptions = {\r\n      \t\t\t\t\t\t\t\t\tzoom: 13,\r\n      \t\t\t\t\t\t\t\t\tcenter: gmap_location_kd69ee7a4e0af51,\r\n                        scrollwheel: false,\r\n      \t\t\t\t\t\t\t\t\tmapTypeControlOptions: {\r\n      \t\t\t\t\t\t\t\t\t\tmapTypeIds: [google.maps.MapTypeId.ROADMAP, GMAP_MODULE_kd69ee7a4e0af51]\r\n      \t\t\t\t\t\t\t\t\t},\r\n      \t\t\t\t\t\t\t\t\tmapTypeId: GMAP_MODULE_kd69ee7a4e0af51\r\n      \t\t\t\t\t\t\t\t};\r\n      \t\t\t\t\t\t\t\tmap_kd69ee7a4e0af51 = new google.maps.Map(document.getElementById(\"kd69ee7a4e0af51\"), mapOptions);\r\n      \t\t\t\t\t\t\t\tmarker_kd69ee7a4e0af51 = new google.maps.Marker({\r\n      \t\t\t\t\t\t\t\t\tmap: map_kd69ee7a4e0af51,\r\n      \t\t\t\t\t\t\t\t\tdraggable: false,\r\n      \t\t\t\t\t\t\t\t\tanimation: google.maps.Animation.DROP,\r\n      \t\t\t\t\t\t\t\t\tposition: gmap_location_kd69ee7a4e0af51,\r\n      \t\t\t\t\t\t\t\t\ticon: \"\/wp-content\/uploads\/2021\/11\/place-1.png\"\r\n      \t\t\t\t\t\t\t\t  });\r\n      \t\t\t\t\t\t\t\tgoogle.maps.event.addListener(marker_kd69ee7a4e0af51, \"click\", function() {\r\n      \t\t\t\t\t\t\t\t\tif (marker_kd69ee7a4e0af51.getAnimation() != null) {\r\n      \t\t\t\t\t\t\t\t\t\tmarker_kd69ee7a4e0af51.setAnimation(null);\r\n      \t\t\t\t\t\t\t\t\t} else {\r\n      \t\t\t\t\t\t\t\t\t\tmarker_kd69ee7a4e0af51.setAnimation(google.maps.Animation.BOUNCE);\r\n      \t\t\t\t\t\t\t\t\t}\r\n      \t\t\t\t\t\t\t\t});\r\n      \t\t\t\t\t\t\t\tvar styledMapOptions = {\r\n      \t\t\t\t\t\t\t\t\tname: \"Trustimia\"\r\n      \t\t\t\t\t\t\t\t};\r\n      \t\t\t\t\t\t\t\tvar customMapType_kd69ee7a4e0af51 = new google.maps.StyledMapType(featureOpts, styledMapOptions);\r\n      \t\t\t\t\t\t\t\tmap_kd69ee7a4e0af51.mapTypes.set(GMAP_MODULE_kd69ee7a4e0af51, customMapType_kd69ee7a4e0af51);\r\n                      }\r\n                      jQuery(window).on(\"load\", function() {\r\n                        initKdMap_kd69ee7a4e0af51();\r\n                      });\r\n      \t\t\t\t\t\t<\/script><div class=\"contact-map-container hidden_info_panel\" style=\"height: 700px;\"><div id=\"kd69ee7a4e0af51\" class=\"kd_map\" style=\"height: 700px;\"><\/div>\r\n\r\n            <\/div>[\/vc_column][vc_column width=&#8221;1\/2&#8243; css=&#8221;.vc_custom_1539086325567{padding-top: 100px !important;}&#8221; offset=&#8221;vc_col-lg-6 vc_col-md-12&#8243;][vc_row_inner css=&#8221;.vc_custom_1636753507511{padding-top: 0px !important;padding-bottom: 0px !important;}&#8221; el_class=&#8221;half-center&#8221;][vc_column_inner]<header class=\"kd-section-title col-lg-12 text-left  kd-animated fadeIn  \" data-animation-delay=200><h2 class=\"separator_off\" >Oletko valmis aloittamaan? L\u00e4het\u00e4 meille viesti!<\/h2><h6 class=\"subtitle \" >Vastaamme kaikkiin tiedusteluihin 24 tunnin sis\u00e4ll\u00e4 arkip\u00e4ivisin.<\/h6><\/header>[vc_column_text css_animation=&#8221;fadeIn&#8221; el_class=&#8221;form-block&#8221;]\n\t\t\t\t\t\t<script>\n\t\t\t\t\t\t\twindow.hsFormsOnReady = window.hsFormsOnReady || [];\n\t\t\t\t\t\t\twindow.hsFormsOnReady.push(()=>{\n\t\t\t\t\t\t\t\thbspt.forms.create({\n\t\t\t\t\t\t\t\t\tportalId: 26259275,\n\t\t\t\t\t\t\t\t\tformId: \"9ed7fa9c-e158-4f97-b334-3356b9a73a14\",\n\t\t\t\t\t\t\t\t\ttarget: \"#hbspt-form-1777236558000-8342380393\",\n\t\t\t\t\t\t\t\t\tregion: \"eu1\",\n\t\t\t\t\t\t\t\t\t\n\t\t\t\t\t\t\t})});\n\t\t\t\t\t\t<\/script>\n\t\t\t\t\t\t<div class=\"hbspt-form\" id=\"hbspt-form-1777236558000-8342380393\"><\/div>[\/vc_column_text][vc_empty_space height=&#8221;15px&#8221;][\/vc_column_inner][\/vc_row_inner][\/vc_column][\/vc_row][vc_row el_class=&#8221;contact-footer&#8221;][vc_column width=&#8221;1\/2&#8243;][vc_column_text]<\/p>\n<h3>Asiakkuudet ja neuvonta<\/h3>\n<p>Palvelemme sinua suomen kielell\u00e4.<br \/>\nChat palvelumme l\u00f6yd\u00e4t sivun vasemmasta alalaidasta.<\/p>\n<p><span class=\"border-left\">Puhelin\u00a0<a href=\"tel:+358417926762\">+358 41 792 6762<\/a><br \/>\n\u200bS\u00e4hk\u00f6posti\u00a0<a href=\"mailto:info@trustimia.eu\" data-auto-recognition=\"true\">info@trustimia.eu<\/a><br \/>\n<\/span>[\/vc_column_text][\/vc_column][vc_column width=&#8221;1\/2&#8243;][vc_column_text]<\/p>\n<h3>Toimisto ja postiosoite<\/h3>\n<p><span class=\"border-left\">Trustimia O\u00fc<br \/>\nRek.nro. 16643444<br \/>\nVat.nro. EE102571123<br \/>\nOsoite <a href=\"https:\/\/www.google.com\/maps?q=mere+pst+8&amp;rlz=1C1ONGR_fiFI1022EE1022&amp;um=1&amp;ie=UTF-8&amp;sa=X&amp;ved=2ahUKEwjMyNKPt4r7AhUPjosKHUaFCLoQ_AUoAXoECAIQAw\">Mere pst 8, 10111 Tallinn, Estonia<\/a><\/span>[\/vc_column_text][\/vc_column][\/vc_row]<\/p>\n<\/div>","protected":false},"excerpt":{"rendered":"<p>[vc_row full_width=&#8221;stretch_row&#8221; kd_image_overlay_color=&#8221;rgba(10,10,10,0.3)&#8221; kd_fixed_background=&#8221;true&#8221; kd_image_overlay=&#8221;true&#8221; css=&#8221;.vc_custom_1637008524118{padding-top: 325px !important;padding-bottom: 30px !important;background-image: url(http:\/\/www.trustimia.com\/wp-content\/uploads\/2021\/11\/Trustimia-1.jpg?id=8393) !important;background-position: center !important;background-repeat: no-repeat !important;background-size: cover !important;}&#8221;][vc_column css=&#8221;.vc_custom_1516115464846{padding-left: 0px [&hellip;]<\/p>\n","protected":false},"author":5,"featured_media":0,"parent":0,"menu_order":0,"comment_status":"closed","ping_status":"closed","template":"","meta":{"content-type":"","inline_featured_image":false,"footnotes":""},"class_list":["post-7994","page","type-page","status-publish","hentry"],"yoast_head":"<!-- This site is optimized with the Yoast SEO Premium plugin v25.9 (Yoast SEO v25.9) - https:\/\/yoast.com\/wordpress\/plugins\/seo\/ -->\n<title>Yrityksen perustaminen Viroon | Ota yhteytt\u00e4 | Trustimia<\/title>\n<meta name=\"description\" content=\"Yrityksen perustaminen Viroon mieless\u00e4? Kirjanpit\u00e4j\u00e4 Virosta? Apua jo huomiseksi - Ota yhteytt\u00e4. Trustimia nykyaikaista taloushallintoa\" \/>\n<meta name=\"robots\" content=\"index, follow, max-snippet:-1, max-image-preview:large, max-video-preview:-1\" \/>\n<link rel=\"canonical\" href=\"https:\/\/www.trustimia.com\/fi\/ota-yhteytta\/\" \/>\n<meta property=\"og:locale\" content=\"fi_FI\" \/>\n<meta property=\"og:type\" content=\"article\" \/>\n<meta property=\"og:title\" content=\"Ota yhteytt\u00e4\" \/>\n<meta property=\"og:description\" content=\"Yrityksen perustaminen Viroon mieless\u00e4? Kirjanpit\u00e4j\u00e4 Virosta? Apua jo huomiseksi - Ota yhteytt\u00e4. Trustimia nykyaikaista taloushallintoa\" \/>\n<meta property=\"og:url\" content=\"https:\/\/www.trustimia.com\/fi\/ota-yhteytta\/\" \/>\n<meta property=\"og:site_name\" content=\"Trustimia\" \/>\n<meta property=\"article:publisher\" content=\"https:\/\/www.facebook.com\/trustimia\" \/>\n<meta property=\"article:modified_time\" content=\"2025-03-25T21:59:48+00:00\" \/>\n<meta property=\"og:image\" content=\"https:\/\/www.trustimia.com\/wp-content\/uploads\/2021\/11\/Trustimia-1.jpg\" \/>\n\t<meta property=\"og:image:width\" content=\"1800\" \/>\n\t<meta property=\"og:image:height\" content=\"1065\" \/>\n\t<meta property=\"og:image:type\" content=\"image\/jpeg\" \/>\n<meta name=\"twitter:card\" content=\"summary_large_image\" \/>\n<meta name=\"twitter:label1\" content=\"Arvioitu lukuaika\" \/>\n\t<meta name=\"twitter:data1\" content=\"1 minuutti\" \/>\n<script type=\"application\/ld+json\" class=\"yoast-schema-graph\">{\"@context\":\"https:\/\/schema.org\",\"@graph\":[{\"@type\":\"WebPage\",\"@id\":\"https:\/\/www.trustimia.com\/fi\/ota-yhteytta\/\",\"url\":\"https:\/\/www.trustimia.com\/fi\/ota-yhteytta\/\",\"name\":\"Yrityksen perustaminen Viroon | Ota yhteytt\u00e4 | Trustimia\",\"isPartOf\":{\"@id\":\"https:\/\/www.trustimia.com\/#website\"},\"datePublished\":\"2021-11-13T11:47:19+00:00\",\"dateModified\":\"2025-03-25T21:59:48+00:00\",\"description\":\"Yrityksen perustaminen Viroon mieless\u00e4? Kirjanpit\u00e4j\u00e4 Virosta? Apua jo huomiseksi - Ota yhteytt\u00e4. Trustimia nykyaikaista taloushallintoa\",\"breadcrumb\":{\"@id\":\"https:\/\/www.trustimia.com\/fi\/ota-yhteytta\/#breadcrumb\"},\"inLanguage\":\"fi\",\"potentialAction\":[{\"@type\":\"ReadAction\",\"target\":[\"https:\/\/www.trustimia.com\/fi\/ota-yhteytta\/\"]}]},{\"@type\":\"BreadcrumbList\",\"@id\":\"https:\/\/www.trustimia.com\/fi\/ota-yhteytta\/#breadcrumb\",\"itemListElement\":[{\"@type\":\"ListItem\",\"position\":1,\"name\":\"Home\",\"item\":\"https:\/\/www.trustimia.com\/yritys-viroon\/\"},{\"@type\":\"ListItem\",\"position\":2,\"name\":\"Ota yhteytt\u00e4\"}]},{\"@type\":\"WebSite\",\"@id\":\"https:\/\/www.trustimia.com\/#website\",\"url\":\"https:\/\/www.trustimia.com\/\",\"name\":\"Trustimia\",\"description\":\"Yritys viroon - Yrityken perustaminen Viroon\",\"publisher\":{\"@id\":\"https:\/\/www.trustimia.com\/#organization\"},\"potentialAction\":[{\"@type\":\"SearchAction\",\"target\":{\"@type\":\"EntryPoint\",\"urlTemplate\":\"https:\/\/www.trustimia.com\/?s={search_term_string}\"},\"query-input\":{\"@type\":\"PropertyValueSpecification\",\"valueRequired\":true,\"valueName\":\"search_term_string\"}}],\"inLanguage\":\"fi\"},{\"@type\":\"Organization\",\"@id\":\"https:\/\/www.trustimia.com\/#organization\",\"name\":\"Trustimia Group\",\"url\":\"https:\/\/www.trustimia.com\/\",\"logo\":{\"@type\":\"ImageObject\",\"inLanguage\":\"fi\",\"@id\":\"https:\/\/www.trustimia.com\/#\/schema\/logo\/image\/\",\"url\":\"http:\/\/www.trustimia.com\/wp-content\/uploads\/2021\/11\/Trustimia-logo.svg\",\"contentUrl\":\"http:\/\/www.trustimia.com\/wp-content\/uploads\/2021\/11\/Trustimia-logo.svg\",\"width\":400,\"height\":91,\"caption\":\"Trustimia Group\"},\"image\":{\"@id\":\"https:\/\/www.trustimia.com\/#\/schema\/logo\/image\/\"},\"sameAs\":[\"https:\/\/www.facebook.com\/trustimia\",\"https:\/\/www.linkedin.com\/company\/trustimia\/\"]}]}<\/script>\n<!-- \/ Yoast SEO Premium plugin. -->","yoast_head_json":{"title":"Yrityksen perustaminen Viroon | Ota yhteytt\u00e4 | Trustimia","description":"Yrityksen perustaminen Viroon mieless\u00e4? Kirjanpit\u00e4j\u00e4 Virosta? Apua jo huomiseksi - Ota yhteytt\u00e4. Trustimia nykyaikaista taloushallintoa","robots":{"index":"index","follow":"follow","max-snippet":"max-snippet:-1","max-image-preview":"max-image-preview:large","max-video-preview":"max-video-preview:-1"},"canonical":"https:\/\/www.trustimia.com\/fi\/ota-yhteytta\/","og_locale":"fi_FI","og_type":"article","og_title":"Ota yhteytt\u00e4","og_description":"Yrityksen perustaminen Viroon mieless\u00e4? Kirjanpit\u00e4j\u00e4 Virosta? Apua jo huomiseksi - Ota yhteytt\u00e4. Trustimia nykyaikaista taloushallintoa","og_url":"https:\/\/www.trustimia.com\/fi\/ota-yhteytta\/","og_site_name":"Trustimia","article_publisher":"https:\/\/www.facebook.com\/trustimia","article_modified_time":"2025-03-25T21:59:48+00:00","og_image":[{"width":1800,"height":1065,"url":"https:\/\/www.trustimia.com\/wp-content\/uploads\/2021\/11\/Trustimia-1.jpg","type":"image\/jpeg"}],"twitter_card":"summary_large_image","twitter_misc":{"Arvioitu lukuaika":"1 minuutti"},"schema":{"@context":"https:\/\/schema.org","@graph":[{"@type":"WebPage","@id":"https:\/\/www.trustimia.com\/fi\/ota-yhteytta\/","url":"https:\/\/www.trustimia.com\/fi\/ota-yhteytta\/","name":"Yrityksen perustaminen Viroon | Ota yhteytt\u00e4 | Trustimia","isPartOf":{"@id":"https:\/\/www.trustimia.com\/#website"},"datePublished":"2021-11-13T11:47:19+00:00","dateModified":"2025-03-25T21:59:48+00:00","description":"Yrityksen perustaminen Viroon mieless\u00e4? Kirjanpit\u00e4j\u00e4 Virosta? Apua jo huomiseksi - Ota yhteytt\u00e4. Trustimia nykyaikaista taloushallintoa","breadcrumb":{"@id":"https:\/\/www.trustimia.com\/fi\/ota-yhteytta\/#breadcrumb"},"inLanguage":"fi","potentialAction":[{"@type":"ReadAction","target":["https:\/\/www.trustimia.com\/fi\/ota-yhteytta\/"]}]},{"@type":"BreadcrumbList","@id":"https:\/\/www.trustimia.com\/fi\/ota-yhteytta\/#breadcrumb","itemListElement":[{"@type":"ListItem","position":1,"name":"Home","item":"https:\/\/www.trustimia.com\/yritys-viroon\/"},{"@type":"ListItem","position":2,"name":"Ota yhteytt\u00e4"}]},{"@type":"WebSite","@id":"https:\/\/www.trustimia.com\/#website","url":"https:\/\/www.trustimia.com\/","name":"Trustimia","description":"Yritys viroon - Yrityken perustaminen Viroon","publisher":{"@id":"https:\/\/www.trustimia.com\/#organization"},"potentialAction":[{"@type":"SearchAction","target":{"@type":"EntryPoint","urlTemplate":"https:\/\/www.trustimia.com\/?s={search_term_string}"},"query-input":{"@type":"PropertyValueSpecification","valueRequired":true,"valueName":"search_term_string"}}],"inLanguage":"fi"},{"@type":"Organization","@id":"https:\/\/www.trustimia.com\/#organization","name":"Trustimia Group","url":"https:\/\/www.trustimia.com\/","logo":{"@type":"ImageObject","inLanguage":"fi","@id":"https:\/\/www.trustimia.com\/#\/schema\/logo\/image\/","url":"http:\/\/www.trustimia.com\/wp-content\/uploads\/2021\/11\/Trustimia-logo.svg","contentUrl":"http:\/\/www.trustimia.com\/wp-content\/uploads\/2021\/11\/Trustimia-logo.svg","width":400,"height":91,"caption":"Trustimia Group"},"image":{"@id":"https:\/\/www.trustimia.com\/#\/schema\/logo\/image\/"},"sameAs":["https:\/\/www.facebook.com\/trustimia","https:\/\/www.linkedin.com\/company\/trustimia\/"]}]}},"_links":{"self":[{"href":"https:\/\/www.trustimia.com\/fi\/wp-json\/wp\/v2\/pages\/7994","targetHints":{"allow":["GET"]}}],"collection":[{"href":"https:\/\/www.trustimia.com\/fi\/wp-json\/wp\/v2\/pages"}],"about":[{"href":"https:\/\/www.trustimia.com\/fi\/wp-json\/wp\/v2\/types\/page"}],"author":[{"embeddable":true,"href":"https:\/\/www.trustimia.com\/fi\/wp-json\/wp\/v2\/users\/5"}],"replies":[{"embeddable":true,"href":"https:\/\/www.trustimia.com\/fi\/wp-json\/wp\/v2\/comments?post=7994"}],"version-history":[{"count":22,"href":"https:\/\/www.trustimia.com\/fi\/wp-json\/wp\/v2\/pages\/7994\/revisions"}],"predecessor-version":[{"id":10058,"href":"https:\/\/www.trustimia.com\/fi\/wp-json\/wp\/v2\/pages\/7994\/revisions\/10058"}],"wp:attachment":[{"href":"https:\/\/www.trustimia.com\/fi\/wp-json\/wp\/v2\/media?parent=7994"}],"curies":[{"name":"wp","href":"https:\/\/api.w.org\/{rel}","templated":true}]}}