{"id":8000,"date":"2021-11-13T13:35:49","date_gmt":"2021-11-13T13:35:49","guid":{"rendered":"http:\/\/www.trustimia.com\/market-information\/"},"modified":"2025-04-15T15:12:56","modified_gmt":"2025-04-15T15:12:56","slug":"yrityksen-perustaminen","status":"publish","type":"page","link":"https:\/\/www.trustimia.com\/fi\/yrityksen-perustaminen\/","title":{"rendered":"Yrityksen perustaminen"},"content":{"rendered":"<div class=\"wpb-content-wrapper\"><p>[vc_row full_width=&#8221;stretch_row&#8221; kd_image_overlay_color=&#8221;rgba(10,10,10,0.3)&#8221; kd_fixed_background=&#8221;true&#8221; kd_image_overlay=&#8221;true&#8221; css=&#8221;.vc_custom_1637008541256{padding-top: 325px !important;padding-bottom: 30px !important;background-image: url(http:\/\/www.trustimia.com\/wp-content\/uploads\/2021\/11\/Trustimia-1.jpg?id=8393) !important;background-position: center !important;background-repeat: no-repeat !important;background-size: cover !important;}&#8221;][vc_column css=&#8221;.vc_custom_1516115464846{padding-left: 0px !important;}&#8221;][vc_row_inner][vc_column_inner width=&#8221;2\/3&#8243;][vc_custom_heading text=&#8221;Yrityksen perustaminen&#8221; font_container=&#8221;tag:h2|font_size:40px|text_align:left|color:%23ffffff&#8221; use_theme_fonts=&#8221;yes&#8221; css_animation=&#8221;fadeIn&#8221; css=&#8221;.vc_custom_1664904888352{margin-top: 10px !important;margin-bottom: 10px !important;}&#8221;][vc_custom_heading text=&#8221;Yrityksen perustaminen, verotus ja yleist\u00e4 tietoa markkinoista.&#8221; font_container=&#8221;tag:p|font_size:16px|text_align:left|color:%23ffffff&#8221; use_theme_fonts=&#8221;yes&#8221; css_animation=&#8221;fadeIn&#8221; css=&#8221;.vc_custom_1664904902223{margin-top: 10px !important;margin-bottom: 30px !important;}&#8221;][\/vc_column_inner][vc_column_inner width=&#8221;1\/3&#8243; css=&#8221;.vc_custom_1556031720200{padding-top: 40px !important;}&#8221; offset=&#8221;vc_hidden-sm vc_hidden-xs&#8221;][\/vc_column_inner][\/vc_row_inner][\/vc_column][\/vc_row][vc_row full_width=&#8221;stretch_row&#8221; css=&#8221;.vc_custom_1556018513487{padding-top: 0px !important;padding-bottom: 0px !important;}&#8221;][vc_column]<div class=\"kd-calltoaction no_icon \" >\n                <div class=\"container\">\n                  <div class=\"cta-text-container \" ><div class=\"cta-text\">\n                        <h3 >Yrityksen perustaminen Suomi<\/h3><p >Maailmanluokan teknologia osaaminen, ammattitaitoinen ty\u00f6voima ja erinomaiset T & K-mahdollisuudet ovat vain muutamia syit\u00e4 aloittaa liiketoiminta Suomessa. Suomi tarjoaa liiketoimintaymp\u00e4rist\u00f6n, jolla on korkea vakaus, jatkuvuus ja ennustettavuus.<\/p><\/div>\n                    <\/div>\n                    <div class=\"cta-btncontainer\"><a href=\"https:\/\/www.trustimia.com\/yrityksen-perustaminen-suomi\/\"  title=\"Read more\" class=\"tt_button tt_primary_button button-action-link btn_primary_color \" >Lue Lis\u00e4\u00e4<\/a><\/div>\n                <\/div>\n            <\/div><div class=\"kd-calltoaction no_icon \" >\n                <div class=\"container\">\n                  <div class=\"cta-text-container \" ><div class=\"cta-text\">\n                        <h3 >Yrityksen perustaminen Viro<\/h3><p >Viro on jatkuvasti maailman johtavia maita osaamisen, digitaalisten valmiuksien ja yritysyst\u00e4v\u00e4llisen toimintaymp\u00e4rist\u00f6n suhteen. T\u00e4m\u00e4 luo kilpailuymp\u00e4rist\u00f6n, joka mahdollistaa ratkaisujen ja palvelujen tutkimisen, kehitt\u00e4misen ja toimittamisen maailmanlaajuisesti.<\/p><\/div>\n                    <\/div>\n                    <div class=\"cta-btncontainer\"><a href=\"https:\/\/www.trustimia.com\/fi\/yrityksen-perustaminen-viroon\/\"  title=\"Read more\" class=\"tt_button tt_primary_button button-action-link btn_primary_color \" >Lue Lis\u00e4\u00e4<\/a><\/div>\n                <\/div>\n            <\/div><div class=\"kd-calltoaction no_icon \" >\n                <div class=\"container\">\n                  <div class=\"cta-text-container \" ><div class=\"cta-text\">\n                        <h3 >Yrityksen perustaminen Latvia<\/h3><p >Latvia on tunnustanut investointien ja uusien yritysten houkuttelemisen t\u00e4rkeyden. Latvia on johdonmukaisesti harjoittanut liberaalia talouspolitiikkaa ja suhtautuu my\u00f6nteisesti investointeihin ja liiketoimintaan, jotka edist\u00e4v\u00e4t vapaiden markkinoiden periaatteita ja etuja.<\/p><\/div>\n                    <\/div>\n                    <div class=\"cta-btncontainer\"><a href=\"https:\/\/www.trustimia.com\/yrityksen-perustaminen-latvia\/\"  title=\"Read more\" class=\"tt_button tt_primary_button button-action-link btn_primary_color \" >Lue Lis\u00e4\u00e4<\/a><\/div>\n                <\/div>\n            <\/div><div class=\"kd-calltoaction no_icon \" >\n                <div class=\"container\">\n                  <div class=\"cta-text-container \" ><div class=\"cta-text\">\n                        <h3 >Yrityksen perustaminen Liettua<\/h3><p >Liettuassa on kaikki mit\u00e4 tarvitset investointeihisi tai liiketoimintaasi: ammattitaitoinen ty\u00f6voima, kilpailukykyinen ja kasvuhakuinen liiketoimintaymp\u00e4rist\u00f6, alhainen kustannustaso, vahvat investoinnit innovaatioihin ja yksi EU: n johtavista infrastruktuureista.<\/p><\/div>\n                    <\/div>\n                    <div class=\"cta-btncontainer\"><a href=\"https:\/\/www.trustimia.com\/yrityksen-perustaminen-liettua\/\"  title=\"Read more\" class=\"tt_button tt_primary_button button-action-link btn_primary_color \" >Lue Lis\u00e4\u00e4<\/a><\/div>\n                <\/div>\n            <\/div>[\/vc_column][\/vc_row]<\/p>\n<\/div>","protected":false},"excerpt":{"rendered":"<p>[vc_row full_width=&#8221;stretch_row&#8221; kd_image_overlay_color=&#8221;rgba(10,10,10,0.3)&#8221; kd_fixed_background=&#8221;true&#8221; kd_image_overlay=&#8221;true&#8221; css=&#8221;.vc_custom_1637008541256{padding-top: 325px !important;padding-bottom: 30px !important;background-image: url(http:\/\/www.trustimia.com\/wp-content\/uploads\/2021\/11\/Trustimia-1.jpg?id=8393) !important;background-position: center !important;background-repeat: no-repeat !important;background-size: cover !important;}&#8221;][vc_column css=&#8221;.vc_custom_1516115464846{padding-left: 0px [&hellip;]<\/p>\n","protected":false},"author":5,"featured_media":0,"parent":0,"menu_order":0,"comment_status":"closed","ping_status":"closed","template":"","meta":{"content-type":"","inline_featured_image":false,"footnotes":""},"class_list":["post-8000","page","type-page","status-publish","hentry"],"yoast_head":"<!-- This site is optimized with the Yoast SEO Premium plugin v25.9 (Yoast SEO v25.9) - https:\/\/yoast.com\/wordpress\/plugins\/seo\/ -->\n<title>Yrityksen perustaminen | Trustimia<\/title>\n<meta name=\"description\" content=\"Kauttamme saat perustettua yhti\u00f6n Viroon, Latviaan, Liettuaan sek\u00e4 Suomeen.\" \/>\n<meta name=\"robots\" content=\"index, follow, max-snippet:-1, max-image-preview:large, max-video-preview:-1\" \/>\n<link rel=\"canonical\" href=\"https:\/\/www.trustimia.com\/yrityksen-perustaminen\/\" \/>\n<meta property=\"og:locale\" content=\"fi_FI\" \/>\n<meta property=\"og:type\" content=\"article\" \/>\n<meta property=\"og:title\" content=\"Yrityksen perustaminen\" \/>\n<meta property=\"og:description\" content=\"Kauttamme saat perustettua yhti\u00f6n Viroon, Latviaan, Liettuaan sek\u00e4 Suomeen.\" \/>\n<meta property=\"og:url\" content=\"https:\/\/www.trustimia.com\/yrityksen-perustaminen\/\" \/>\n<meta property=\"og:site_name\" content=\"Trustimia\" \/>\n<meta property=\"article:publisher\" content=\"https:\/\/www.facebook.com\/trustimia\" \/>\n<meta property=\"article:modified_time\" content=\"2025-04-15T15:12:56+00:00\" \/>\n<meta property=\"og:image\" content=\"https:\/\/www.trustimia.com\/wp-content\/uploads\/2021\/11\/Trustimia-1.jpg\" \/>\n\t<meta property=\"og:image:width\" content=\"1800\" \/>\n\t<meta property=\"og:image:height\" content=\"1065\" \/>\n\t<meta property=\"og:image:type\" content=\"image\/jpeg\" \/>\n<meta name=\"twitter:card\" content=\"summary_large_image\" \/>\n<meta name=\"twitter:label1\" content=\"Arvioitu lukuaika\" \/>\n\t<meta name=\"twitter:data1\" content=\"1 minuutti\" \/>\n<script type=\"application\/ld+json\" class=\"yoast-schema-graph\">{\"@context\":\"https:\/\/schema.org\",\"@graph\":[{\"@type\":\"WebPage\",\"@id\":\"https:\/\/www.trustimia.com\/yrityksen-perustaminen\/\",\"url\":\"https:\/\/www.trustimia.com\/yrityksen-perustaminen\/\",\"name\":\"Yrityksen perustaminen | Trustimia\",\"isPartOf\":{\"@id\":\"https:\/\/www.trustimia.com\/#website\"},\"datePublished\":\"2021-11-13T13:35:49+00:00\",\"dateModified\":\"2025-04-15T15:12:56+00:00\",\"description\":\"Kauttamme saat perustettua yhti\u00f6n Viroon, Latviaan, Liettuaan sek\u00e4 Suomeen.\",\"breadcrumb\":{\"@id\":\"https:\/\/www.trustimia.com\/yrityksen-perustaminen\/#breadcrumb\"},\"inLanguage\":\"fi\",\"potentialAction\":[{\"@type\":\"ReadAction\",\"target\":[\"https:\/\/www.trustimia.com\/yrityksen-perustaminen\/\"]}]},{\"@type\":\"BreadcrumbList\",\"@id\":\"https:\/\/www.trustimia.com\/yrityksen-perustaminen\/#breadcrumb\",\"itemListElement\":[{\"@type\":\"ListItem\",\"position\":1,\"name\":\"Home\",\"item\":\"https:\/\/www.trustimia.com\/yritys-viroon\/\"},{\"@type\":\"ListItem\",\"position\":2,\"name\":\"Yrityksen perustaminen\"}]},{\"@type\":\"WebSite\",\"@id\":\"https:\/\/www.trustimia.com\/#website\",\"url\":\"https:\/\/www.trustimia.com\/\",\"name\":\"Trustimia\",\"description\":\"Yritys viroon - Yrityken perustaminen Viroon\",\"publisher\":{\"@id\":\"https:\/\/www.trustimia.com\/#organization\"},\"potentialAction\":[{\"@type\":\"SearchAction\",\"target\":{\"@type\":\"EntryPoint\",\"urlTemplate\":\"https:\/\/www.trustimia.com\/?s={search_term_string}\"},\"query-input\":{\"@type\":\"PropertyValueSpecification\",\"valueRequired\":true,\"valueName\":\"search_term_string\"}}],\"inLanguage\":\"fi\"},{\"@type\":\"Organization\",\"@id\":\"https:\/\/www.trustimia.com\/#organization\",\"name\":\"Trustimia Group\",\"url\":\"https:\/\/www.trustimia.com\/\",\"logo\":{\"@type\":\"ImageObject\",\"inLanguage\":\"fi\",\"@id\":\"https:\/\/www.trustimia.com\/#\/schema\/logo\/image\/\",\"url\":\"http:\/\/www.trustimia.com\/wp-content\/uploads\/2021\/11\/Trustimia-logo.svg\",\"contentUrl\":\"http:\/\/www.trustimia.com\/wp-content\/uploads\/2021\/11\/Trustimia-logo.svg\",\"width\":400,\"height\":91,\"caption\":\"Trustimia Group\"},\"image\":{\"@id\":\"https:\/\/www.trustimia.com\/#\/schema\/logo\/image\/\"},\"sameAs\":[\"https:\/\/www.facebook.com\/trustimia\",\"https:\/\/www.linkedin.com\/company\/trustimia\/\"]}]}<\/script>\n<!-- \/ Yoast SEO Premium plugin. -->","yoast_head_json":{"title":"Yrityksen perustaminen | Trustimia","description":"Kauttamme saat perustettua yhti\u00f6n Viroon, Latviaan, Liettuaan sek\u00e4 Suomeen.","robots":{"index":"index","follow":"follow","max-snippet":"max-snippet:-1","max-image-preview":"max-image-preview:large","max-video-preview":"max-video-preview:-1"},"canonical":"https:\/\/www.trustimia.com\/yrityksen-perustaminen\/","og_locale":"fi_FI","og_type":"article","og_title":"Yrityksen perustaminen","og_description":"Kauttamme saat perustettua yhti\u00f6n Viroon, Latviaan, Liettuaan sek\u00e4 Suomeen.","og_url":"https:\/\/www.trustimia.com\/yrityksen-perustaminen\/","og_site_name":"Trustimia","article_publisher":"https:\/\/www.facebook.com\/trustimia","article_modified_time":"2025-04-15T15:12:56+00:00","og_image":[{"width":1800,"height":1065,"url":"https:\/\/www.trustimia.com\/wp-content\/uploads\/2021\/11\/Trustimia-1.jpg","type":"image\/jpeg"}],"twitter_card":"summary_large_image","twitter_misc":{"Arvioitu lukuaika":"1 minuutti"},"schema":{"@context":"https:\/\/schema.org","@graph":[{"@type":"WebPage","@id":"https:\/\/www.trustimia.com\/yrityksen-perustaminen\/","url":"https:\/\/www.trustimia.com\/yrityksen-perustaminen\/","name":"Yrityksen perustaminen | Trustimia","isPartOf":{"@id":"https:\/\/www.trustimia.com\/#website"},"datePublished":"2021-11-13T13:35:49+00:00","dateModified":"2025-04-15T15:12:56+00:00","description":"Kauttamme saat perustettua yhti\u00f6n Viroon, Latviaan, Liettuaan sek\u00e4 Suomeen.","breadcrumb":{"@id":"https:\/\/www.trustimia.com\/yrityksen-perustaminen\/#breadcrumb"},"inLanguage":"fi","potentialAction":[{"@type":"ReadAction","target":["https:\/\/www.trustimia.com\/yrityksen-perustaminen\/"]}]},{"@type":"BreadcrumbList","@id":"https:\/\/www.trustimia.com\/yrityksen-perustaminen\/#breadcrumb","itemListElement":[{"@type":"ListItem","position":1,"name":"Home","item":"https:\/\/www.trustimia.com\/yritys-viroon\/"},{"@type":"ListItem","position":2,"name":"Yrityksen perustaminen"}]},{"@type":"WebSite","@id":"https:\/\/www.trustimia.com\/#website","url":"https:\/\/www.trustimia.com\/","name":"Trustimia","description":"Yritys viroon - Yrityken perustaminen Viroon","publisher":{"@id":"https:\/\/www.trustimia.com\/#organization"},"potentialAction":[{"@type":"SearchAction","target":{"@type":"EntryPoint","urlTemplate":"https:\/\/www.trustimia.com\/?s={search_term_string}"},"query-input":{"@type":"PropertyValueSpecification","valueRequired":true,"valueName":"search_term_string"}}],"inLanguage":"fi"},{"@type":"Organization","@id":"https:\/\/www.trustimia.com\/#organization","name":"Trustimia Group","url":"https:\/\/www.trustimia.com\/","logo":{"@type":"ImageObject","inLanguage":"fi","@id":"https:\/\/www.trustimia.com\/#\/schema\/logo\/image\/","url":"http:\/\/www.trustimia.com\/wp-content\/uploads\/2021\/11\/Trustimia-logo.svg","contentUrl":"http:\/\/www.trustimia.com\/wp-content\/uploads\/2021\/11\/Trustimia-logo.svg","width":400,"height":91,"caption":"Trustimia Group"},"image":{"@id":"https:\/\/www.trustimia.com\/#\/schema\/logo\/image\/"},"sameAs":["https:\/\/www.facebook.com\/trustimia","https:\/\/www.linkedin.com\/company\/trustimia\/"]}]}},"_links":{"self":[{"href":"https:\/\/www.trustimia.com\/fi\/wp-json\/wp\/v2\/pages\/8000","targetHints":{"allow":["GET"]}}],"collection":[{"href":"https:\/\/www.trustimia.com\/fi\/wp-json\/wp\/v2\/pages"}],"about":[{"href":"https:\/\/www.trustimia.com\/fi\/wp-json\/wp\/v2\/types\/page"}],"author":[{"embeddable":true,"href":"https:\/\/www.trustimia.com\/fi\/wp-json\/wp\/v2\/users\/5"}],"replies":[{"embeddable":true,"href":"https:\/\/www.trustimia.com\/fi\/wp-json\/wp\/v2\/comments?post=8000"}],"version-history":[{"count":22,"href":"https:\/\/www.trustimia.com\/fi\/wp-json\/wp\/v2\/pages\/8000\/revisions"}],"predecessor-version":[{"id":10388,"href":"https:\/\/www.trustimia.com\/fi\/wp-json\/wp\/v2\/pages\/8000\/revisions\/10388"}],"wp:attachment":[{"href":"https:\/\/www.trustimia.com\/fi\/wp-json\/wp\/v2\/media?parent=8000"}],"curies":[{"name":"wp","href":"https:\/\/api.w.org\/{rel}","templated":true}]}}